{"id":15007,"date":"2024-02-19T15:56:30","date_gmt":"2024-02-19T14:56:30","guid":{"rendered":"https:\/\/bunzyland.com\/product\/rack-hay-rabbit-barrel\/"},"modified":"2025-10-06T16:54:51","modified_gmt":"2025-10-06T14:54:51","slug":"barile-rastrelliera-fieno-per-conigli","status":"publish","type":"product","link":"https:\/\/www.bunzyland.com\/it\/prodotto\/barile-rastrelliera-fieno-per-conigli\/","title":{"rendered":"Barile rastrelliera fieno per conigli"},"content":{"rendered":"<h2>Rastrelliera fieno per conigli: l&#8217;accessorio perfetto per lui<\/h2>\n<p>Questa <strong>mangiatoia per fieno<\/strong> \u00e8 un <strong>accessorio<\/strong> quotidiano indispensabile per il tuo coniglio. Diversamente dagli altri <strong>distributori<\/strong> in plastica o metallo, questo <strong>dispenser di fieno per conigli<\/strong> \u00e8 realizzato in legno, risultando molto pi\u00f9 resistente e duraturo. Questa <strong>mangiatoia per conigli<\/strong> \u00e8 l&#8217;ideale per mantenere il cibo del tuo coniglio pulito e sano. Basta aprire il coperchio, riempirlo con una generosa quantit\u00e0 di fieno e richiuderlo. Il tuo piccolo scoprir\u00e0 presto questo nuovo appetitoso <strong>accessorio<\/strong>.<\/p>\n<h2><img fetchpriority=\"high\" decoding=\"async\" class=\"alignnone wp-image-16005\" src=\"https:\/\/mon-lapinnain.com\/wp-content\/uploads\/2024\/01\/Tonneau-foin-lapin.png\" alt=\"Barile fieno per conigli\" width=\"600\" height=\"600\" \/><\/h2>\n<p>Per aggiungere divertimento e intrattenimento, puoi appendere il <strong>Barile Fieno per Conigli<\/strong> orizzontalmente. Il tuo coniglio si divertir\u00e0 un mondo. Quando il tuo coniglio vorr\u00e0 rosicchiare il fieno, far\u00e0 girare il barile come un <strong>distributore<\/strong>. Un nuovo <strong>gioco per conigli<\/strong> che adorer\u00e0.<\/p>\n<h2><img decoding=\"async\" class=\"alignnone wp-image-15999\" src=\"https:\/\/mon-lapinnain.com\/wp-content\/uploads\/2024\/01\/Tonneau-ratelier-lapin.png\" alt=\"rastrelliera per conigli\" width=\"600\" height=\"600\" \/><\/h2>\n<h3>Perch\u00e9 una rastrelliera per conigli?<\/h3>\n<p>Per avere un coniglio sano, \u00e8 fondamentale che il tuo piccolo amico <strong>mangi fieno ogni giorno<\/strong>. \u00c8 l&#8217;alimento principale della dieta del coniglio e deve essere consumato in grandi quantit\u00e0 ogni giorno. Questo alimento deve essere sempre a disposizione del coniglio, per questo questa <strong>rastrelliera fieno per conigli<\/strong> \u00e8 l&#8217;ideale per lui. Il fieno \u00e8 perfetto per il sistema digestivo del tuo coniglio, cos\u00ec come per il naturale consumo dei suoi denti.<\/p>\n<h2><img decoding=\"async\" class=\"alignnone wp-image-16002\" src=\"https:\/\/mon-lapinnain.com\/wp-content\/uploads\/2024\/01\/Ratelier-en-bois-pour-lapin.png\" alt=\"Rastrelliere in legno per conigli\" width=\"600\" height=\"600\" \/><\/h2>\n<p>Caratteristiche :<\/p>\n<ul>\n<li>Rastrelliera in legno<\/li>\n<li>Dimensioni: H 25cm x 19cm diametro<\/li>\n<\/ul>\n<p>Per garantire il benessere e il comfort del tuo coniglio, scopri la nostra ampia gamma di <a href=\"https:\/\/www.bunzyland.com\/it\/accessori-conigli\/\">accessori per conigli<\/a>, adattati a tutte le sue esigenze.<\/p>\n","protected":false},"excerpt":{"rendered":"<ul>\n<li>Mangiatoia per conigli<\/li>\n<li>Accessori per conigli<\/li>\n<\/ul>\n","protected":false},"featured_media":15008,"comment_status":"closed","ping_status":"closed","template":"","meta":{"_seopress_robots_primary_cat":"none","_seopress_titles_title":"","_seopress_titles_desc":"This rabbit hay rack is the ideal accessory for your rabbit's daily routine. This wooden rabbit barrel is a fun and practical game.","_seopress_robots_index":""},"product_brand":[],"product_cat":[276,294,280],"product_tag":[],"class_list":{"0":"post-15007","1":"product","2":"type-product","3":"status-publish","4":"has-post-thumbnail","6":"product_cat-accessori-conigli","7":"product_cat-bunny-shop","8":"product_cat-mangiatore-fieno-conigli","9":"product_shipping_class-ok-mondial-relais","11":"first","12":"instock","13":"taxable","14":"shipping-taxable","15":"purchasable","16":"product-type-simple"},"_links":{"self":[{"href":"https:\/\/www.bunzyland.com\/it\/wp-json\/wp\/v2\/product\/15007","targetHints":{"allow":["GET"]}}],"collection":[{"href":"https:\/\/www.bunzyland.com\/it\/wp-json\/wp\/v2\/product"}],"about":[{"href":"https:\/\/www.bunzyland.com\/it\/wp-json\/wp\/v2\/types\/product"}],"replies":[{"embeddable":true,"href":"https:\/\/www.bunzyland.com\/it\/wp-json\/wp\/v2\/comments?post=15007"}],"wp:featuredmedia":[{"embeddable":true,"href":"https:\/\/www.bunzyland.com\/it\/wp-json\/wp\/v2\/media\/15008"}],"wp:attachment":[{"href":"https:\/\/www.bunzyland.com\/it\/wp-json\/wp\/v2\/media?parent=15007"}],"wp:term":[{"taxonomy":"product_brand","embeddable":true,"href":"https:\/\/www.bunzyland.com\/it\/wp-json\/wp\/v2\/product_brand?post=15007"},{"taxonomy":"product_cat","embeddable":true,"href":"https:\/\/www.bunzyland.com\/it\/wp-json\/wp\/v2\/product_cat?post=15007"},{"taxonomy":"product_tag","embeddable":true,"href":"https:\/\/www.bunzyland.com\/it\/wp-json\/wp\/v2\/product_tag?post=15007"}],"curies":[{"name":"wp","href":"https:\/\/api.w.org\/{rel}","templated":true}]}}