{"id":15017,"date":"2024-02-19T15:56:29","date_gmt":"2024-02-19T14:56:29","guid":{"rendered":"https:\/\/bunzyland.com\/product\/toy-for-rabbit-stacking-cups\/"},"modified":"2026-03-13T11:22:01","modified_gmt":"2026-03-13T10:22:01","slug":"giocattolo-per-conigli-tazze-impilabili","status":"publish","type":"product","link":"https:\/\/www.bunzyland.com\/it\/prodotto\/giocattolo-per-conigli-tazze-impilabili\/","title":{"rendered":"Giocattolo per conigli Tazze impilabili"},"content":{"rendered":"<p><\/p>\n<h2 class=\"wp-block-heading\"><strong>Giocattolo per conigli Tazze impilabili: divertente e interattivo<\/strong><\/h2>\n<p><\/p>\n<p><\/p>\n<p>Questo <strong>giocattolo per conigli Tazze impilabili<\/strong> \u00e8 un ottimo gioco per tenere il tuo coniglio intrattenuto. I conigli adorano giocare, cercare e annusare oggetti, quindi questo <strong>giocattolo economico per conigli<\/strong> \u00e8 perfetto per loro. \u00c8 importante stimolare i sensi del tuo coniglio per mantenere la sua salute mentale. Giocare permette al tuo animale di sviluppare sia i sensi che l&#8217;intelligenza. Un coniglio sano \u00e8 un coniglio felice!<\/p>\n<p><\/p>\n<p><\/p>\n<figure class=\"wp-block-image\"><img decoding=\"async\" src=\"https:\/\/mon-lapinnain.com\/wp-content\/uploads\/2021\/09\/Jeu-pour-lapin-pot.gif\" alt=\"tazze per conigli\" class=\"wp-image-7622\" \/><\/figure>\n<p><\/p>\n<p><\/p>\n<h2 class=\"wp-block-heading\">Come giocare con il tuo coniglio?<\/h2>\n<p><\/p>\n<p><\/p>\n<p>Giocare con il tuo coniglio \u00e8 facile e divertente con queste <strong>tazze impilabili per conigli<\/strong>. Metti qualche snack nei vasetti, impilali perch\u00e9 il tuo coniglio possa prenderli e giocarci! Il tuo coniglio cercher\u00e0 le leccornie che hai nascosto nel <strong>giocattolo per coniglio<\/strong> e impazzir\u00e0 per questa nuova attivit\u00e0! Puoi anche nascondere una sola leccornia in uno dei vasetti e sistemarli sul pavimento. Il tuo coniglio andr\u00e0 alla ricerca della leccornia nascosta! Vedrai, vince sempre lui!<\/p>\n<p><\/p>\n<p><\/p>\n<figure class=\"wp-block-image is-resized\"><img decoding=\"async\" src=\"https:\/\/mon-lapinnain.com\/wp-content\/uploads\/2024\/02\/stacking-cups-lapin.png\" alt=\"Tazze giocattolo per conigli\" class=\"wp-image-16828\" style=\"width:auto;height:599px\" \/><\/figure>\n<p><\/p>\n<p><\/p>\n<h2 class=\"wp-block-heading\">Un gioco da scavo per conigli<\/h2>\n<p><\/p>\n<p><\/p>\n<p>Il <strong>giocattolo per conigli tazze impilabili<\/strong> \u00e8 un gioco da scavo basato sullo stesso principio del <strong>tappeto da fiuto per conigli<\/strong>. \u00c8 un&#8217;attivit\u00e0 divertente e sportiva per il tuo coniglio, dato che bastano 10 minuti di gioco per mantenerlo in salute.<\/p>\n<p><\/p>\n<p><\/p>\n<figure class=\"wp-block-image\"><img decoding=\"async\" src=\"https:\/\/mon-lapinnain.com\/wp-content\/uploads\/2021\/09\/Jeux-pour-lapin.gif\" alt=\"Gioco per coniglio\" class=\"wp-image-7625\" \/><\/figure>\n<p><\/p>\n<p><\/p>\n<p><strong>Dettagli aggiuntivi:<\/strong><\/p>\n<p><\/p>\n<p><\/p>\n<ul class=\"wp-block-list\"><\/p>\n<li>Set di 8 vasetti di dimensioni diverse<\/li>\n<p><\/p>\n<p><\/p>\n<li>Vasetti color pastello<\/li>\n<p><\/p>\n<p><\/p>\n<li>Plastica<\/li>\n<p><\/ul>\n<p><\/p>\n<p><\/p>\n<p>Per ancora pi\u00f9 divertimento per il tuo amico peloso, scopri la nostra selezione di <a href=\"https:\/\/www.bunzyland.com\/it\/giochi-conigli\/\">giochi per conigli<\/a> appositamente ideati per il suo benessere e divertimento.<\/p>\n<p><\/p>\n","protected":false},"excerpt":{"rendered":"<ul>\n<li>Giocattolo per coniglio<\/li>\n<li>Combatte la noia nei conigli<\/li>\n<li>Sviluppa l&#8217;intelligenza del coniglio<\/li>\n<li>Preserva la salute mentale<\/li>\n<\/ul>\n","protected":false},"featured_media":15018,"comment_status":"closed","ping_status":"closed","template":"","meta":{"_seopress_robots_primary_cat":"none","_seopress_titles_title":"","_seopress_titles_desc":"The toy for rabbit Stacking cups is a playful bunny toy that is perfect for developing the dwarf rabbit's senses and intelligence.","_seopress_robots_index":""},"product_brand":[],"product_cat":[294,267],"product_tag":[],"class_list":{"0":"post-15017","1":"product","2":"type-product","3":"status-publish","4":"has-post-thumbnail","6":"product_cat-bunny-shop","7":"product_cat-giochi-conigli","8":"product_shipping_class-ok-mondial-relais","10":"first","11":"outofstock","12":"sale","13":"taxable","14":"shipping-taxable","15":"purchasable","16":"product-type-simple"},"_links":{"self":[{"href":"https:\/\/www.bunzyland.com\/it\/wp-json\/wp\/v2\/product\/15017","targetHints":{"allow":["GET"]}}],"collection":[{"href":"https:\/\/www.bunzyland.com\/it\/wp-json\/wp\/v2\/product"}],"about":[{"href":"https:\/\/www.bunzyland.com\/it\/wp-json\/wp\/v2\/types\/product"}],"replies":[{"embeddable":true,"href":"https:\/\/www.bunzyland.com\/it\/wp-json\/wp\/v2\/comments?post=15017"}],"wp:featuredmedia":[{"embeddable":true,"href":"https:\/\/www.bunzyland.com\/it\/wp-json\/wp\/v2\/media\/15018"}],"wp:attachment":[{"href":"https:\/\/www.bunzyland.com\/it\/wp-json\/wp\/v2\/media?parent=15017"}],"wp:term":[{"taxonomy":"product_brand","embeddable":true,"href":"https:\/\/www.bunzyland.com\/it\/wp-json\/wp\/v2\/product_brand?post=15017"},{"taxonomy":"product_cat","embeddable":true,"href":"https:\/\/www.bunzyland.com\/it\/wp-json\/wp\/v2\/product_cat?post=15017"},{"taxonomy":"product_tag","embeddable":true,"href":"https:\/\/www.bunzyland.com\/it\/wp-json\/wp\/v2\/product_tag?post=15017"}],"curies":[{"name":"wp","href":"https:\/\/api.w.org\/{rel}","templated":true}]}}