{"id":15027,"date":"2024-02-19T15:56:29","date_gmt":"2024-02-19T14:56:29","guid":{"rendered":"https:\/\/bunzyland.com\/product\/rabbit-hay-feeder-bag\/"},"modified":"2025-10-06T16:54:51","modified_gmt":"2025-10-06T14:54:51","slug":"borsa-porta-fieno-per-conigli","status":"publish","type":"product","link":"https:\/\/www.bunzyland.com\/it\/prodotto\/borsa-porta-fieno-per-conigli\/","title":{"rendered":"Borsa porta-fieno per conigli"},"content":{"rendered":"<h2><b>Borsa porta-fieno per conigli: pratica ed economica<\/b><\/h2>\n<p>Sei stanco che il tuo coniglio o holland lop sprechi il fieno? La <strong>borsa porta-fieno per conigli<\/strong> \u00e8 la soluzione anti-spreco! Riempi il <strong>porta-fieno per conigli<\/strong> fino all&#8217;orlo e il tuo animale potr\u00e0 gustare il fieno da questo nuovo e divertente accessorio. Il contenitore per fieno anti-spreco rende la tua vita molto pi\u00f9 facile! Niente pi\u00f9 fieno ovunque!<\/p>\n<p>\u00c8 una soluzione pi\u00f9 sicura, pulita ed economica per il tuo coniglietto. Lasciare il fieno sul pavimento non \u00e8 consigliato, perch\u00e9 pu\u00f2 sporcarsi con il tuo piccolo animale, il che non \u00e8 molto igienico. Il tuo coniglio ha anche bisogno di avere fieno tutto il giorno, e riempirlo \u00e8 facile con questo modello di borsa.<\/p>\n<p><img fetchpriority=\"high\" decoding=\"async\" class=\"alignnone wp-image-7683\" src=\"https:\/\/mon-lapinnain.com\/wp-content\/uploads\/2021\/09\/Sac-a\u0300-foin-jaune.jpg\" alt=\"Borsa porta-fieno per conigli\" width=\"600\" height=\"600\" \/><\/p>\n<h2><b><span data-sheets-value=\"{&quot;1&quot;:2,&quot;2&quot;:&quot;porta-fieno per conigli&quot;}\" data-sheets-userformat=\"{&quot;2&quot;:25281,&quot;3&quot;:{&quot;1&quot;:0},&quot;9&quot;:1,&quot;10&quot;:1,&quot;12&quot;:0,&quot;16&quot;:11,&quot;17&quot;:1}\">Porta-fieno per conigli<\/span> per l&#8217;addestramento alla lettiera<\/b><\/h2>\n<p>Posiziona la <strong>borsa porta-fieno per conigli<\/strong> nel recinto o direttamente sopra la toilette, poich\u00e9 ai conigli piace mangiare il fieno mentre fanno pip\u00ec e cacca. Ecco un consiglio per addestrare i conigli alla lettiera. Per evitare che il tuo coniglio faccia i bisogni altrove, deve acquisire il riflesso giusto. Il <strong>distributore di fieno<\/strong> aiuter\u00e0 il tuo coniglio a capire che la toilette \u00e8 un ottimo posto dove andare, quindi \u00e8 perfetto a questo scopo.<\/p>\n<h2>Porta-fieno carino<\/h2>\n<p>Il <strong>contenitore di fieno<\/strong> \u00e8 disponibile in 3 colori diversi. Si fissa facilmente alle barre della gabbia o del recinto con 2 ganci in metallo.<\/p>\n<p><b>Dettagli aggiuntivi:<\/b><\/p>\n<ul>\n<li>Cotone<\/li>\n<li>Dimensioni: 33cm lunghezza x 24cm altezza x 5,5cm larghezza \/ 13&#8243; l x 9,4&#8243; h x 2,1&#8243; w<\/li>\n<li>Giallo<\/li>\n<\/ul>\n","protected":false},"excerpt":{"rendered":"<ul>\n<li>Accessorio per conigli<\/li>\n<li>Distributore di fieno per conigli<\/li>\n<li>Addestra il coniglio alla lettiera<\/li>\n<\/ul>\n","protected":false},"featured_media":15028,"comment_status":"closed","ping_status":"closed","template":"","meta":{"_seopress_robots_primary_cat":"none","_seopress_titles_title":"","_seopress_titles_desc":"The Rabbit hay feeder bag is the must-have accessory for rabbit to avoid waste and learn cleanliness. perfect for litter training rabbits.","_seopress_robots_index":""},"product_brand":[],"product_cat":[276,294,280,298],"product_tag":[],"class_list":{"0":"post-15027","1":"product","2":"type-product","3":"status-publish","4":"has-post-thumbnail","6":"product_cat-accessori-conigli","7":"product_cat-bunny-shop","8":"product_cat-mangiatore-fieno-conigli","9":"product_cat-offers","11":"first","12":"instock","13":"sale","14":"taxable","15":"shipping-taxable","16":"purchasable","17":"product-type-simple"},"_links":{"self":[{"href":"https:\/\/www.bunzyland.com\/it\/wp-json\/wp\/v2\/product\/15027","targetHints":{"allow":["GET"]}}],"collection":[{"href":"https:\/\/www.bunzyland.com\/it\/wp-json\/wp\/v2\/product"}],"about":[{"href":"https:\/\/www.bunzyland.com\/it\/wp-json\/wp\/v2\/types\/product"}],"replies":[{"embeddable":true,"href":"https:\/\/www.bunzyland.com\/it\/wp-json\/wp\/v2\/comments?post=15027"}],"wp:featuredmedia":[{"embeddable":true,"href":"https:\/\/www.bunzyland.com\/it\/wp-json\/wp\/v2\/media\/15028"}],"wp:attachment":[{"href":"https:\/\/www.bunzyland.com\/it\/wp-json\/wp\/v2\/media?parent=15027"}],"wp:term":[{"taxonomy":"product_brand","embeddable":true,"href":"https:\/\/www.bunzyland.com\/it\/wp-json\/wp\/v2\/product_brand?post=15027"},{"taxonomy":"product_cat","embeddable":true,"href":"https:\/\/www.bunzyland.com\/it\/wp-json\/wp\/v2\/product_cat?post=15027"},{"taxonomy":"product_tag","embeddable":true,"href":"https:\/\/www.bunzyland.com\/it\/wp-json\/wp\/v2\/product_tag?post=15027"}],"curies":[{"name":"wp","href":"https:\/\/api.w.org\/{rel}","templated":true}]}}