{"id":15047,"date":"2024-02-19T15:56:28","date_gmt":"2024-02-19T14:56:28","guid":{"rendered":"https:\/\/bunzyland.com\/product\/toy-for-rabbit-snuffle-carrot\/"},"modified":"2025-10-16T14:38:34","modified_gmt":"2025-10-16T12:38:34","slug":"giocattolo-per-coniglio-carota-snuffle","status":"publish","type":"product","link":"https:\/\/www.bunzyland.com\/it\/prodotto\/giocattolo-per-coniglio-carota-snuffle\/","title":{"rendered":"Giocattolo per coniglio carota snuffle"},"content":{"rendered":"<h2>Giocattolo per coniglio carota snuffle: divertente e stimolante<\/h2>\n<p>Il <strong>giocattolo per coniglio carota snuffle<\/strong> \u00e8 un fantastico <strong>giocattolo da scavo<\/strong>. Questo <strong>giocattolo interattivo per coniglio<\/strong> stimola i sensi del tuo piccolo mentre lo diverte e sviluppa la sua intelligenza. I conigli adorano cercare e esplorare, soprattutto quando si tratta di trovare una bella ricompensa. Sono dei veri golosi, quindi questo tappetino alimentare \u00e8 anche ideale per far durare di pi\u00f9 il momento del pasto o dei premi.<\/p>\n<p>Nascondi alcuni premi, come piccoli pezzi di frutta o pellet, nelle 4 cavit\u00e0 sotto il <strong>giocattolo carota per coniglio<\/strong>. Posiziona il <strong>giocattolo di arricchimento per coniglio<\/strong> sul pavimento o appoggiato a una parete. Il tuo coniglietto arriver\u00e0 subito a cercare i suoi premi preferiti. Questa attivit\u00e0 divertente aiuter\u00e0 il tuo coniglio ad allenare la mente, la concentrazione e la pazienza. S\u00ec, \u00e8 un ottimo gioco per insegnargli a gestire le sue frustrazioni! Rimarrai sorpreso da quanto \u00e8 intelligente il tuo coniglio e da quanto impara in fretta!<\/p>\n<p><img fetchpriority=\"high\" decoding=\"async\" class=\"alignnone wp-image-8042\" src=\"https:\/\/mon-lapinnain.com\/wp-content\/uploads\/2021\/11\/Tapis-de-fouille-lapin-carotte-1.gif\" alt=\"Giocattolo per coniglio carota snuffle\" width=\"400\" height=\"481\" \/><\/p>\n<h3>Come giocare con il tuo coniglio?<\/h3>\n<p>Questo <strong>giocattolo per coniglio carota snuffle<\/strong> \u00e8 un&#8217;ottima attivit\u00e0 per il tuo coniglio nano ariete. Favorir\u00e0 la fiducia tra te e il tuo animale e svilupper\u00e0 un rapporto positivo. Non esitare a incoraggiare il tuo coniglio a cercare i premi. Un consiglio: non lasciare il tuo coniglio incustodito mentre gioca con questo giocattolo, perch\u00e9 non \u00e8 consigliato che i conigli ingeriscano il tessuto.<\/p>\n<p>Questo divertente <strong>giocattolo interattivo per coniglio<\/strong> \u00e8 facile da portare ovunque perch\u00e9 occupa poco spazio.<\/p>\n<p><img decoding=\"async\" class=\"alignnone wp-image-8292 size-full\" src=\"https:\/\/mon-lapinnain.com\/wp-content\/uploads\/2021\/11\/jeux-pour-lapin-nain.gif\" alt=\"Giocattolo per coniglio carota snuffle\" width=\"240\" height=\"300\" \/><\/p>\n<p><strong>Altri dettagli:<br \/>\n<\/strong>Materiali: Tessuto, cotone<br \/>\nDettaglio: Tappetino da scavo a forma di carota con 4 scomparti per premi<br \/>\nCura: Lavabile in lavatrice a 30\u00b0C.<\/p>\n","protected":false},"excerpt":{"rendered":"<ul>\n<li>Giocattolo per conigli<\/li>\n<li>Giocattolo interattivo divertente<\/li>\n<\/ul>\n","protected":false},"featured_media":15048,"comment_status":"closed","ping_status":"closed","template":"","meta":{"_seopress_robots_primary_cat":"none","_seopress_titles_title":"","_seopress_titles_desc":"Toy for rabbit snuffle carrot is the perfect activity for pet to keep your rabbit entertained for to develop its senses. Best rabbit toy","_seopress_robots_index":""},"product_brand":[],"product_cat":[294,267,274,282,286],"product_tag":[],"class_list":{"0":"post-15047","1":"product","2":"type-product","3":"status-publish","4":"has-post-thumbnail","6":"product_cat-bunny-shop","7":"product_cat-giochi-conigli","8":"product_cat-letto-conigli","9":"product_cat-tappeto-conigli","10":"product_cat-tappeto-foraggio-conigli","12":"first","13":"instock","14":"taxable","15":"shipping-taxable","16":"purchasable","17":"product-type-simple"},"_links":{"self":[{"href":"https:\/\/www.bunzyland.com\/it\/wp-json\/wp\/v2\/product\/15047","targetHints":{"allow":["GET"]}}],"collection":[{"href":"https:\/\/www.bunzyland.com\/it\/wp-json\/wp\/v2\/product"}],"about":[{"href":"https:\/\/www.bunzyland.com\/it\/wp-json\/wp\/v2\/types\/product"}],"replies":[{"embeddable":true,"href":"https:\/\/www.bunzyland.com\/it\/wp-json\/wp\/v2\/comments?post=15047"}],"wp:featuredmedia":[{"embeddable":true,"href":"https:\/\/www.bunzyland.com\/it\/wp-json\/wp\/v2\/media\/15048"}],"wp:attachment":[{"href":"https:\/\/www.bunzyland.com\/it\/wp-json\/wp\/v2\/media?parent=15047"}],"wp:term":[{"taxonomy":"product_brand","embeddable":true,"href":"https:\/\/www.bunzyland.com\/it\/wp-json\/wp\/v2\/product_brand?post=15047"},{"taxonomy":"product_cat","embeddable":true,"href":"https:\/\/www.bunzyland.com\/it\/wp-json\/wp\/v2\/product_cat?post=15047"},{"taxonomy":"product_tag","embeddable":true,"href":"https:\/\/www.bunzyland.com\/it\/wp-json\/wp\/v2\/product_tag?post=15047"}],"curies":[{"name":"wp","href":"https:\/\/api.w.org\/{rel}","templated":true}]}}