{"id":15093,"date":"2024-02-19T15:56:26","date_gmt":"2024-02-19T14:56:26","guid":{"rendered":"https:\/\/bunzyland.com\/product\/natural-rabbit-toy\/"},"modified":"2025-10-06T16:54:53","modified_gmt":"2025-10-06T14:54:53","slug":"giocattolo-naturale-per-coniglio","status":"publish","type":"product","link":"https:\/\/www.bunzyland.com\/it\/prodotto\/giocattolo-naturale-per-coniglio\/","title":{"rendered":"Giocattolo naturale per coniglio"},"content":{"rendered":"<h2>Un giocattolo per coniglio con ramoscelli da rosicchiare<\/h2>\n<p>Il <strong>giocattolo naturale per coniglio<\/strong> \u00e8 un accessorio da rosicchiare realizzato con <strong>rami di melo<\/strong> avvolti in erba intrecciata naturale. Questo <strong>giocattolo per conigli nani<\/strong> \u00e8 il regalo perfetto per il tuo coniglio. Potr\u00e0 giocarci mentre rosicchia. Questo snack per coniglio \u00e8 fatto di legno infilato con erba naturale. Sicuramente soddisfer\u00e0 le voglie di rosicchiare del tuo piccolo compagno, evitando che mastichi oggetti dannosi come la plastica. Come puoi vedere, i conigli adorano rosicchiare, ed \u00e8 uno dei loro passatempi preferiti&#8230; quindi \u00e8 una buona idea regalare al tuo animale un <strong>oggetto per coniglio<\/strong> appositamente progettato per questo scopo!<\/p>\n<h3>Ramoscelli e corda: SLURP<\/h3>\n<p>Il <strong>giocattolo naturale per coniglio<\/strong> con ramoscelli fissati da una corda naturale rappresenta tutto ci\u00f2 che i conigli amano, tutto in un unico oggetto. Infatti, \u00e8 uno dei <strong>giocattoli preferiti dai conigli<\/strong>, poich\u00e9 permette loro di giocare e divertirsi, mentre rosicchiano materiali che amano. Alcuni giochi per conigli sono fatti interamente di corda, altri interamente di legno, ma questo <strong>giocattolo da rosicchiare per conigli<\/strong> combina entrambi i materiali, per la gioia della tua piccola palla di pelo. Inoltre, rosicchiare questo giocattolo aiuta il coniglio a mantenere una buona igiene dentale.<\/p>\n<p>Tieni presente, per\u00f2, che questo <strong>giocattolo naturale per coniglio<\/strong> non sostituisce in alcun modo il cibo principale del coniglio, cio\u00e8 il fieno, ma \u00e8 pi\u00f9 un trattamento occasionale.<\/p>\n<p><strong>Caratteristiche:<\/strong><\/p>\n<ul>\n<li><strong>Materiali:<\/strong> legno naturale (melo) + erbe naturali intrecciate<\/li>\n<li><strong>Dimensioni:<\/strong> 15cm<\/li>\n<\/ul>\n<p>Per ancora pi\u00f9 divertimento per il tuo amico peloso, scopri la nostra selezione di <a href=\"_wp_link_placeholder\" data-wplink-edit=\"true\">giocattoli per conigli<\/a> appositamente progettati per il suo benessere e divertimento.<\/p>\n","protected":false},"excerpt":{"rendered":"<ul>\n<li>Gioco snack<\/li>\n<li>100% Naturale<\/li>\n<\/ul>\n","protected":false},"featured_media":15094,"comment_status":"closed","ping_status":"closed","template":"","meta":{"_seopress_robots_primary_cat":"none","_seopress_titles_title":"","_seopress_titles_desc":"The natural rabbit toy in the form of tied apple tree branches is one of the healthiest treats for your rabbit.","_seopress_robots_index":""},"product_brand":[],"product_cat":[294,292,267],"product_tag":[],"class_list":{"0":"post-15093","1":"product","2":"type-product","3":"status-publish","4":"has-post-thumbnail","6":"product_cat-bunny-shop","7":"product_cat-giocattolo-da-rosicchiare","8":"product_cat-giochi-conigli","9":"product_shipping_class-ok-mondial-relais","11":"first","12":"outofstock","13":"taxable","14":"shipping-taxable","15":"purchasable","16":"product-type-simple"},"_links":{"self":[{"href":"https:\/\/www.bunzyland.com\/it\/wp-json\/wp\/v2\/product\/15093","targetHints":{"allow":["GET"]}}],"collection":[{"href":"https:\/\/www.bunzyland.com\/it\/wp-json\/wp\/v2\/product"}],"about":[{"href":"https:\/\/www.bunzyland.com\/it\/wp-json\/wp\/v2\/types\/product"}],"replies":[{"embeddable":true,"href":"https:\/\/www.bunzyland.com\/it\/wp-json\/wp\/v2\/comments?post=15093"}],"wp:featuredmedia":[{"embeddable":true,"href":"https:\/\/www.bunzyland.com\/it\/wp-json\/wp\/v2\/media\/15094"}],"wp:attachment":[{"href":"https:\/\/www.bunzyland.com\/it\/wp-json\/wp\/v2\/media?parent=15093"}],"wp:term":[{"taxonomy":"product_brand","embeddable":true,"href":"https:\/\/www.bunzyland.com\/it\/wp-json\/wp\/v2\/product_brand?post=15093"},{"taxonomy":"product_cat","embeddable":true,"href":"https:\/\/www.bunzyland.com\/it\/wp-json\/wp\/v2\/product_cat?post=15093"},{"taxonomy":"product_tag","embeddable":true,"href":"https:\/\/www.bunzyland.com\/it\/wp-json\/wp\/v2\/product_tag?post=15093"}],"curies":[{"name":"wp","href":"https:\/\/api.w.org\/{rel}","templated":true}]}}