{"id":15097,"date":"2024-02-19T15:56:26","date_gmt":"2024-02-19T14:56:26","guid":{"rendered":"https:\/\/bunzyland.com\/product\/fun-toy-for-rabbit\/"},"modified":"2025-10-06T16:54:53","modified_gmt":"2025-10-06T14:54:53","slug":"giocattolo-divertente-per-conigli","status":"publish","type":"product","link":"https:\/\/www.bunzyland.com\/it\/prodotto\/giocattolo-divertente-per-conigli\/","title":{"rendered":"Giocattolo divertente per conigli"},"content":{"rendered":"<h2><b>Giocattolo divertente per conigli&nbsp;: Un divertente <span data-sheets-value=\"{&quot;1&quot;:2,&quot;2&quot;:&quot;digging toys for rabbits&quot;}\" data-sheets-userformat=\"{&quot;2&quot;:8897,&quot;3&quot;:{&quot;1&quot;:0},&quot;9&quot;:1,&quot;10&quot;:1,&quot;12&quot;:0,&quot;16&quot;:11}\">giocattolo da scavo&nbsp;<\/span><\/b><\/h2>\n<p>Il <strong>giocattolo divertente per conigli<\/strong> \u00e8 un <strong>giocattolo da scavo<\/strong> per stimolare il tuo coniglio. Questo <strong>giocattolo di peluche per conigli<\/strong> &egrave; una sorta di puzzle, basato sullo stesso principio del <strong>tappeto da foraggiamento per conigli<\/strong>. Ogni volta che il tuo piccolo giocher\u00e0 con questo <strong>giocattolo per conigli<\/strong>, ci\u00f2 influenzer\u00e0 positivamente il suo sviluppo e lo aiuter\u00e0 a crescere. Questo <strong>giocattolo interattivo per conigli<\/strong>&nbsp;pu\u00f2 essere considerato come un distributore di premi ed \u00e8 una buona tecnica per stimolare il tuo animale domestico.<\/p>\n<p><img fetchpriority=\"high\" decoding=\"async\" class=\"alignnone wp-image-8419\" src=\"https:\/\/mon-lapinnain.com\/wp-content\/uploads\/2022\/04\/tapis-de-fouille-pour-lapin-nain.jpg\" alt=\"tappeto da fiuto per conigli\" width=\"600\" height=\"600\" \/><\/p>\n<p>Questo bellissimo <strong>giocattolo da scavo per conigli<\/strong> terr\u00e0 il tuo piccolo amico occupato per ore dandogli allo stesso tempo esercizio mentale. \u00c8 anche un peluche che rassicurer\u00e0 il tuo animale domestico, che amer\u00e0 dormire accanto a lui.<\/p>\n<h3>Un giocattolo nello stesso spirito del tappetino da foraggiamento<\/h3>\n<p>Questo <strong>giocattolo per conigli<\/strong> \u00e8 ludico e divertente. Per rendere il <strong>giocattolo da scavo per conigli<\/strong> divertente, basta mettere i premi preferiti del tuo coniglio al centro di questa fisarmonica. Il tuo coniglietto dovr\u00e0 usare l&#8217;intelligenza per recuperare i premi nascosti nel <strong>giocattolo per coniglietti<\/strong>.<br \/>\nIn questo modo, il tuo piccolo amico cercher\u00e0 i suoi premi preferiti, il che stimoler\u00e0 la sua mente e i suoi sensi. Inoltre, gli permette di fare sforzi fisici che aiutano il tuo coniglio a mantenersi in forma. Questo <strong>giocattolo per conigli<\/strong> \u00e8 ideale per lo sviluppo fisico e mentale del tuo piccolo amico.<\/p>\n<p><b>Altri dettagli:<\/b><\/p>\n<ul>\n<li style=\"font-weight: 400\">3 stili diversi: coniglio, koala, ippopotamo<\/li>\n<li style=\"font-weight: 400\">Materiali: Tessuto<\/li>\n<li style=\"font-weight: 400\">Dimensioni: 30 x 20cm (11,8 x 7,9 in)<\/li>\n<\/ul>\n<p><img decoding=\"async\" class=\"alignnone wp-image-8420\" src=\"https:\/\/mon-lapinnain.com\/wp-content\/uploads\/2022\/04\/tapis-de-fouille-pour-lapin.jpg\" alt=\"giocattoli per conigli\" width=\"600\" height=\"600\" \/><\/p>\n<p>Per ancora pi\u00f9 divertimento per il tuo amico peloso, scopri la nostra selezione di <a href=\"https:\/\/www.bunzyland.com\/it\/giochi-conigli\/\">giocattoli per conigli<\/a> appositamente progettati per il suo benessere e divertimento.<\/p>\n","protected":false},"excerpt":{"rendered":"<ul>\n<li>Stesso principio del tappetino da foraggiamento per conigli<\/li>\n<li>Ludico e divertente<\/li>\n<\/ul>\n","protected":false},"featured_media":15098,"comment_status":"closed","ping_status":"closed","template":"","meta":{"_seopress_robots_primary_cat":"none","_seopress_titles_title":"","_seopress_titles_desc":"Fun toy for rabbit is based on the same principle as the Rabbit digging Toy. It stimulates your rabbit's senses. It's the best rabbit toy!","_seopress_robots_index":""},"product_brand":[],"product_cat":[294,267],"product_tag":[],"class_list":{"0":"post-15097","1":"product","2":"type-product","3":"status-publish","4":"has-post-thumbnail","6":"product_cat-bunny-shop","7":"product_cat-giochi-conigli","8":"product_shipping_class-ok-mondial-relais","10":"first","11":"instock","12":"taxable","13":"shipping-taxable","14":"purchasable","15":"product-type-variable","16":"has-default-attributes"},"_links":{"self":[{"href":"https:\/\/www.bunzyland.com\/it\/wp-json\/wp\/v2\/product\/15097","targetHints":{"allow":["GET"]}}],"collection":[{"href":"https:\/\/www.bunzyland.com\/it\/wp-json\/wp\/v2\/product"}],"about":[{"href":"https:\/\/www.bunzyland.com\/it\/wp-json\/wp\/v2\/types\/product"}],"replies":[{"embeddable":true,"href":"https:\/\/www.bunzyland.com\/it\/wp-json\/wp\/v2\/comments?post=15097"}],"wp:featuredmedia":[{"embeddable":true,"href":"https:\/\/www.bunzyland.com\/it\/wp-json\/wp\/v2\/media\/15098"}],"wp:attachment":[{"href":"https:\/\/www.bunzyland.com\/it\/wp-json\/wp\/v2\/media?parent=15097"}],"wp:term":[{"taxonomy":"product_brand","embeddable":true,"href":"https:\/\/www.bunzyland.com\/it\/wp-json\/wp\/v2\/product_brand?post=15097"},{"taxonomy":"product_cat","embeddable":true,"href":"https:\/\/www.bunzyland.com\/it\/wp-json\/wp\/v2\/product_cat?post=15097"},{"taxonomy":"product_tag","embeddable":true,"href":"https:\/\/www.bunzyland.com\/it\/wp-json\/wp\/v2\/product_tag?post=15097"}],"curies":[{"name":"wp","href":"https:\/\/api.w.org\/{rel}","templated":true}]}}