{"id":15111,"date":"2024-02-19T15:56:25","date_gmt":"2024-02-19T14:56:25","guid":{"rendered":"https:\/\/bunzyland.com\/product\/rabbit-tunnel-foldable\/"},"modified":"2025-12-13T20:05:52","modified_gmt":"2025-12-13T19:05:52","slug":"tunnel-per-conigli-pieghevole","status":"publish","type":"product","link":"https:\/\/www.bunzyland.com\/it\/prodotto\/tunnel-per-conigli-pieghevole\/","title":{"rendered":"Tunnel per conigli pieghevole"},"content":{"rendered":"<h2>Tunnel per conigli: pieghevole con aperture multiple<\/h2>\n<p>Il <strong>tunnel per conigli pieghevole<\/strong> \u00e8 un accessorio da gioco che ha la forma della lettera &#8220;Y&#8221;. C\u2019\u00e8 un\u2019apertura a ogni estremit\u00e0 oltre a un\u2019apertura che si trova in alto. Il tuo animale adorer\u00e0 sicuramente questo <strong>giocattolo per conigli<\/strong>, perch\u00e9 il suo istinto animale gli suggerir\u00e0 che questo <strong>sistema di tunnel per conigli<\/strong> assomiglia fortemente a una tana. Potr\u00e0 correre all\u2019interno, nascondersi, uscire da una delle aperture&#8230; Proprio come in una tana!<\/p>\n<p><img fetchpriority=\"high\" decoding=\"async\" class=\"alignnone wp-image-12968\" src=\"https:\/\/mon-lapinnain.com\/wp-content\/uploads\/2022\/03\/tunnel-pour-lapin-pliable.jpg\" alt=\"tunnel per conigli pieghevole\" width=\"600\" height=\"600\" \/><\/p>\n<p>Questo tipo di <strong>giocattolo per conigli<\/strong> favorisce il benessere del tuo animale. Pi\u00f9 il tuo coniglio ci gioca, pi\u00f9 sar\u00e0 felice e appagato.<\/p>\n<p>Inoltre, poich\u00e9 questo <strong>tunnel per conigli<\/strong> \u00e8 pieghevole, anche quando sei in viaggio puoi portarlo facilmente con te in valigia.<\/p>\n<p><img decoding=\"async\" class=\"alignnone wp-image-12971\" src=\"https:\/\/mon-lapinnain.com\/wp-content\/uploads\/2022\/03\/tunnel-pour-lapin-1.jpg\" alt=\"tunnel per conigli\" width=\"600\" height=\"600\" \/><\/p>\n<h3>Informazioni sui giochi per conigli<\/h3>\n<p>Il <strong>tunnel per conigli pieghevole<\/strong> \u00e8 sicuramente un <strong>giocattolo per conigli<\/strong>&#8230; Ma non solo! Questi tipi di giochi per conigli promuovono lo sviluppo e il benessere del tuo animale. Un <strong>tunnel per coniglietti<\/strong> offre una moltitudine di possibilit\u00e0 di gioco per il tuo fedele compagno. Adorer\u00e0 correrci dentro come un matto.<\/p>\n<p><img decoding=\"async\" class=\"alignnone wp-image-8380\" src=\"https:\/\/mon-lapinnain.com\/wp-content\/uploads\/2022\/02\/jeux-pour-lapin-tunnel-jeu.jpg\" alt=\"giocattolo per conigli tunnel\" width=\"600\" height=\"600\" \/><\/p>\n<p>Con questo accessorio <strong>giocattolo per conigli<\/strong>, il piccolo birichino potr\u00e0 entrare e uscire dalle 4 aperture del tunnel, potr\u00e0 anche rifugiarsi l\u00ec se ha paura. Tutte queste attivit\u00e0 lo faranno muovere e gli permetteranno di mantenersi in forma. Puoi anche partecipare al gioco fingendo di volerlo acchiappare, oppure facendo passare una leccornia che gli piace attraverso questo <strong>tunnel per conigli<\/strong>. Il tuo piccolo coniglietto amer\u00e0 ogni volta il suo nuovo gioco.<\/p>\n<p><b>Altri dettagli:<\/b><\/p>\n<ul>\n<li style=\"font-weight: 400\">Materiali: tessuto impermeabile<\/li>\n<li style=\"font-weight: 400\">Pieghevole e facile da trasportare<\/li>\n<\/ul>\n<p><img loading=\"lazy\" decoding=\"async\" class=\"alignnone wp-image-12965\" src=\"https:\/\/mon-lapinnain.com\/wp-content\/uploads\/2022\/03\/dimension-tunnel.jpg\" alt=\"tunnel per conigli\" width=\"600\" height=\"451\" \/><\/p>\n","protected":false},"excerpt":{"rendered":"<p>Tunnel per conigli: pieghevole con aperture multiple Il tunnel per conigli pieghevole \u00e8 un accessorio da gioco che ha la forma della lettera &#8220;Y&#8221;. C\u2019\u00e8 un\u2019apertura a ogni estremit\u00e0 oltre a un\u2019apertura che si trova in alto. Il tuo animale adorer\u00e0 sicuramente questo giocattolo per conigli, perch\u00e9 il suo istinto animale gli suggerir\u00e0 che questo [&hellip;]<\/p>\n","protected":false},"featured_media":15112,"comment_status":"closed","ping_status":"closed","template":"","meta":{"_seopress_robots_primary_cat":"none","_seopress_titles_title":"","_seopress_titles_desc":"The rabbit tunnel foldable is the best toy for rabbit to help maintain your rabbit's physical health and mental well-being.","_seopress_robots_index":""},"product_brand":[],"product_cat":[294,267,284],"product_tag":[],"class_list":{"0":"post-15111","1":"product","2":"type-product","3":"status-publish","4":"has-post-thumbnail","6":"product_cat-bunny-shop","7":"product_cat-giochi-conigli","8":"product_cat-tunnel-conigli","9":"product_shipping_class-ok-mondial-relais","11":"first","12":"outofstock","13":"taxable","14":"shipping-taxable","15":"purchasable","16":"product-type-simple"},"_links":{"self":[{"href":"https:\/\/www.bunzyland.com\/it\/wp-json\/wp\/v2\/product\/15111","targetHints":{"allow":["GET"]}}],"collection":[{"href":"https:\/\/www.bunzyland.com\/it\/wp-json\/wp\/v2\/product"}],"about":[{"href":"https:\/\/www.bunzyland.com\/it\/wp-json\/wp\/v2\/types\/product"}],"replies":[{"embeddable":true,"href":"https:\/\/www.bunzyland.com\/it\/wp-json\/wp\/v2\/comments?post=15111"}],"wp:featuredmedia":[{"embeddable":true,"href":"https:\/\/www.bunzyland.com\/it\/wp-json\/wp\/v2\/media\/15112"}],"wp:attachment":[{"href":"https:\/\/www.bunzyland.com\/it\/wp-json\/wp\/v2\/media?parent=15111"}],"wp:term":[{"taxonomy":"product_brand","embeddable":true,"href":"https:\/\/www.bunzyland.com\/it\/wp-json\/wp\/v2\/product_brand?post=15111"},{"taxonomy":"product_cat","embeddable":true,"href":"https:\/\/www.bunzyland.com\/it\/wp-json\/wp\/v2\/product_cat?post=15111"},{"taxonomy":"product_tag","embeddable":true,"href":"https:\/\/www.bunzyland.com\/it\/wp-json\/wp\/v2\/product_tag?post=15111"}],"curies":[{"name":"wp","href":"https:\/\/api.w.org\/{rel}","templated":true}]}}