{"id":15137,"date":"2024-02-19T15:56:17","date_gmt":"2024-02-19T14:56:17","guid":{"rendered":"https:\/\/bunzyland.com\/product\/toy-for-rabbit-carrot-tunnel\/"},"modified":"2025-10-06T16:54:55","modified_gmt":"2025-10-06T14:54:55","slug":"giocattolo-per-conigli-tunnel-carota","status":"publish","type":"product","link":"https:\/\/www.bunzyland.com\/it\/prodotto\/giocattolo-per-conigli-tunnel-carota\/","title":{"rendered":"Giocattolo per conigli tunnel carota"},"content":{"rendered":"<h2><b>Giocattolo per coniglio: un divertente tunnel a forma di carota<\/b><\/h2>\n<p>Questo <strong>giocattolo per coniglio tunnel carota<\/strong> \u00e8 uno dei preferiti tra i coniglietti. Con il suo aspetto semplice, puoi essere certo che il tuo animale si divertir\u00e0 a giocarci per ore.<\/p>\n<p>Prima di tutto, dovresti sapere che la forma di questo <strong>giocattolo per coniglio<\/strong> non lascer\u00e0 indifferente il tuo fedele amico&#8230; Infatti, istintivamente gli ricorder\u00e0 l&#8217;ingresso di una tana, e adorer\u00e0 tuffarcisi dentro.<\/p>\n<p><img fetchpriority=\"high\" decoding=\"async\" class=\"alignnone wp-image-8904 size-full\" src=\"https:\/\/mon-lapinnain.com\/wp-content\/uploads\/2022\/07\/Tunnel-carotte-pour-lapin.gif\" alt=\"tunnel carota per conigli\" width=\"400\" height=\"400\" \/><\/p>\n<p>Vedrai il tuo coniglio correre dentro e fuori dal giocattolo. Questo divertente <strong>tunnel per conigli<\/strong> pu\u00f2 essere utilizzato anche come nascondiglio, ideale per riposare. Quindi, se non vedi il tuo coniglietto per ore, probabilmente lo troverai in questo <strong>tunnel per coniglietto. \ud83d\ude0a<\/strong><\/p>\n<p><img decoding=\"async\" class=\"alignnone wp-image-8903\" src=\"https:\/\/mon-lapinnain.com\/wp-content\/uploads\/2022\/07\/Jouet-pour-lapin-tunnel.jpg\" alt=\"tunnel per conigli\" width=\"600\" height=\"600\" \/><\/p>\n<h3>Un sistema <span data-sheets-value=\"{&quot;1&quot;:2,&quot;2&quot;:&quot;sistema di tunnel per conigli&quot;}\" data-sheets-userformat=\"{&quot;2&quot;:8897,&quot;3&quot;:{&quot;1&quot;:0},&quot;9&quot;:1,&quot;10&quot;:1,&quot;12&quot;:0,&quot;16&quot;:11}\">di tunnel per conigli<\/span> ideale<\/h3>\n<p>Questo <strong>giocattolo per conigli<\/strong> \u00e8 realizzato in tessuto canvas di alta qualit\u00e0. \u00c8 anche pieghevole, cos\u00ec puoi spostarlo facilmente se viaggi con il tuo coniglio.<\/p>\n<p>Dispone anche di due piccole linguette che, una volta piegate, permettono di fissarlo in modo che non si apra di nuovo.<\/p>\n<p><img decoding=\"async\" class=\"alignnone wp-image-16467\" src=\"https:\/\/mon-lapinnain.com\/wp-content\/uploads\/2022\/07\/tunnel-lapin-jouet.png\" alt=\"giocattolo tunnel per conigli\" width=\"600\" height=\"600\" \/><\/p>\n<p>Inoltre, date le sue dimensioni, questo <strong>sistema di tunnel per conigli<\/strong> pu\u00f2 essere perfettamente posizionato nel recinto del tuo animale o anche in casa, senza rovinare la decorazione interna \u263a. Inoltre, questi colori sono appositamente scelti per essere attraenti per i coniglietti.<\/p>\n<p><img loading=\"lazy\" decoding=\"async\" class=\"alignnone wp-image-8901\" src=\"https:\/\/mon-lapinnain.com\/wp-content\/uploads\/2022\/07\/jeu-pour-lapin.jpg\" alt=\"tunnel giocattolo per conigli\" width=\"604\" height=\"478\" \/><\/p>\n<p>Cos\u00ec, questo <strong>giocattolo per coniglietto<\/strong> aiuter\u00e0 la tua piccola palla di pelo a divertirsi e a rimanere fisicamente attiva, cosa fortemente consigliata. Inoltre, lo terr\u00e0 occupato e quindi non annoiato. Perfetto per mantenere il suo benessere mentale ogni giorno.<\/p>\n<p><b><br \/>\nUlteriori dettagli:<\/b><\/p>\n<ul>\n<li style=\"font-weight: 400\">Colore: stampa carota<\/li>\n<li style=\"font-weight: 400\">Dimensioni: 22cm x 50cm (8,66 pollici x 19,69 pollici)<\/li>\n<\/ul>\n","protected":false},"excerpt":{"rendered":"<ul>\n<li>Tunnel per conigli<\/li>\n<li>Divertente e giocoso<\/li>\n<\/ul>\n","protected":false},"featured_media":15138,"comment_status":"closed","ping_status":"closed","template":"","meta":{"_seopress_robots_primary_cat":"none","_seopress_titles_title":"","_seopress_titles_desc":"The toy for rabbit carrot tunnel is the ideal gift for your pet. It contributes to his physical and mental well-being.","_seopress_robots_index":""},"product_brand":[],"product_cat":[294,267,284],"product_tag":[],"class_list":{"0":"post-15137","1":"product","2":"type-product","3":"status-publish","4":"has-post-thumbnail","6":"product_cat-bunny-shop","7":"product_cat-giochi-conigli","8":"product_cat-tunnel-conigli","9":"product_shipping_class-ok-mondial-relais","11":"first","12":"outofstock","13":"taxable","14":"shipping-taxable","15":"purchasable","16":"product-type-simple"},"_links":{"self":[{"href":"https:\/\/www.bunzyland.com\/it\/wp-json\/wp\/v2\/product\/15137","targetHints":{"allow":["GET"]}}],"collection":[{"href":"https:\/\/www.bunzyland.com\/it\/wp-json\/wp\/v2\/product"}],"about":[{"href":"https:\/\/www.bunzyland.com\/it\/wp-json\/wp\/v2\/types\/product"}],"replies":[{"embeddable":true,"href":"https:\/\/www.bunzyland.com\/it\/wp-json\/wp\/v2\/comments?post=15137"}],"wp:featuredmedia":[{"embeddable":true,"href":"https:\/\/www.bunzyland.com\/it\/wp-json\/wp\/v2\/media\/15138"}],"wp:attachment":[{"href":"https:\/\/www.bunzyland.com\/it\/wp-json\/wp\/v2\/media?parent=15137"}],"wp:term":[{"taxonomy":"product_brand","embeddable":true,"href":"https:\/\/www.bunzyland.com\/it\/wp-json\/wp\/v2\/product_brand?post=15137"},{"taxonomy":"product_cat","embeddable":true,"href":"https:\/\/www.bunzyland.com\/it\/wp-json\/wp\/v2\/product_cat?post=15137"},{"taxonomy":"product_tag","embeddable":true,"href":"https:\/\/www.bunzyland.com\/it\/wp-json\/wp\/v2\/product_tag?post=15137"}],"curies":[{"name":"wp","href":"https:\/\/api.w.org\/{rel}","templated":true}]}}