{"id":15147,"date":"2024-02-19T15:56:16","date_gmt":"2024-02-19T14:56:16","guid":{"rendered":"https:\/\/bunzyland.com\/product\/rabbit-house-carrot\/"},"modified":"2025-10-06T16:54:56","modified_gmt":"2025-10-06T14:54:56","slug":"casa-per-conigli-a-forma-di-carota","status":"publish","type":"product","link":"https:\/\/www.bunzyland.com\/it\/prodotto\/casa-per-conigli-a-forma-di-carota\/","title":{"rendered":"Casa per conigli a forma di carota"},"content":{"rendered":"<h2><b>Casa per conigli: un rifugio dal design a carota<\/b><\/h2>\n<p>La <strong>casa per conigli a carota<\/strong> \u00e8 una cuccia morbida e imbottita, ideale per creare uno spazio accogliente per il tuo amico dalle orecchie lunghe.<\/p>\n<p>Questa soffice <strong>casa per conigli da interno<\/strong> completamente imbottita sar\u00e0 il <strong>nascondiglio<\/strong> preferito dal tuo coniglio. Potr\u00e0 rifugiarsi all&#8217;interno per stare tranquillo e dormire bene, soprattutto durante le lunghe notti invernali.<\/p>\n<p><img fetchpriority=\"high\" decoding=\"async\" class=\"alignnone wp-image-9024\" src=\"https:\/\/mon-lapinnain.com\/wp-content\/uploads\/2022\/09\/Cabane-pour-lapin-nid.jpg\" alt=\"casa per conigli\" width=\"600\" height=\"600\" \/><\/p>\n<p>La forma di questo <strong>nascondiglio per conigli<\/strong> ricorda istintivamente una tana, fornendo comfort e sicurezza.<\/p>\n<p>Questo comodo <strong>lettino per conigli<\/strong> \u00e8 molto confortevole e pu\u00f2 essere utilizzato come rifugio. Sicuramente contribuir\u00e0 al benessere della tua piccola palla di pelo.<\/p>\n<h2>Lettino per conigli pieghevole<\/h2>\n<p>Oltre alla sua forma tipo tunnel o mini-caverna, questa <strong>casa per conigli da interno<\/strong> pu\u00f2 essere completamente aperta e utilizzata come un <strong>tappetino per conigli<\/strong> ultra-morbido.<\/p>\n<p>Puoi aprirla durante il giorno cos\u00ec che il tuo coniglietto possa stendersi e fare un pisolino, e ripiegarla la notte affinch\u00e9 possa dormirci e rannicchiarsi. I conigli amano particolarmente questo tipo di cuccia poich\u00e9 adorano accoccolarsi per dormire.<\/p>\n<p><img decoding=\"async\" class=\"alignnone wp-image-9025\" src=\"https:\/\/mon-lapinnain.com\/wp-content\/uploads\/2022\/09\/Cabane-pour-lapin-tapis.jpg\" alt=\"tappetino casa per conigli\" width=\"600\" height=\"600\" \/><\/p>\n<p>Inoltre, il design e i colori di questo grazioso <strong>lettino per conigli<\/strong> lo rendono decorativo, sia nel recinto del coniglio che in casa.<\/p>\n<p>Nota: consigliamo il lavaggio a mano e l\u2019asciugatura all\u2019aria. Questo permetter\u00e0 di mantenere a lungo il nido accogliente del tuo animale.<\/p>\n<p><b><br \/>\nMaggiori dettagli:<\/b><\/p>\n<ul>\n<li style=\"font-weight: 400\">Colore disponibile: stampa carota<\/li>\n<li style=\"font-weight: 400\">Dimensione: 37cm x 31cm x 25cm (14.57 in x 12.2 in x 9.84 in)<\/li>\n<\/ul>\n<p>Regala al tuo coniglio una casa accogliente con la nostra ampia selezione di <a href=\"https:\/\/www.bunzyland.com\/it\/casa-conigli\/\">case per conigli<\/a> confortevoli e sicure, per soddisfare tutte le esigenze del tuo piccolo compagno.<\/p>\n","protected":false},"excerpt":{"rendered":"<ul>\n<li>Nascondiglio per conigli<\/li>\n<li>Lettino per conigli<\/li>\n<\/ul>\n","protected":false},"featured_media":15148,"comment_status":"closed","ping_status":"closed","template":"","meta":{"_seopress_robots_primary_cat":"none","_seopress_titles_title":"","_seopress_titles_desc":"The Rabbit house carrot is perfect for providing a cosy and soft place for your rabbit. It is the ideal rabbit hideaway. A bed and a mat.","_seopress_robots_index":""},"product_brand":[],"product_cat":[294,270],"product_tag":[],"class_list":{"0":"post-15147","1":"product","2":"type-product","3":"status-publish","4":"has-post-thumbnail","6":"product_cat-bunny-shop","7":"product_cat-casa-conigli","8":"product_shipping_class-ok-mondial-relais","10":"first","11":"outofstock","12":"sale","13":"taxable","14":"shipping-taxable","15":"purchasable","16":"product-type-simple"},"_links":{"self":[{"href":"https:\/\/www.bunzyland.com\/it\/wp-json\/wp\/v2\/product\/15147","targetHints":{"allow":["GET"]}}],"collection":[{"href":"https:\/\/www.bunzyland.com\/it\/wp-json\/wp\/v2\/product"}],"about":[{"href":"https:\/\/www.bunzyland.com\/it\/wp-json\/wp\/v2\/types\/product"}],"replies":[{"embeddable":true,"href":"https:\/\/www.bunzyland.com\/it\/wp-json\/wp\/v2\/comments?post=15147"}],"wp:featuredmedia":[{"embeddable":true,"href":"https:\/\/www.bunzyland.com\/it\/wp-json\/wp\/v2\/media\/15148"}],"wp:attachment":[{"href":"https:\/\/www.bunzyland.com\/it\/wp-json\/wp\/v2\/media?parent=15147"}],"wp:term":[{"taxonomy":"product_brand","embeddable":true,"href":"https:\/\/www.bunzyland.com\/it\/wp-json\/wp\/v2\/product_brand?post=15147"},{"taxonomy":"product_cat","embeddable":true,"href":"https:\/\/www.bunzyland.com\/it\/wp-json\/wp\/v2\/product_cat?post=15147"},{"taxonomy":"product_tag","embeddable":true,"href":"https:\/\/www.bunzyland.com\/it\/wp-json\/wp\/v2\/product_tag?post=15147"}],"curies":[{"name":"wp","href":"https:\/\/api.w.org\/{rel}","templated":true}]}}