{"id":15157,"date":"2024-02-19T15:56:16","date_gmt":"2024-02-19T14:56:16","guid":{"rendered":"https:\/\/bunzyland.com\/product\/straw-rabbit-hut\/"},"modified":"2025-10-06T16:54:56","modified_gmt":"2025-10-06T14:54:56","slug":"casetta-in-paglia-per-conigli","status":"publish","type":"product","link":"https:\/\/www.bunzyland.com\/it\/prodotto\/casetta-in-paglia-per-conigli\/","title":{"rendered":"Casetta in paglia per conigli"},"content":{"rendered":"<h2><b>Casetta in paglia per conigli: una tana naturale<\/b><\/h2>\n<p>La <strong>casetta in paglia per conigli<\/strong> \u00e8 un piccolo tunnel realizzato al 100% con materiali naturali e sostenibili. \u00c8 un vero e proprio nido accogliente che render\u00e0 felice il tuo coniglietto. Infatti, questo <strong>nascondiglio per conigli<\/strong> \u00e8 perfetto per ottimizzare il benessere mentale del tuo coniglio nano. Gli ricorder\u00e0 istintivamente un vero nido di coniglio. In questo modo, il tuo coniglio potr\u00e0 nascondersi all\u2019interno e sentirsi al sicuro, cos\u00ec potr\u00e0 riposare e dormire per lunghe ore in completa tranquillit\u00e0.<\/p>\n<p><img fetchpriority=\"high\" decoding=\"async\" class=\"alignnone wp-image-16504\" src=\"https:\/\/mon-lapinnain.com\/wp-content\/uploads\/2022\/10\/cabane-en-paille-lapin.png\" alt=\"Casetta in paglia per conigli\" width=\"600\" height=\"600\" \/><\/p>\n<p>Inoltre, i conigli adorano questo tipo di rifugio, perch\u00e9 ricorda loro la forma di una tana, sinonimo di sicurezza e serenit\u00e0. Grazie alla sua forma a tunnel, questo <strong>nido per coniglio<\/strong> offre anche divertimento al tuo animale domestico, che pu\u00f2 entrare e uscire da entrambi i lati giocando.<\/p>\n<p><img decoding=\"async\" class=\"alignnone wp-image-9077\" src=\"https:\/\/mon-lapinnain.com\/wp-content\/uploads\/2022\/09\/maison-en-paille-pour-lapin.jpg\" alt=\"Casa in paglia per conigli\" width=\"600\" height=\"600\" \/><\/p>\n<h3>Un vero nido per conigli<\/h3>\n<p>La <strong>casa in paglia per conigli<\/strong> \u00e8 rivestita con lino naturale. La combinazione di paglia e lino crea una miscela resistente ai possibili morsi e graffi. Infatti, avrai sicuramente notato che il tuo coniglio ama rosicchiare tutto ci\u00f2 che trova sotto la zampa. \ud83d\ude0a Essendo realizzata con materiali naturali e durevoli, questa <strong>casetta per conigli<\/strong> non costituisce un pericolo per la salute del tuo coniglio nano.<\/p>\n<p><img decoding=\"async\" class=\"alignnone wp-image-9079 size-full\" src=\"https:\/\/mon-lapinnain.com\/wp-content\/uploads\/2022\/09\/nid-pour-lapin-nain.gif\" alt=\"Casa in paglia per conigli\" width=\"350\" height=\"421\" \/><\/p>\n<p>E non preoccuparti, rosicchiare \u00e8 un comportamento perfettamente normale per i conigli. In effetti, \u00e8 una delle loro attivit\u00e0 preferite \u263a<\/p>\n<p>Il suo aspetto grezzo e naturale \u00e8 ideale da posizionare nel recinto del tuo animale domestico.<\/p>\n<p><b>Altri dettagli:<\/b><\/p>\n<ul>\n<li style=\"font-weight: 400\">Materiali: Paglia + Lino<\/li>\n<li style=\"font-weight: 400\">Dimensioni: 38 x 19 x 16 CM<\/li>\n<\/ul>\n<p>Dona al tuo coniglio una casa accogliente con la nostra vasta selezione di <a href=\"https:\/\/www.bunzyland.com\/it\/casa-conigli\/\">case per conigli<\/a> comode e sicure per soddisfare tutte le esigenze del tuo piccolo compagno.<\/p>\n","protected":false},"excerpt":{"rendered":"<ul>\n<li>Nido per coniglio<\/li>\n<li>Nascondiglio<\/li>\n<\/ul>\n","protected":false},"featured_media":15158,"comment_status":"closed","ping_status":"closed","template":"","meta":{"_seopress_robots_primary_cat":"none","_seopress_titles_title":"","_seopress_titles_desc":"The straw rabbit hut is perfect for giving your rabbit a place to hide and feel safe. This rabbit house is the ideal nest for dwarf rabbits","_seopress_robots_index":""},"product_brand":[],"product_cat":[294,270,298,284],"product_tag":[],"class_list":{"0":"post-15157","1":"product","2":"type-product","3":"status-publish","4":"has-post-thumbnail","6":"product_cat-bunny-shop","7":"product_cat-casa-conigli","8":"product_cat-offers","9":"product_cat-tunnel-conigli","10":"product_shipping_class-ok-mondial-relais","12":"first","13":"outofstock","14":"sale","15":"taxable","16":"shipping-taxable","17":"purchasable","18":"product-type-simple"},"_links":{"self":[{"href":"https:\/\/www.bunzyland.com\/it\/wp-json\/wp\/v2\/product\/15157","targetHints":{"allow":["GET"]}}],"collection":[{"href":"https:\/\/www.bunzyland.com\/it\/wp-json\/wp\/v2\/product"}],"about":[{"href":"https:\/\/www.bunzyland.com\/it\/wp-json\/wp\/v2\/types\/product"}],"replies":[{"embeddable":true,"href":"https:\/\/www.bunzyland.com\/it\/wp-json\/wp\/v2\/comments?post=15157"}],"wp:featuredmedia":[{"embeddable":true,"href":"https:\/\/www.bunzyland.com\/it\/wp-json\/wp\/v2\/media\/15158"}],"wp:attachment":[{"href":"https:\/\/www.bunzyland.com\/it\/wp-json\/wp\/v2\/media?parent=15157"}],"wp:term":[{"taxonomy":"product_brand","embeddable":true,"href":"https:\/\/www.bunzyland.com\/it\/wp-json\/wp\/v2\/product_brand?post=15157"},{"taxonomy":"product_cat","embeddable":true,"href":"https:\/\/www.bunzyland.com\/it\/wp-json\/wp\/v2\/product_cat?post=15157"},{"taxonomy":"product_tag","embeddable":true,"href":"https:\/\/www.bunzyland.com\/it\/wp-json\/wp\/v2\/product_tag?post=15157"}],"curies":[{"name":"wp","href":"https:\/\/api.w.org\/{rel}","templated":true}]}}