{"id":15167,"date":"2024-02-19T15:56:16","date_gmt":"2024-02-19T14:56:16","guid":{"rendered":"https:\/\/bunzyland.com\/product\/rabbit-brush-with-comb\/"},"modified":"2025-10-06T16:54:55","modified_gmt":"2025-10-06T14:54:55","slug":"spazzola-per-conigli-con-pettine","status":"publish","type":"product","link":"https:\/\/www.bunzyland.com\/it\/prodotto\/spazzola-per-conigli-con-pettine\/","title":{"rendered":"Spazzola per conigli con pettine"},"content":{"rendered":"<h2><b>Spazzola per conigli: un accessorio pratico con pettine<\/b><\/h2>\n<p><strong>Spazzola per conigli con pettine<\/strong> \u00e8 perfetta per la spazzolatura e la cura regolare del tuo coniglio senza fargli male. Questo <strong>accessorio per conigli<\/strong> ti permette di rimuovere i peli morti dal tuo coniglio, districare eventuali nodi e favorire la crescita di nuovi peli.<\/p>\n<p><img fetchpriority=\"high\" decoding=\"async\" class=\"alignnone wp-image-9089\" src=\"https:\/\/mon-lapinnain.com\/wp-content\/uploads\/2022\/07\/brosse-pour-lapin.jpg\" alt=\"spazzola per conigli\" width=\"600\" height=\"402\" \/><\/p>\n<p>Inoltre, e soprattutto durante il periodo della muta, \u00e8 fortemente consigliato <strong>spazzolare il tuo coniglio<\/strong> quotidianamente, perch\u00e9 se i peli vengono ingeriti, possono rallentare o addirittura fermare il transito&#8230; E questo \u00e8 fatale per i conigli!<\/p>\n<p>Quindi, spazzolando regolarmente il tuo coniglio nano con una spazzola adatta, permetterai ai peli di ricrescere in modo sano e preserverai la buona salute del tuo animale domestico. Il suo mantello sar\u00e0 lucido e setoso, in qualsiasi stagione \u263a<\/p>\n<h3>Accessori per la toelettatura del coniglio<\/h3>\n<p>Questa <strong>spazzola per conigli<\/strong> \u00e8 molto pratica per l&#8217;uso quotidiano. Il manico di questo <strong>accessorio per coniglietti<\/strong> \u00e8 facile da impugnare e presenta denti metallici ultra sottili che permettono di raccogliere i peli morti senza ferire il tuo animale domestico.<\/p>\n<p><img decoding=\"async\" class=\"alignnone wp-image-11246\" src=\"https:\/\/mon-lapinnain.com\/wp-content\/uploads\/2022\/07\/brosse-pour-mue-de-lapin.png\" alt=\"spazzola per la muta del coniglio\" width=\"600\" height=\"600\" \/><\/p>\n<p>Facile da pulire grazie al mini <strong>pettine per coniglio<\/strong> in plastica incluso, questa <strong>fornitura per conigli<\/strong> favorisce anche la circolazione sanguigna del tuo coniglio e gli dona una sensazione di benessere immediata.<\/p>\n<p>Spazzolando il tuo coniglio con questa <strong>spazzola con pettine<\/strong>, rafforzi il vostro legame e la fiducia del tuo coniglio nei tuoi confronti.<\/p>\n<p>Nota: Questa spazzola a filo raccoglier\u00e0 i peli morti fino alla radice. \u00c8 molto efficace e non \u00e8 necessario applicare pressione perch\u00e9 funzioni.<\/p>\n<p><b><br \/>\nDettagli aggiuntivi:<\/b><\/p>\n<ul>\n<li style=\"font-weight: 400\">Colore: Rosa<\/li>\n<li style=\"font-weight: 400\">Dimensione: La testa della spazzola \u00e8 di 5,5cm<\/li>\n<\/ul>\n<p>Per assicurare il benessere e il comfort del tuo coniglio, esplora la nostra ampia gamma di <a href=\"https:\/\/www.bunzyland.com\/it\/accessori-conigli\/\">accessori per conigli<\/a>, adatti a tutte le sue esigenze.<\/p>\n","protected":false},"excerpt":{"rendered":"<ul>\n<li>Accessorio per conigli<\/li>\n<li>Perfetto per la muta del coniglio<\/li>\n<\/ul>\n","protected":false},"featured_media":15168,"comment_status":"closed","ping_status":"closed","template":"","meta":{"_seopress_robots_primary_cat":"none","_seopress_titles_title":"","_seopress_titles_desc":"Rabbit brush with comb removes dead hair without hurting your bunny. A perfect rabbit accessory for moulting! Best supply!","_seopress_robots_index":""},"product_brand":[],"product_cat":[276,294,308],"product_tag":[],"class_list":{"0":"post-15167","1":"product","2":"type-product","3":"status-publish","4":"has-post-thumbnail","6":"product_cat-accessori-conigli","7":"product_cat-bunny-shop","8":"product_cat-spazzola-conigli","9":"product_shipping_class-ok-mondial-relais","11":"first","12":"instock","13":"sale","14":"taxable","15":"shipping-taxable","16":"purchasable","17":"product-type-simple"},"_links":{"self":[{"href":"https:\/\/www.bunzyland.com\/it\/wp-json\/wp\/v2\/product\/15167","targetHints":{"allow":["GET"]}}],"collection":[{"href":"https:\/\/www.bunzyland.com\/it\/wp-json\/wp\/v2\/product"}],"about":[{"href":"https:\/\/www.bunzyland.com\/it\/wp-json\/wp\/v2\/types\/product"}],"replies":[{"embeddable":true,"href":"https:\/\/www.bunzyland.com\/it\/wp-json\/wp\/v2\/comments?post=15167"}],"wp:featuredmedia":[{"embeddable":true,"href":"https:\/\/www.bunzyland.com\/it\/wp-json\/wp\/v2\/media\/15168"}],"wp:attachment":[{"href":"https:\/\/www.bunzyland.com\/it\/wp-json\/wp\/v2\/media?parent=15167"}],"wp:term":[{"taxonomy":"product_brand","embeddable":true,"href":"https:\/\/www.bunzyland.com\/it\/wp-json\/wp\/v2\/product_brand?post=15167"},{"taxonomy":"product_cat","embeddable":true,"href":"https:\/\/www.bunzyland.com\/it\/wp-json\/wp\/v2\/product_cat?post=15167"},{"taxonomy":"product_tag","embeddable":true,"href":"https:\/\/www.bunzyland.com\/it\/wp-json\/wp\/v2\/product_tag?post=15167"}],"curies":[{"name":"wp","href":"https:\/\/api.w.org\/{rel}","templated":true}]}}