{"id":15247,"date":"2024-02-19T15:56:07","date_gmt":"2024-02-19T14:56:07","guid":{"rendered":"https:\/\/bunzyland.com\/product\/rabbit-collar-lemon\/"},"modified":"2025-10-06T16:54:58","modified_gmt":"2025-10-06T14:54:58","slug":"collare-per-coniglio-limone","status":"publish","type":"product","link":"https:\/\/www.bunzyland.com\/it\/prodotto\/collare-per-coniglio-limone\/","title":{"rendered":"Collare per coniglio &#8211; Limone"},"content":{"rendered":"<h2>Collare per coniglio: Su misura per il tuo coniglietto<\/h2>\n<p>Il <strong>Collare per coniglio &#8211; Limone<\/strong> \u00e8 un <strong>accessorio per coniglietto<\/strong> che aiuta a prevenire che il tuo coniglio tocchi una ferita o si graffi dopo un intervento chirurgico, come ad esempio la sterilizzazione.<\/p>\n<p>Infatti, questo <strong>accessorio per coniglio<\/strong> crea una barriera che limita l&#8217;accesso del tuo piccolo compagno al resto del corpo.<\/p>\n<p><img fetchpriority=\"high\" decoding=\"async\" class=\"alignnone wp-image-11341\" src=\"https:\/\/mon-lapinnain.com\/wp-content\/uploads\/2023\/04\/collerette-lapin-1.jpg\" alt=\"collare per coniglio\" width=\"600\" height=\"600\" \/><\/p>\n<p>Come avrai intuito, grazie a questo <strong>collare per coniglietto<\/strong>, in caso di infortunio, il tuo amato animale non potr\u00e0 n\u00e9 grattarsi n\u00e9 mordicchiare, tantomeno peggiorare la ferita.<\/p>\n<h3>Un accessorio essenziale per piccoli incidenti<\/h3>\n<p>Questo <strong>Collare per coniglio &#8211; Limone<\/strong> \u00e8 davvero facile da usare! Basta infilarlo attorno al collo del coniglietto e stringere il cordoncino presente. Assicurati che ci sia abbastanza spazio per non strangolarlo, ma anche che non lo perda.<\/p>\n<p>Dal punto di vista estetico, nota che questo <strong>accessorio per coniglio<\/strong> \u00e8 realizzato con un tessuto ultra-morbido che contiene cotone resistente per il massimo comfort.<\/p>\n<p><img decoding=\"async\" class=\"alignnone\" style=\"float: none\" src=\"https:\/\/monlapinnain.hellodr.tech\/wp-content\/uploads\/sites\/532\/2021\/02\/Colerette-veto-pour-lapin-nain-mon-lapin-nain_600x600.jpg?v=1609229922\" alt=\"collare per coniglio\" width=\"600\" height=\"600\" \/><\/p>\n<p>Proposto con una fantasia colorata e vivace con limoni gialli su sfondo blu turchese, questo <strong>collare per coniglio<\/strong> render\u00e0 il tuo coniglietto la star dal veterinario \ud83d\ude42<\/p>\n<p>Infine, nota che questo tipo di <strong>accessorio per coniglietto<\/strong> \u00e8 molto pi\u00f9 confortevole rispetto all&#8217;alternativa dei collari per gatti. Questi ultimi sono infatti a forma di imbuto di plastica, che possono compromettere la vista dell&#8217;animale e renderlo a disagio.<\/p>\n<p><b>Caratteristiche:<\/b><\/p>\n<ul>\n<li>Taglia regolabile: fino a 19 cm (circonferenza del collo del coniglio)<\/li>\n<li>Colore: fantasia limone<\/li>\n<li>Adatto a conigli nani, arieti nani e conigli con una circonferenza del collo fino a 19 cm<\/li>\n<\/ul>\n<p>Per garantire benessere e comfort al tuo coniglio, esplora la nostra ampia gamma di <a href=\"https:\/\/www.bunzyland.com\/it\/accessori-conigli\/\">accessori per coniglio<\/a>, adatti a tutte le sue esigenze.<\/p>\n","protected":false},"excerpt":{"rendered":"<ul>\n<li>Accessorio per coniglio<\/li>\n<li>Ideale dopo la sterilizzazione<\/li>\n<li>Antigraffio<\/li>\n<\/ul>\n","protected":false},"featured_media":15248,"comment_status":"closed","ping_status":"closed","template":"","meta":{"_seopress_robots_primary_cat":"none","_seopress_titles_title":"","_seopress_titles_desc":"The rabbit collar - Lemon is a very important accessory to have so that your bunny does not scratch after an injury or surgery.","_seopress_robots_index":""},"product_brand":[],"product_cat":[276,294],"product_tag":[],"class_list":{"0":"post-15247","1":"product","2":"type-product","3":"status-publish","4":"has-post-thumbnail","6":"product_cat-accessori-conigli","7":"product_cat-bunny-shop","8":"product_shipping_class-ok-mondial-relais","10":"first","11":"outofstock","12":"taxable","13":"shipping-taxable","14":"purchasable","15":"product-type-simple"},"_links":{"self":[{"href":"https:\/\/www.bunzyland.com\/it\/wp-json\/wp\/v2\/product\/15247","targetHints":{"allow":["GET"]}}],"collection":[{"href":"https:\/\/www.bunzyland.com\/it\/wp-json\/wp\/v2\/product"}],"about":[{"href":"https:\/\/www.bunzyland.com\/it\/wp-json\/wp\/v2\/types\/product"}],"replies":[{"embeddable":true,"href":"https:\/\/www.bunzyland.com\/it\/wp-json\/wp\/v2\/comments?post=15247"}],"wp:featuredmedia":[{"embeddable":true,"href":"https:\/\/www.bunzyland.com\/it\/wp-json\/wp\/v2\/media\/15248"}],"wp:attachment":[{"href":"https:\/\/www.bunzyland.com\/it\/wp-json\/wp\/v2\/media?parent=15247"}],"wp:term":[{"taxonomy":"product_brand","embeddable":true,"href":"https:\/\/www.bunzyland.com\/it\/wp-json\/wp\/v2\/product_brand?post=15247"},{"taxonomy":"product_cat","embeddable":true,"href":"https:\/\/www.bunzyland.com\/it\/wp-json\/wp\/v2\/product_cat?post=15247"},{"taxonomy":"product_tag","embeddable":true,"href":"https:\/\/www.bunzyland.com\/it\/wp-json\/wp\/v2\/product_tag?post=15247"}],"curies":[{"name":"wp","href":"https:\/\/api.w.org\/{rel}","templated":true}]}}