{"id":15251,"date":"2024-02-19T15:56:06","date_gmt":"2024-02-19T14:56:06","guid":{"rendered":"https:\/\/bunzyland.com\/product\/carrot-rabbit-bowl\/"},"modified":"2025-10-06T16:54:59","modified_gmt":"2025-10-06T14:54:59","slug":"ciotola-carota-per-conigli","status":"publish","type":"product","link":"https:\/\/www.bunzyland.com\/it\/prodotto\/ciotola-carota-per-conigli\/","title":{"rendered":"Ciotola carota per conigli"},"content":{"rendered":"<h2>Una ciotola per conigli pratica e alla moda a forma di carota<\/h2>\n<p>La<strong> ciotola carota per conigli<\/strong> \u00e8 una <strong>ciotola utile per coniglietti<\/strong> che ti permette di mantenere una dieta sana e pulita per il tuo amico peloso.<\/p>\n<p>Questo <strong>accessorio per conigli<\/strong> \u00e8 pensato per aiutarti a distribuire la giusta quantit\u00e0 di cibo per ogni pasto, aiutando cos\u00ec a prevenire obesit\u00e0 e altri problemi di salute legati a una alimentazione eccessiva.<\/p>\n<p><img fetchpriority=\"high\" decoding=\"async\" class=\"alignnone size-full wp-image-11549\" src=\"https:\/\/mon-lapinnain.com\/wp-content\/uploads\/2023\/04\/mangeoire-pour-lapin-nain_1.gif\" alt=\"\" width=\"288\" height=\"400\" \/><\/p>\n<p>Utilizzare questa <strong>ciotola per il cibo dei conigli<\/strong> pu\u00f2 inoltre aiutare a proteggere il tuo coniglio dalle malattie evitando che mangi direttamente da terra. Con questa <strong>mangiatoia per conigli<\/strong> potrai ridurre gli sprechi di cibo mantenendo il tuo piccolo amico al sicuro da possibili malattie e infezioni.<\/p>\n<h3>La ciotola perfetta per il tuo coniglio ogni giorno<\/h3>\n<p>Questa <strong>ciotola carota per conigli<\/strong> ha la forma di una carota ed \u00e8 disponibile in quattro colori: mattone, rosa, rosa chiaro e verde. La sua dimensione media e il design profondo aggiungono un tocco chic al recinto del tuo coniglio, offrendo loro un punto fisso per il cibo. Ogni volta che sentiranno muovere la loro <strong>ciotola per coniglio<\/strong>, capiranno che \u00e8 ora di mangiare.<\/p>\n<p><img decoding=\"async\" class=\"alignnone wp-image-11542\" src=\"https:\/\/mon-lapinnain.com\/wp-content\/uploads\/2023\/04\/Assiette-legume-pour-lapin.jpg\" alt=\"Ciotola carota per conigli\" width=\"600\" height=\"600\" \/><\/p>\n<p>Realizzata in plastica dura, questa <strong>mangiatoia per coniglietti<\/strong> \u00e8 facile da pulire e non richiede alcuna manutenzione speciale o prodotti detergenti. Questa <strong>mangiatoia per conigli<\/strong> migliorer\u00e0 il comfort del tuo amato coniglio, sia nel recinto che all\u2019esterno, evitando che il cibo si sparga ovunque.<\/p>\n<p><img decoding=\"async\" class=\"alignnone wp-image-11547\" src=\"https:\/\/mon-lapinnain.com\/wp-content\/uploads\/2023\/04\/mangeoires-lapin-ot.jpg\" alt=\"Mangiatoia per conigli Carota\" width=\"600\" height=\"600\" \/><\/p>\n<p><b>Specifiche:<\/b><\/p>\n<ul>\n<li>Materiale: Plastica dura<\/li>\n<li>Dimensioni: 28cm x 17cm<\/li>\n<li>Modello: Carota<\/li>\n<li>Colore: Arancione mattone<\/li>\n<\/ul>\n<p><img loading=\"lazy\" decoding=\"async\" class=\"alignnone wp-image-11544\" src=\"https:\/\/mon-lapinnain.com\/wp-content\/uploads\/2023\/04\/mangeoire-lapin-taille.jpg\" alt=\"Mangiatoia per conigli Carota dimensioni\" width=\"600\" height=\"600\" \/><\/p>\n","protected":false},"excerpt":{"rendered":"<ul>\n<li>Accessori per conigli<\/li>\n<li>Ciotola<\/li>\n<\/ul>\n","protected":false},"featured_media":15252,"comment_status":"closed","ping_status":"closed","template":"","meta":{"_seopress_robots_primary_cat":"none","_seopress_titles_title":"","_seopress_titles_desc":"The carrot rabbit bowl is an ideal accessory for managing the quantities and feeding of your pet. It's the ideal rabbit feeder for your little pet !","_seopress_robots_index":""},"product_brand":[],"product_cat":[276,294,298],"product_tag":[],"class_list":{"0":"post-15251","1":"product","2":"type-product","3":"status-publish","4":"has-post-thumbnail","6":"product_cat-accessori-conigli","7":"product_cat-bunny-shop","8":"product_cat-offers","10":"first","11":"instock","12":"sale","13":"taxable","14":"shipping-taxable","15":"purchasable","16":"product-type-simple"},"_links":{"self":[{"href":"https:\/\/www.bunzyland.com\/it\/wp-json\/wp\/v2\/product\/15251","targetHints":{"allow":["GET"]}}],"collection":[{"href":"https:\/\/www.bunzyland.com\/it\/wp-json\/wp\/v2\/product"}],"about":[{"href":"https:\/\/www.bunzyland.com\/it\/wp-json\/wp\/v2\/types\/product"}],"replies":[{"embeddable":true,"href":"https:\/\/www.bunzyland.com\/it\/wp-json\/wp\/v2\/comments?post=15251"}],"wp:featuredmedia":[{"embeddable":true,"href":"https:\/\/www.bunzyland.com\/it\/wp-json\/wp\/v2\/media\/15252"}],"wp:attachment":[{"href":"https:\/\/www.bunzyland.com\/it\/wp-json\/wp\/v2\/media?parent=15251"}],"wp:term":[{"taxonomy":"product_brand","embeddable":true,"href":"https:\/\/www.bunzyland.com\/it\/wp-json\/wp\/v2\/product_brand?post=15251"},{"taxonomy":"product_cat","embeddable":true,"href":"https:\/\/www.bunzyland.com\/it\/wp-json\/wp\/v2\/product_cat?post=15251"},{"taxonomy":"product_tag","embeddable":true,"href":"https:\/\/www.bunzyland.com\/it\/wp-json\/wp\/v2\/product_tag?post=15251"}],"curies":[{"name":"wp","href":"https:\/\/api.w.org\/{rel}","templated":true}]}}