{"id":15277,"date":"2024-02-19T15:56:02","date_gmt":"2024-02-19T14:56:02","guid":{"rendered":"https:\/\/bunzyland.com\/product\/enriching-rabbit-forage-mat\/"},"modified":"2025-10-06T16:54:59","modified_gmt":"2025-10-06T14:54:59","slug":"tappetino-da-foraggiamento-arricchente-per-conigli","status":"publish","type":"product","link":"https:\/\/www.bunzyland.com\/it\/prodotto\/tappetino-da-foraggiamento-arricchente-per-conigli\/","title":{"rendered":"Tappetino da Foraggiamento Arricchente per Conigli"},"content":{"rendered":"<h2>Tappetino da foraggiamento per conigli: arricchente e giocoso<\/h2>\n<p>Il <strong>tappetino da foraggiamento arricchente per coniglio<\/strong> \u00e8 uno degli accessori indispensabili per trascorrere momenti di gioco con il tuo compagno peloso.<\/p>\n<p>Questo <strong>giocattolo per conigli<\/strong> \u00e8 ideale per stimolare i diversi sensi del tuo coniglietto offrendo loro qualcosa che amano: le leccornie!<\/p>\n<p><img fetchpriority=\"high\" decoding=\"async\" class=\"alignnone wp-image-11831 size-full\" src=\"https:\/\/mon-lapinnain.com\/wp-content\/uploads\/2023\/04\/jeu-pour-lapin-rigolo.gif\" alt=\"giocattolo divertente per coniglio\" width=\"350\" height=\"350\" \/><\/p>\n<p>Per giocare con il tuo coniglio, tutto quello che devi fare \u00e8 posizionare le sue leccornie preferite sotto le piccole aperture dedicate a questo scopo. Il tuo coniglio dovr\u00e0 quindi annusare, graffiare e rosicchiare il suo <strong>tappetino da foraggiamento per coniglio<\/strong> per accedere a ci\u00f2 che desidera.<\/p>\n<p><img decoding=\"async\" class=\"alignnone wp-image-11834\" src=\"https:\/\/mon-lapinnain.com\/wp-content\/uploads\/2023\/04\/jouet-pour-lapin-tapis-de-fouille.jpg\" alt=\"tappetino scavabile per conigli\" width=\"600\" height=\"600\" \/><\/p>\n<p>Ideale per rafforzare i legami di amore e amicizia che hai con il tuo coniglio, questo tipo di giocattolo ti permette di giocare con lui per ore, aiutando a rafforzare la fiducia che ha in te.<\/p>\n<h3>Un adorabile giocattolo per conigli<\/h3>\n<p>Questo <strong>tappetino da foraggiamento arricchente per conigli<\/strong> ha la forma di un quadrato in tessuto antiscivolo, che contiene un cestino con carote cucite in rilievo sulla sua superficie.<\/p>\n<p>\u00c8 proprio a livello del cestino e delle carote che dovresti nascondere le leccornie del tuo coniglietto \ud83d\ude42 Cos\u00ec, anche visivamente, le forme presenti su questo <strong>tappetino olfattivo per conigli<\/strong> saranno familiari per lui.<\/p>\n<p><img decoding=\"async\" class=\"alignnone wp-image-11832\" src=\"https:\/\/mon-lapinnain.com\/wp-content\/uploads\/2023\/04\/jeu-de-fouille-lapin.jpg\" alt=\"gioco di ricerca per conigli\" width=\"600\" height=\"600\" \/><\/p>\n<p>Nota che il fatto che questo tipo di <strong>giocattolo per coniglio<\/strong> sia in tessuto lo rende facile da pulire, sia in lavatrice che a mano. Cos\u00ec il tuo coniglietto avr\u00e0 un&#8217;area gioco pulita su cui non avr\u00e0 difficolt\u00e0 a mangiare.<\/p>\n<p><b>Specifiche:<\/b><\/p>\n<ul>\n<li>Modello: Tappetino da Foraggiamento per Coniglio con Carote e Cestino<\/li>\n<li>Dimensioni: 70 x 70 cm \/ 27,5 x 27,5 in<\/li>\n<\/ul>\n<p>Per stimolare gli istinti naturali del tuo coniglio e invogliarlo a foraggiare ed esplorare, scopri la nostra gamma di <a href=\"https:\/\/www.bunzyland.com\/it\/tappeto-conigli\/\">tappetini da foraggiamento per conigli<\/a>, progettati per offrire ore di divertimento sano.<\/p>\n","protected":false},"excerpt":{"rendered":"<ul>\n<li>Giocattolo per coniglio<\/li>\n<li>Intrattiene il tuo coniglio<\/li>\n<\/ul>\n","protected":false},"featured_media":15278,"comment_status":"closed","ping_status":"closed","template":"","meta":{"_seopress_robots_primary_cat":"none","_seopress_titles_title":"","_seopress_titles_desc":"The enriching rabbit forage mat is the perfect rabbit game to stimulate your pet's senses. Playful and fun, it's perfect!","_seopress_robots_index":""},"product_brand":[],"product_cat":[294,267,282,286],"product_tag":[],"class_list":{"0":"post-15277","1":"product","2":"type-product","3":"status-publish","4":"has-post-thumbnail","6":"product_cat-bunny-shop","7":"product_cat-giochi-conigli","8":"product_cat-tappeto-conigli","9":"product_cat-tappeto-foraggio-conigli","10":"product_shipping_class-ok-mondial-relais","12":"first","13":"outofstock","14":"taxable","15":"shipping-taxable","16":"purchasable","17":"product-type-simple"},"_links":{"self":[{"href":"https:\/\/www.bunzyland.com\/it\/wp-json\/wp\/v2\/product\/15277","targetHints":{"allow":["GET"]}}],"collection":[{"href":"https:\/\/www.bunzyland.com\/it\/wp-json\/wp\/v2\/product"}],"about":[{"href":"https:\/\/www.bunzyland.com\/it\/wp-json\/wp\/v2\/types\/product"}],"replies":[{"embeddable":true,"href":"https:\/\/www.bunzyland.com\/it\/wp-json\/wp\/v2\/comments?post=15277"}],"wp:featuredmedia":[{"embeddable":true,"href":"https:\/\/www.bunzyland.com\/it\/wp-json\/wp\/v2\/media\/15278"}],"wp:attachment":[{"href":"https:\/\/www.bunzyland.com\/it\/wp-json\/wp\/v2\/media?parent=15277"}],"wp:term":[{"taxonomy":"product_brand","embeddable":true,"href":"https:\/\/www.bunzyland.com\/it\/wp-json\/wp\/v2\/product_brand?post=15277"},{"taxonomy":"product_cat","embeddable":true,"href":"https:\/\/www.bunzyland.com\/it\/wp-json\/wp\/v2\/product_cat?post=15277"},{"taxonomy":"product_tag","embeddable":true,"href":"https:\/\/www.bunzyland.com\/it\/wp-json\/wp\/v2\/product_tag?post=15277"}],"curies":[{"name":"wp","href":"https:\/\/api.w.org\/{rel}","templated":true}]}}