{"id":15287,"date":"2024-02-19T15:56:00","date_gmt":"2024-02-19T14:56:00","guid":{"rendered":"https:\/\/bunzyland.com\/product\/rabbit-castle\/"},"modified":"2025-10-06T16:54:59","modified_gmt":"2025-10-06T14:54:59","slug":"castello-per-conigli","status":"publish","type":"product","link":"https:\/\/www.bunzyland.com\/it\/prodotto\/castello-per-conigli\/","title":{"rendered":"Castello per conigli"},"content":{"rendered":"<h2>Castello per conigli: un rifugio maestoso per il tuo animale<\/h2>\n<p>Dona al tuo adorabile coniglio un regno degno della sua maest\u00e0 con il nostro<strong> Castello per Conigli<\/strong>. Questa <strong>casetta in legno<\/strong> \u00e8 progettata per offrire al tuo coniglio uno spazio per riposare ed esplorare. Pi\u00f9 di una semplice <strong>casetta per conigli<\/strong>, questo <strong>castello<\/strong> \u00e8 un vero palazzo reale, offrendo al tuo coniglio un luogo dove poter regnare sovrano.<\/p>\n<p><img fetchpriority=\"high\" decoding=\"async\" class=\"alignnone wp-image-15997\" src=\"https:\/\/mon-lapinnain.com\/wp-content\/uploads\/2024\/01\/Cabane-pour-lapin.png\" alt=\"Casa per conigli\" width=\"600\" height=\"600\" \/><\/p>\n<p>Immaginalo mentre esplora i tanti angoli di questo <strong>castello per conigli<\/strong>, nel ruolo di benevolo sovrano del suo piccolo regno. Ogni dettaglio di questo <strong>rifugio<\/strong> \u00e8 stato pensato per garantire la felicit\u00e0 ed il benessere del tuo animale. I conigli adorano nascondersi all\u2019interno, dove si sentono al sicuro e possono riposare tranquillamente.<\/p>\n<h3>Una casetta divertente per conigli<\/h3>\n<p>Il nostro <strong>Castello per Conigli<\/strong> non \u00e8 solo una <strong>casetta per conigli<\/strong>; \u00e8 un vero e proprio parco giochi che stimola l\u2019immaginazione e l\u2019attivit\u00e0 del tuo compagno. Con la sua rampa d\u2019accesso, invita all\u2019esplorazione e all\u2019avventura, invitando il tuo coniglietto a salire e scoprire il suo ambiente.<\/p>\n<p><img decoding=\"async\" class=\"alignnone wp-image-15996\" src=\"https:\/\/mon-lapinnain.com\/wp-content\/uploads\/2024\/01\/Cabane-pour-lapin-en-bois.png\" alt=\"Castello per conigli in legno\" width=\"600\" height=\"600\" \/><\/p>\n<p>Questo castello \u00e8 anche una <strong>casetta per coniglietti<\/strong> dove pu\u00f2 riposarsi e ricaricarsi in totale tranquillit\u00e0. \u00c8 il luogo ideale per il riposo e il relax, ma anche per l\u2019esplorazione e il divertimento.<\/p>\n<p>La sicurezza \u00e8 fondamentale nella progettazione del nostro <strong>castello per coniglietti<\/strong>. I materiali utilizzati sono atossici e resistenti, garantendo un ambiente sicuro per il tuo animale. Inoltre, la sua struttura solida resiste ai salti e ai giochi pi\u00f9 energici.<\/p>\n<p><img decoding=\"async\" class=\"alignnone wp-image-15995\" src=\"https:\/\/mon-lapinnain.com\/wp-content\/uploads\/2024\/01\/Cabane-lapin.png\" alt=\"castello per conigli\" width=\"600\" height=\"600\" \/><\/p>\n<p><strong>Caratteristiche:<\/strong><\/p>\n<ul>\n<li><strong>Materiali:<\/strong> Legno chiaro<\/li>\n<li><strong>Dimensioni:<\/strong> Perfetto per un coniglio nano o ariete (casetta senza rampa: L 28cm x H 25cm )<\/li>\n<li><strong>Plus:<\/strong> Dotato di cuscino morbido incluso (facile da lavare)<\/li>\n<\/ul>\n","protected":false},"excerpt":{"rendered":"<ul>\n<li>Casetta in legno per conigli<\/li>\n<li>Ideale per sorvegliare il tuo territorio<\/li>\n<li>Il nascondiglio perfetto<\/li>\n<\/ul>\n","protected":false},"featured_media":15288,"comment_status":"closed","ping_status":"closed","template":"","meta":{"_seopress_robots_primary_cat":"none","_seopress_titles_title":"","_seopress_titles_desc":"The Rabbit Castle is the ideal cabin for your rabbit. This wooden rabbit house is the ideal place for a nap and to keep an eye on things.","_seopress_robots_index":""},"product_brand":[],"product_cat":[294,270],"product_tag":[],"class_list":{"0":"post-15287","1":"product","2":"type-product","3":"status-publish","4":"has-post-thumbnail","6":"product_cat-bunny-shop","7":"product_cat-casa-conigli","8":"product_shipping_class-ok-mondial-relais","10":"first","11":"instock","12":"taxable","13":"shipping-taxable","14":"purchasable","15":"product-type-simple"},"_links":{"self":[{"href":"https:\/\/www.bunzyland.com\/it\/wp-json\/wp\/v2\/product\/15287","targetHints":{"allow":["GET"]}}],"collection":[{"href":"https:\/\/www.bunzyland.com\/it\/wp-json\/wp\/v2\/product"}],"about":[{"href":"https:\/\/www.bunzyland.com\/it\/wp-json\/wp\/v2\/types\/product"}],"replies":[{"embeddable":true,"href":"https:\/\/www.bunzyland.com\/it\/wp-json\/wp\/v2\/comments?post=15287"}],"wp:featuredmedia":[{"embeddable":true,"href":"https:\/\/www.bunzyland.com\/it\/wp-json\/wp\/v2\/media\/15288"}],"wp:attachment":[{"href":"https:\/\/www.bunzyland.com\/it\/wp-json\/wp\/v2\/media?parent=15287"}],"wp:term":[{"taxonomy":"product_brand","embeddable":true,"href":"https:\/\/www.bunzyland.com\/it\/wp-json\/wp\/v2\/product_brand?post=15287"},{"taxonomy":"product_cat","embeddable":true,"href":"https:\/\/www.bunzyland.com\/it\/wp-json\/wp\/v2\/product_cat?post=15287"},{"taxonomy":"product_tag","embeddable":true,"href":"https:\/\/www.bunzyland.com\/it\/wp-json\/wp\/v2\/product_tag?post=15287"}],"curies":[{"name":"wp","href":"https:\/\/api.w.org\/{rel}","templated":true}]}}