{"id":15317,"date":"2024-02-19T15:55:59","date_gmt":"2024-02-19T14:55:59","guid":{"rendered":"https:\/\/bunzyland.com\/product\/house-rabbit-carrots\/"},"modified":"2025-10-06T16:55:00","modified_gmt":"2025-10-06T14:55:00","slug":"casa-carote-per-conigli","status":"publish","type":"product","link":"https:\/\/www.bunzyland.com\/it\/prodotto\/casa-carote-per-conigli\/","title":{"rendered":"Casa carote per conigli"},"content":{"rendered":"<h2>Casa per Coniglio a Carota: un rifugio colorato e confortevole<\/h2>\n<p>La nostra <strong>Casa per Coniglio a Carota<\/strong> \u00e8 molto pi\u00f9 di una semplice casetta, \u00e8 un vero paradiso per il tuo coniglio. Questa <strong>casetta per conigli<\/strong>, con il suo design giocoso a forma di carota, \u00e8 il luogo ideale dove il tuo coniglio pu\u00f2 riposare, nascondersi o semplicemente giocare. Il suo interno soffice e confortevole invita il tuo coniglietto ad accoccolarsi per un meritato relax.<\/p>\n<p><img fetchpriority=\"high\" decoding=\"async\" class=\"alignnone wp-image-16022\" src=\"https:\/\/mon-lapinnain.com\/wp-content\/uploads\/2024\/01\/Cabane-lapin-lit.png\" alt=\"Letto casetta per coniglio\" width=\"600\" height=\"600\" \/><\/p>\n<p>Questa <strong>casetta per coniglietti<\/strong> non \u00e8 solo attraente per i suoi colori vivaci e il design unico, ma \u00e8 anche estremamente sicura e confortevole. La struttura della casa \u00e8 pensata per offrire uno spazio protetto dove il tuo coniglio pu\u00f2 rifugiarsi. Che si tratti di un pisolino tranquillo o per sfuggire alla confusione della casa, questo rifugio per conigli \u00e8 il nascondiglio perfetto. Il tuo coniglio adorer\u00e0 nascondersi all&#8217;interno, come se fosse nella sua piccola tana calda!<\/p>\n<h3>La casetta perfetta per lo spazio del tuo coniglio<\/h3>\n<p>Ogni coniglietto merita un angolino tutto suo in casa, e questa <strong>casetta a forma di carota<\/strong> \u00e8 proprio quello di cui ha bisogno. Non solo serve come <strong>nascondiglio per conigli<\/strong>, ma aggiunge anche un tocco di fantasia alla tua casa o al <strong>recinto del tuo coniglio<\/strong>. Facile da spostare e da pulire, questa casetta \u00e8 pratica quanto adorabile.<\/p>\n<p>Inoltre, viene fornita con un morbido cuscino grigio, facilmente rimovibile e lavabile.<\/p>\n<p><strong>Caratteristiche:<\/strong><\/p>\n<ul>\n<li><strong>Materiali:<\/strong> Tessuto morbido<\/li>\n<li><strong>Dimensioni:<\/strong> L 30 x P 25 x A 23 cm<\/li>\n<li><strong>Design<\/strong>: Carote<\/li>\n<li><strong>Contenuto della confezione:<\/strong> Casetta + cuscino grigio<\/li>\n<\/ul>\n","protected":false},"excerpt":{"rendered":"<ul>\n<li>Il nascondiglio perfetto<\/li>\n<li>Con il suo cuscinetto<\/li>\n<li>Ideale per un riposo tranquillo<\/li>\n<\/ul>\n","protected":false},"featured_media":15318,"comment_status":"closed","ping_status":"closed","template":"","meta":{"_seopress_robots_primary_cat":"none","_seopress_titles_title":"","_seopress_titles_desc":"The Carrot Rabbit House is the perfect hut for your bunny. It's the ideal hideaway for your rabbit to rest away from prying eyes.","_seopress_robots_index":""},"product_brand":[],"product_cat":[294,270],"product_tag":[],"class_list":{"0":"post-15317","1":"product","2":"type-product","3":"status-publish","4":"has-post-thumbnail","6":"product_cat-bunny-shop","7":"product_cat-casa-conigli","8":"product_shipping_class-ok-mondial-relais","10":"first","11":"outofstock","12":"taxable","13":"shipping-taxable","14":"purchasable","15":"product-type-simple"},"_links":{"self":[{"href":"https:\/\/www.bunzyland.com\/it\/wp-json\/wp\/v2\/product\/15317","targetHints":{"allow":["GET"]}}],"collection":[{"href":"https:\/\/www.bunzyland.com\/it\/wp-json\/wp\/v2\/product"}],"about":[{"href":"https:\/\/www.bunzyland.com\/it\/wp-json\/wp\/v2\/types\/product"}],"replies":[{"embeddable":true,"href":"https:\/\/www.bunzyland.com\/it\/wp-json\/wp\/v2\/comments?post=15317"}],"wp:featuredmedia":[{"embeddable":true,"href":"https:\/\/www.bunzyland.com\/it\/wp-json\/wp\/v2\/media\/15318"}],"wp:attachment":[{"href":"https:\/\/www.bunzyland.com\/it\/wp-json\/wp\/v2\/media?parent=15317"}],"wp:term":[{"taxonomy":"product_brand","embeddable":true,"href":"https:\/\/www.bunzyland.com\/it\/wp-json\/wp\/v2\/product_brand?post=15317"},{"taxonomy":"product_cat","embeddable":true,"href":"https:\/\/www.bunzyland.com\/it\/wp-json\/wp\/v2\/product_cat?post=15317"},{"taxonomy":"product_tag","embeddable":true,"href":"https:\/\/www.bunzyland.com\/it\/wp-json\/wp\/v2\/product_tag?post=15317"}],"curies":[{"name":"wp","href":"https:\/\/api.w.org\/{rel}","templated":true}]}}