{"id":15325,"date":"2024-02-19T15:55:59","date_gmt":"2024-02-19T14:55:59","guid":{"rendered":"https:\/\/bunzyland.com\/product\/cocooning-rabbit-house\/"},"modified":"2025-10-06T16:55:00","modified_gmt":"2025-10-06T14:55:00","slug":"casetta-cocooning-per-conigli","status":"publish","type":"product","link":"https:\/\/www.bunzyland.com\/it\/prodotto\/casetta-cocooning-per-conigli\/","title":{"rendered":"Casetta cocooning per conigli"},"content":{"rendered":"<h2>Una casetta cocooning per il benessere del tuo coniglio<\/h2>\n<p>Scopri questa chicca, la <strong>casetta cocooning per conigli<\/strong>! \u00c8 la scelta ideale per offrire al tuo coniglio uno spazio personale e confortevole. Con il suo design a righe e il materiale morbido, questa <strong>casetta<\/strong> \u00e8 perfetta per il riposo e il relax del tuo coniglietto. \u00c8 un vero e proprio bozzolo di morbidezza dove il tuo piccolo tesoro potr\u00e0 accoccolarsi, nascondersi e sentirsi al sicuro.<\/p>\n<p>La <strong>casetta per conigli<\/strong> \u00e8 abbastanza spaziosa per consentire al tuo coniglio di stiracchiarsi e rilassarsi, ma compatta abbastanza da adattarsi facilmente al suo spazio vitale. L\u2019ampia apertura permette un facile ingresso e uscita del tuo coniglietto, incoraggiando autonomia ed esplorazione. Il tuo coniglio si sentir\u00e0 al sicuro al suo interno e far\u00e0 i suoi migliori sonnellini dentro \ud83e\udd23<\/p>\n<h3>Una casetta divertente per gli amanti dei coniglietti<\/h3>\n<p>Questa affascinante <strong>casetta cocooning per conigli<\/strong> \u00e8 progettata con una particolare attenzione ai dettagli. Con le sue orecchie da coniglio sulla parte superiore e il suo piccolo pompon bianco, \u00e8 irresistibile per gli amanti dei coniglietti come noi! Puoi facilmente posizionarla nel recinto del tuo coniglio o nel tuo soggiorno.<br \/>\nIl <strong>rifugio per coniglio<\/strong> \u00e8 anche facile da pulire, garantendo una manutenzione rapida e semplice.<\/p>\n<p>La nostra <strong>casetta per conigli<\/strong> \u00e8 la scelta ideale per offrire al tuo animale domestico un confortevole luogo di riposo, aggiungendo allo stesso tempo un tocco di allegria alla tua casa.<\/p>\n<p><strong>Caratteristiche :<\/strong><\/p>\n<p><strong>Materiale<\/strong>: tessuto morbido<br \/>\n<strong>Dimensioni:<\/strong> L 23 x P 32 x H 30 cm<br \/>\n<strong>Design:<\/strong> A righe con orecchie da coniglio<br \/>\n<strong>Il cuscino \u00e8 lavabile in lavatrice<\/strong><\/p>\n","protected":false},"excerpt":{"rendered":"<ul>\n<li>Casetta per coniglio con cuscino comfort<\/li>\n<li>Rifugio accogliente ideale<\/li>\n<li>Design carino<\/li>\n<\/ul>\n","protected":false},"featured_media":15326,"comment_status":"closed","ping_status":"closed","template":"","meta":{"_seopress_robots_primary_cat":"none","_seopress_titles_title":"","_seopress_titles_desc":"La Maison pour lapin cocooning sera le lieu de repos pr\u00e9f\u00e9r\u00e9 de votre lapinou. Cette cabane lapin est id\u00e9al pour des sieste bien m\u00e9rit\u00e9es.","_seopress_robots_index":""},"product_brand":[],"product_cat":[294,270],"product_tag":[],"class_list":{"0":"post-15325","1":"product","2":"type-product","3":"status-publish","4":"has-post-thumbnail","6":"product_cat-bunny-shop","7":"product_cat-casa-conigli","8":"product_shipping_class-ok-mondial-relais","10":"first","11":"instock","12":"taxable","13":"shipping-taxable","14":"purchasable","15":"product-type-simple"},"_links":{"self":[{"href":"https:\/\/www.bunzyland.com\/it\/wp-json\/wp\/v2\/product\/15325","targetHints":{"allow":["GET"]}}],"collection":[{"href":"https:\/\/www.bunzyland.com\/it\/wp-json\/wp\/v2\/product"}],"about":[{"href":"https:\/\/www.bunzyland.com\/it\/wp-json\/wp\/v2\/types\/product"}],"replies":[{"embeddable":true,"href":"https:\/\/www.bunzyland.com\/it\/wp-json\/wp\/v2\/comments?post=15325"}],"wp:featuredmedia":[{"embeddable":true,"href":"https:\/\/www.bunzyland.com\/it\/wp-json\/wp\/v2\/media\/15326"}],"wp:attachment":[{"href":"https:\/\/www.bunzyland.com\/it\/wp-json\/wp\/v2\/media?parent=15325"}],"wp:term":[{"taxonomy":"product_brand","embeddable":true,"href":"https:\/\/www.bunzyland.com\/it\/wp-json\/wp\/v2\/product_brand?post=15325"},{"taxonomy":"product_cat","embeddable":true,"href":"https:\/\/www.bunzyland.com\/it\/wp-json\/wp\/v2\/product_cat?post=15325"},{"taxonomy":"product_tag","embeddable":true,"href":"https:\/\/www.bunzyland.com\/it\/wp-json\/wp\/v2\/product_tag?post=15325"}],"curies":[{"name":"wp","href":"https:\/\/api.w.org\/{rel}","templated":true}]}}