{"id":15331,"date":"2024-02-19T15:55:58","date_gmt":"2024-02-19T14:55:58","guid":{"rendered":"https:\/\/bunzyland.com\/product\/fun-rabbit-ball\/"},"modified":"2025-10-06T16:55:01","modified_gmt":"2025-10-06T14:55:01","slug":"palla-divertente-per-conigli","status":"publish","type":"product","link":"https:\/\/www.bunzyland.com\/it\/prodotto\/palla-divertente-per-conigli\/","title":{"rendered":"Palla divertente per conigli"},"content":{"rendered":"<h2>Il palloncino divertente per conigli<\/h2>\n<p>Il giocoso <strong>Palloncino per Conigli<\/strong> \u00e8 il <strong>giocattolo perfetto<\/strong> per portare un arcobaleno di gioia nella vita del tuo coniglio. Questo <strong>peluche multicolore<\/strong> non \u00e8 solo attraente, ma \u00e8 anche incredibilmente divertente da spingere, masticare e inseguire. Il suo design colorato e la texture morbida sono appositamente pensati per catturare l&#8217;attenzione del tuo coniglio e stimolare la sua voglia di giocare.<\/p>\n<p>Questo <a href=\"https:\/\/www.bunzyland.com\/it\/giochi-conigli\/\"><strong>giocattolo per conigli<\/strong><\/a> \u00e8 l&#8217;accessorio ideale per incoraggiare l&#8217;attivit\u00e0 fisica e mentale del tuo compagno. I conigli sono naturalmente curiosi ed energici, e questa <strong>palla per conigli<\/strong> \u00e8 un ottimo modo per indirizzare la loro energia verso un&#8217;attivit\u00e0 ludica. Aiuta a prevenire la noia e mantiene il tuo coniglio attivo e felice &#8211; cos\u00ec meno marachelle all&#8217;orizzonte!<\/p>\n<h3>Un gioco irresistibile per il coniglio<\/h3>\n<p>Questo <strong>giocattolo per coniglietti<\/strong> non \u00e8 solo stimolante, ma \u00e8 anche sorprendentemente irresistibile per i conigli! Questa <strong>palla giocattolo per conigli<\/strong> potrebbe davvero diventare l'&#8221;amante&#8221; del tuo coniglio! S\u00ec, hai letto bene. I conigli sembrano avere un debole per arrampicarsi su questo tipo di giocattolo. Pu\u00f2 sembrare strano, ma \u00e8 un modo sano per loro di scaricare energia ed evitare la frustrazione, molto meglio che attaccare un altro animale o rischiare di farsi male.<\/p>\n<p>Questa <strong>palla per conigli<\/strong> \u00e8 facile da pulire e pu\u00f2 essere lavata in lavatrice a bassa temperatura.<\/p>\n<p><strong>Caratteristiche:<\/strong><\/p>\n<p><strong>Materiali:<\/strong> Tessuto morbido e facile da lavare<br \/>\n<strong>Dimensione:<\/strong> 11 cm<br \/>\n<strong>Design:<\/strong> Multicolore con piccoli motivi di carotine<\/p>\n","protected":false},"excerpt":{"rendered":"<ul>\n<li>Diventer\u00e0 l&#8217;amante del tuo coniglio<\/li>\n<li>Previene la noia<\/li>\n<li>Rassicurante<\/li>\n<\/ul>\n","protected":false},"featured_media":15332,"comment_status":"closed","ping_status":"closed","template":"","meta":{"_seopress_robots_primary_cat":"none","_seopress_titles_title":"","_seopress_titles_desc":"The Fun Rabbit Balloon is a rabbit toy that will stimulate your rabbitou on a daily basis. Rabbits love this game.","_seopress_robots_index":""},"product_brand":[],"product_cat":[294,267],"product_tag":[],"class_list":{"0":"post-15331","1":"product","2":"type-product","3":"status-publish","4":"has-post-thumbnail","6":"product_cat-bunny-shop","7":"product_cat-giochi-conigli","8":"product_shipping_class-ok-mondial-relais","10":"first","11":"instock","12":"taxable","13":"shipping-taxable","14":"purchasable","15":"product-type-simple"},"_links":{"self":[{"href":"https:\/\/www.bunzyland.com\/it\/wp-json\/wp\/v2\/product\/15331","targetHints":{"allow":["GET"]}}],"collection":[{"href":"https:\/\/www.bunzyland.com\/it\/wp-json\/wp\/v2\/product"}],"about":[{"href":"https:\/\/www.bunzyland.com\/it\/wp-json\/wp\/v2\/types\/product"}],"replies":[{"embeddable":true,"href":"https:\/\/www.bunzyland.com\/it\/wp-json\/wp\/v2\/comments?post=15331"}],"wp:featuredmedia":[{"embeddable":true,"href":"https:\/\/www.bunzyland.com\/it\/wp-json\/wp\/v2\/media\/15332"}],"wp:attachment":[{"href":"https:\/\/www.bunzyland.com\/it\/wp-json\/wp\/v2\/media?parent=15331"}],"wp:term":[{"taxonomy":"product_brand","embeddable":true,"href":"https:\/\/www.bunzyland.com\/it\/wp-json\/wp\/v2\/product_brand?post=15331"},{"taxonomy":"product_cat","embeddable":true,"href":"https:\/\/www.bunzyland.com\/it\/wp-json\/wp\/v2\/product_cat?post=15331"},{"taxonomy":"product_tag","embeddable":true,"href":"https:\/\/www.bunzyland.com\/it\/wp-json\/wp\/v2\/product_tag?post=15331"}],"curies":[{"name":"wp","href":"https:\/\/api.w.org\/{rel}","templated":true}]}}