{"id":15347,"date":"2024-02-19T15:55:58","date_gmt":"2024-02-19T14:55:58","guid":{"rendered":"https:\/\/bunzyland.com\/product\/wooden-rabbit-rack\/"},"modified":"2025-10-06T16:55:00","modified_gmt":"2025-10-06T14:55:00","slug":"rastrelliera-in-legno-per-conigli","status":"publish","type":"product","link":"https:\/\/www.bunzyland.com\/it\/prodotto\/rastrelliera-in-legno-per-conigli\/","title":{"rendered":"Rastrelliera in Legno per Conigli"},"content":{"rendered":"<h2>Una pratica rastrelliera in legno per conigli per l\u2019uso quotidiano<\/h2>\n<p>Questa <strong>mangiatoia in legno per conigli<\/strong> combina perfettamente eleganza naturale e funzionalit\u00e0. Questa <strong>mangiatoia per conigli<\/strong> dal design armonioso \u00e8 molto pi\u00f9 che un semplice elemento decorativo: \u00e8 essenziale per garantire una dieta sana al tuo coniglietto. La struttura aperta permette al tuo coniglio di accedere facilmente al fieno, mantenendolo fresco e pulito.<\/p>\n<p><img fetchpriority=\"high\" decoding=\"async\" class=\"alignnone wp-image-16172 size-full\" src=\"https:\/\/mon-lapinnain.com\/wp-content\/uploads\/2024\/01\/ratelier-pour-lapin.gif\" alt=\"gabbia per coniglio\" width=\"400\" height=\"519\" \/><\/p>\n<p>Come <a href=\"https:\/\/www.bunzyland.com\/it\/accessori-conigli\/\"><strong>accessorio per conigli<\/strong><\/a>, questa <strong>rastrelliera<\/strong> svolge un ruolo fondamentale nel favorire un\u2019alimentazione sana. I conigli hanno bisogno di accesso costante al fieno per mantenere una buona digestione e la salute dentale. Questa <strong>rastrelliera per conigli<\/strong> mantiene il fieno asciutto e sollevato da terra, riducendo gli sprechi e mantenendo la zona di alimentazione del tuo coniglio pulita e ordinata.<\/p>\n<h3>Un accessorio indispensabile per conigli<\/h3>\n<p>Oltre ad essere una scelta estetica, questa <strong>Rastrelliera per Conigli<\/strong> in legno \u00e8 un\u2019opzione igienica e durevole. La solidit\u00e0 del legno garantisce resistenza a morsi e graffi, prolungando la durata della rastrelliera. Inoltre, il legno naturale \u00e8 un materiale traspirante che mantiene il fieno fresco, appetibile e nutriente per il tuo coniglio.<\/p>\n<p>Posiziona questo <strong>dispenser di fieno<\/strong> nel recinto o nello spazio dove vive il tuo coniglio. Puoi anche metterlo accanto alla lettiera del coniglio per facilitare l\u2019addestramento alla toilette. E s\u00ec, i conigli adorano mangiare mentre fanno i loro bisogni. \ud83d\ude04<\/p>\n<p><strong>Caratteristiche:<\/strong><\/p>\n<ul>\n<li><strong>Materiali:<\/strong> Legno naturale di alta qualit\u00e0 e durevole.<\/li>\n<li><strong>Dimensioni:<\/strong> L 23cm x P 26cm x H 17cm<\/li>\n<\/ul>\n","protected":false},"excerpt":{"rendered":"<ul>\n<li>Accesso facilitato al fieno<\/li>\n<li>Mangiatoia per conigli<\/li>\n<\/ul>\n","protected":false},"featured_media":15348,"comment_status":"closed","ping_status":"closed","template":"","meta":{"_seopress_robots_primary_cat":"none","_seopress_titles_title":"","_seopress_titles_desc":"The Wooden Rabbit Feeder is the ideal accessory to have in your rabbit's enclosure. This rabbit feeder keeps hay dry and clean.","_seopress_robots_index":""},"product_brand":[],"product_cat":[276,294,280],"product_tag":[],"class_list":{"0":"post-15347","1":"product","2":"type-product","3":"status-publish","4":"has-post-thumbnail","6":"product_cat-accessori-conigli","7":"product_cat-bunny-shop","8":"product_cat-mangiatore-fieno-conigli","9":"product_shipping_class-ok-mondial-relais","11":"first","12":"instock","13":"taxable","14":"shipping-taxable","15":"purchasable","16":"product-type-simple"},"_links":{"self":[{"href":"https:\/\/www.bunzyland.com\/it\/wp-json\/wp\/v2\/product\/15347","targetHints":{"allow":["GET"]}}],"collection":[{"href":"https:\/\/www.bunzyland.com\/it\/wp-json\/wp\/v2\/product"}],"about":[{"href":"https:\/\/www.bunzyland.com\/it\/wp-json\/wp\/v2\/types\/product"}],"replies":[{"embeddable":true,"href":"https:\/\/www.bunzyland.com\/it\/wp-json\/wp\/v2\/comments?post=15347"}],"wp:featuredmedia":[{"embeddable":true,"href":"https:\/\/www.bunzyland.com\/it\/wp-json\/wp\/v2\/media\/15348"}],"wp:attachment":[{"href":"https:\/\/www.bunzyland.com\/it\/wp-json\/wp\/v2\/media?parent=15347"}],"wp:term":[{"taxonomy":"product_brand","embeddable":true,"href":"https:\/\/www.bunzyland.com\/it\/wp-json\/wp\/v2\/product_brand?post=15347"},{"taxonomy":"product_cat","embeddable":true,"href":"https:\/\/www.bunzyland.com\/it\/wp-json\/wp\/v2\/product_cat?post=15347"},{"taxonomy":"product_tag","embeddable":true,"href":"https:\/\/www.bunzyland.com\/it\/wp-json\/wp\/v2\/product_tag?post=15347"}],"curies":[{"name":"wp","href":"https:\/\/api.w.org\/{rel}","templated":true}]}}