{"id":15363,"date":"2024-02-19T15:55:57","date_gmt":"2024-02-19T14:55:57","guid":{"rendered":"https:\/\/bunzyland.com\/product\/snack-rabbit-toy\/"},"modified":"2026-03-10T06:25:59","modified_gmt":"2026-03-10T05:25:59","slug":"giocattolo-snack-per-conigli","status":"publish","type":"product","link":"https:\/\/www.bunzyland.com\/it\/prodotto\/giocattolo-snack-per-conigli\/","title":{"rendered":"Giocattolo snack per conigli"},"content":{"rendered":"<h2>Il Giocattolo Snack per Conigli per stimolare il tuo animale<\/h2>\n<p>Con il <strong>Giocattolo Snack per Conigli<\/strong>, preparati a vedere il tuo coniglio saltare di gioia!<br \/>\nQuesto <strong>giocattolo per conigli<\/strong> non \u00e8 solo un <strong>puzzle<\/strong>, \u00e8 una deliziosa caccia al tesoro per il tuo coniglio. Immagina lo sguardo concentrato e divertito del tuo coniglietto, che esplora ogni angolo per scoprire i suoi snack preferiti. \u00c8 una festa per le sue papille gustative e una delizia per la sua mente!<\/p>\n<p><img fetchpriority=\"high\" decoding=\"async\" class=\"alignnone wp-image-16539 size-full\" src=\"https:\/\/mon-lapinnain.com\/wp-content\/uploads\/2024\/01\/jouet-pour-lapin-friandise.gif\" alt=\"Giocattolo divertente per conigli\" width=\"320\" height=\"400\" \/><\/p>\n<p>Come <strong>giocattolo d&#8217;intelligenza per conigli<\/strong>, questo puzzle \u00e8 perfetto per mantenere il tuo coniglio attivo e mentalmente sano.<br \/>\nCome si gioca? \u00c8 davvero molto semplice! Nascondi uno snack in uno dei scomparti, tagliato in pi\u00f9 pezzetti \u2013 ad esempio, un piccolo pezzo di mela. Vedrai subito il tuo coniglio che cerca di recuperare la sua ricompensa tirando le cordicelle. Il tuo coniglietto sar\u00e0 cos\u00ec orgoglioso di s\u00e9 ogni volta che ne trova uno!<br \/>\n\u00c8 il giocattolo ideale per stimolare la mente e combattere la noia.<\/p>\n<h3>Un gioco intelligente per ricordi indimenticabili<\/h3>\n<p>Questo<strong> Giocattolo Snack per Conigli<\/strong> \u00e8 realizzato in legno resistente. \u00c8 pronto a sopportare gli attacchi dei pi\u00f9 instancabili piccoli esploratori. Gli snack nascosti sono la ciliegina sulla torta, spingendo il tuo coniglio a esplorare ancora e ancora.<\/p>\n<p><img decoding=\"async\" class=\"alignnone wp-image-16033\" src=\"https:\/\/mon-lapinnain.com\/wp-content\/uploads\/2024\/01\/Jouet-pour-lapin-snack.png\" alt=\"Giocattolo Snack per Conigli\" width=\"600\" height=\"600\" \/><\/p>\n<p>Questa <strong>attivit\u00e0 per conigli<\/strong> crea l&#8217;occasione perfetta per momenti di complicit\u00e0 con il tuo adorato animale. Questi momenti di gioia rafforzano il vostro legame e portano felicit\u00e0 sia a te che al tuo coniglio. Costruiscono ricordi pieni di risate e amore condiviso.<\/p>\n<p><strong>Caratteristiche:<\/strong><\/p>\n<ul>\n<li>Materiale: Legno naturale<\/li>\n<li>Dimensioni: L 37 x P 8,5 x H 6,5 cm (aperto)<\/li>\n<li>Funzionalit\u00e0: Scomparti nascosti per una caccia al tesoro indimenticabile.<\/li>\n<\/ul>\n","protected":false},"excerpt":{"rendered":"<ul>\n<li>Giocattolo d&#8217;intelligenza per conigli<\/li>\n<li>Divertimento e giochi<\/li>\n<li>Gioco in legno<\/li>\n<\/ul>\n","protected":false},"featured_media":15364,"comment_status":"closed","ping_status":"closed","template":"","meta":{"_seopress_robots_primary_cat":"none","_seopress_titles_title":"","_seopress_titles_desc":"","_seopress_robots_index":""},"product_brand":[],"product_cat":[294,267],"product_tag":[],"class_list":{"0":"post-15363","1":"product","2":"type-product","3":"status-publish","4":"has-post-thumbnail","6":"product_cat-bunny-shop","7":"product_cat-giochi-conigli","8":"product_shipping_class-ok-mondial-relais","10":"first","11":"instock","12":"taxable","13":"shipping-taxable","14":"purchasable","15":"product-type-simple"},"_links":{"self":[{"href":"https:\/\/www.bunzyland.com\/it\/wp-json\/wp\/v2\/product\/15363","targetHints":{"allow":["GET"]}}],"collection":[{"href":"https:\/\/www.bunzyland.com\/it\/wp-json\/wp\/v2\/product"}],"about":[{"href":"https:\/\/www.bunzyland.com\/it\/wp-json\/wp\/v2\/types\/product"}],"replies":[{"embeddable":true,"href":"https:\/\/www.bunzyland.com\/it\/wp-json\/wp\/v2\/comments?post=15363"}],"wp:featuredmedia":[{"embeddable":true,"href":"https:\/\/www.bunzyland.com\/it\/wp-json\/wp\/v2\/media\/15364"}],"wp:attachment":[{"href":"https:\/\/www.bunzyland.com\/it\/wp-json\/wp\/v2\/media?parent=15363"}],"wp:term":[{"taxonomy":"product_brand","embeddable":true,"href":"https:\/\/www.bunzyland.com\/it\/wp-json\/wp\/v2\/product_brand?post=15363"},{"taxonomy":"product_cat","embeddable":true,"href":"https:\/\/www.bunzyland.com\/it\/wp-json\/wp\/v2\/product_cat?post=15363"},{"taxonomy":"product_tag","embeddable":true,"href":"https:\/\/www.bunzyland.com\/it\/wp-json\/wp\/v2\/product_tag?post=15363"}],"curies":[{"name":"wp","href":"https:\/\/api.w.org\/{rel}","templated":true}]}}