{"id":15375,"date":"2024-02-19T15:55:56","date_gmt":"2024-02-19T14:55:56","guid":{"rendered":"https:\/\/bunzyland.com\/product\/yellow-rabbit-bowl\/"},"modified":"2025-10-06T16:55:02","modified_gmt":"2025-10-06T14:55:02","slug":"ciotola-gialla-per-conigli","status":"publish","type":"product","link":"https:\/\/www.bunzyland.com\/it\/prodotto\/ciotola-gialla-per-conigli\/","title":{"rendered":"Ciotola gialla per conigli"},"content":{"rendered":"<h2>Una ciotola gialla indispensabile nello spazio del tuo coniglio<\/h2>\n<p>La <strong>Ciotola Gialla per Conigli<\/strong> porta gioia e colore nella vita del tuo coniglietto. Niente pi\u00f9 posizioni scomode o disturbi muscoloscheletrici causati dall&#8217;abbeveratoio a bottiglia. Questa graziosa mangiatoia per conigli in <strong>ceramica pesante da 600ml<\/strong> offre una postura naturale e confortevole per bere. Cos\u00ec il tuo coniglio sar\u00e0 invogliato ad idratarsi correttamente, senza frustrazione.<\/p>\n<p>Questa <strong>ciotola per conigli<\/strong> elimina gli inconvenienti delle <strong>bottiglie a goccia<\/strong>. Il tuo coniglio pu\u00f2 bere quanto desidera. Niente pi\u00f9 microlesioni ai denti causate dai componenti metallici delle bottiglie d\u2019acqua; il tuo coniglio potr\u00e0 bere in totale sicurezza. Come puoi vedere, \u00e8 pi\u00f9 salutare per il tuo coniglio bere da una <strong>ciotola<\/strong> piuttosto che da una <strong>bottiglia<\/strong>.<\/p>\n<h3>Una mangiatoia per acqua o cibo<\/h3>\n<p>Come <a href=\"https:\/\/www.bunzyland.com\/it\/accessori-conigli\/\"><strong>accessorio per conigli<\/strong><\/a>, questa <strong>ciotola gialla per conigli<\/strong> \u00e8 progettata per evitare rovesciamenti. La sua base pesante e stabile in ceramica garantisce che rimanga al suo posto. Questo significa meno &#8220;pozze&#8221; accidentali nel recinto e uno spazio abitativo pulito e asciutto.<\/p>\n<p>Puoi anche mettere il <strong>pasto del tuo coniglio<\/strong> in questa mangiatoia. Con un diametro di 14,5 cm, \u00e8 abbastanza grande da contenere le verdure giornaliere del tuo coniglio.<\/p>\n<p>La <strong>ciotola per conigli<\/strong> \u00e8 facile da pulire e da posizionare lontano dalle zone pi\u00f9 disordinate come la lettiera o l\u2019angolo della pappa. Il suo design giallo brillante e solare aggiunge un tocco allegro al recinto o alla stanza del tuo coniglio.<\/p>\n<p>Consiglio: puoi abbinare questa ciotola al nostro piatto mangiatoia per conigli o alla ciotola bianca per conigli. Una per il cibo, l\u2019altra per l\u2019acqua.<\/p>\n<p><strong>Caratteristiche :<\/strong><\/p>\n<ul>\n<li><strong>Materiali:<\/strong> Ceramica<\/li>\n<li><strong>Dimensioni:<\/strong> 14,5 x 5,5 cm di altezza &#8211; Capacit\u00e0 600ml<\/li>\n<li><strong>Design:<\/strong> Giallo brillante per stimolare l\u2019interesse e il benessere del tuo coniglio.<\/li>\n<\/ul>\n","protected":false},"excerpt":{"rendered":"<ul>\n<li>Ciotola grande<\/li>\n<li>Ceramica<\/li>\n<li>Ideale per acqua o pasti<\/li>\n<\/ul>\n","protected":false},"featured_media":15376,"comment_status":"closed","ping_status":"closed","template":"","meta":{"_seopress_robots_primary_cat":"none","_seopress_titles_title":"","_seopress_titles_desc":"The Yellow Rabbit Bowl is a rabbit feeder ideal for watering or feeding your rabbit. A must-have accessory!","_seopress_robots_index":""},"product_brand":[],"product_cat":[276,288,294],"product_tag":[],"class_list":{"0":"post-15375","1":"product","2":"type-product","3":"status-publish","4":"has-post-thumbnail","6":"product_cat-accessori-conigli","7":"product_cat-borraccia-per-conigli","8":"product_cat-bunny-shop","9":"product_shipping_class-ok-mondial-relais","11":"first","12":"instock","13":"taxable","14":"shipping-taxable","15":"purchasable","16":"product-type-simple"},"_links":{"self":[{"href":"https:\/\/www.bunzyland.com\/it\/wp-json\/wp\/v2\/product\/15375","targetHints":{"allow":["GET"]}}],"collection":[{"href":"https:\/\/www.bunzyland.com\/it\/wp-json\/wp\/v2\/product"}],"about":[{"href":"https:\/\/www.bunzyland.com\/it\/wp-json\/wp\/v2\/types\/product"}],"replies":[{"embeddable":true,"href":"https:\/\/www.bunzyland.com\/it\/wp-json\/wp\/v2\/comments?post=15375"}],"wp:featuredmedia":[{"embeddable":true,"href":"https:\/\/www.bunzyland.com\/it\/wp-json\/wp\/v2\/media\/15376"}],"wp:attachment":[{"href":"https:\/\/www.bunzyland.com\/it\/wp-json\/wp\/v2\/media?parent=15375"}],"wp:term":[{"taxonomy":"product_brand","embeddable":true,"href":"https:\/\/www.bunzyland.com\/it\/wp-json\/wp\/v2\/product_brand?post=15375"},{"taxonomy":"product_cat","embeddable":true,"href":"https:\/\/www.bunzyland.com\/it\/wp-json\/wp\/v2\/product_cat?post=15375"},{"taxonomy":"product_tag","embeddable":true,"href":"https:\/\/www.bunzyland.com\/it\/wp-json\/wp\/v2\/product_tag?post=15375"}],"curies":[{"name":"wp","href":"https:\/\/api.w.org\/{rel}","templated":true}]}}