{"id":15379,"date":"2024-02-19T15:55:56","date_gmt":"2024-02-19T14:55:56","guid":{"rendered":"https:\/\/bunzyland.com\/product\/intelligent-rabbit-toy\/"},"modified":"2025-10-06T16:55:02","modified_gmt":"2025-10-06T14:55:02","slug":"giocattolo-intelligente-per-conigli","status":"publish","type":"product","link":"https:\/\/www.bunzyland.com\/it\/prodotto\/giocattolo-intelligente-per-conigli\/","title":{"rendered":"Giocattolo intelligente per conigli"},"content":{"rendered":"<h2>Il Giocattolo Intelligente per Conigli che risveglia la mente del tuo coniglio<\/h2>\n<p>Dai al tuo <strong>coniglio il Giocattolo Intelligente per Conigli<\/strong> e guardalo sbocciare. Questo <strong>rompicapo<\/strong> \u00e8 un divertente gioco di logica, con pezzi colorati e nascondigli segreti. \u00c8 il <strong>gioco<\/strong> perfetto per stimolare la mente agile del tuo coniglietto.<\/p>\n<p>Il tuo piccolo amico adorer\u00e0 la variet\u00e0 e la sfida di questo <strong>gioco per conigli<\/strong>. Ogni sessione \u00e8 una nuova opportunit\u00e0 di apprendimento e divertimento. \u00c8 il modo perfetto per stimolare la mente agile del tuo coniglio e guardarlo interagire con il suo ambiente in modo completamente nuovo ed entusiasmante.<\/p>\n<p>In questo <strong>giocattolo per conigli<\/strong>, ogni leccornia nascosta \u00e8 una sorpresa da scoprire. Il tuo coniglio diventer\u00e0 un coraggioso esploratore, alla ricerca della sua ricompensa. Questo gioco non sviluppa solo la loro intelligenza, ma anche il loro olfatto e la capacit\u00e0 di risolvere i problemi. \u00c8 l&#8217;attivit\u00e0 ideale per combattere la <strong>noia del coniglio<\/strong> e risvegliare i suoi sensi e la sua intelligenza.<br \/>\nLe leccornie nascoste sono anche un ottimo modo per premiare il tuo coniglio per la sua curiosit\u00e0 e vivacit\u00e0 mentale.<\/p>\n<h3>Un&#8217;attivit\u00e0 per conigli da condividere<\/h3>\n<p>Giocare con questo <strong>Giocattolo Intelligente per Conigli<\/strong> non \u00e8 solo divertente per il tuo coniglio: \u00e8 un&#8217;avventura anche per te.<br \/>\nInteragendo con il rompicapo, crei legami forti e ricordi felici. La tua partecipazione attiva al gioco rende l&#8217;esperienza ancora pi\u00f9 gratificante per il tuo coniglio. Ti permette di osservare da vicino il suo comportamento e le sue reazioni. Ogni sessione di gioco \u00e8 una nuova occasione di risate e complicit\u00e0, rafforzando il legame emotivo tra te e il tuo piccolo compagno.<\/p>\n<p>\u00c8 anche un oggetto sicuro e di design. Realizzato con materiali di qualit\u00e0, questo rompicapo \u00e8 resistente e sicuro per il tuo piccolo compagno.<\/p>\n<p><strong>Caratteristiche:<\/strong><\/p>\n<ul>\n<li><strong>Materiali:<\/strong> Legno<\/li>\n<li><strong>Dimensioni:<\/strong> 23,5 x 21 x 2,5 cm<\/li>\n<li><strong>Design:<\/strong> Colorato e coinvolgente, ideale per stimolare la curiosit\u00e0 del tuo coniglio.<\/li>\n<\/ul>\n","protected":false},"excerpt":{"rendered":"<ul>\n<li>Un gioco divertente<\/li>\n<li>Ideale per giocare con il tuo coniglio<\/li>\n<li>Adatto a conigli giovani e anziani<\/li>\n<\/ul>\n","protected":false},"featured_media":15380,"comment_status":"closed","ping_status":"closed","template":"","meta":{"_seopress_robots_primary_cat":"none","_seopress_titles_title":"","_seopress_titles_desc":"Le Jouet pour lapin intelligent est un jeu qui aide \u00e0 d\u00e9velopper les sens de votre lapinou. C'est une activit\u00e9 id\u00e9ale \u00e0 partager avec lui.","_seopress_robots_index":""},"product_brand":[],"product_cat":[294,267],"product_tag":[],"class_list":{"0":"post-15379","1":"product","2":"type-product","3":"status-publish","4":"has-post-thumbnail","6":"product_cat-bunny-shop","7":"product_cat-giochi-conigli","8":"product_shipping_class-ok-mondial-relais","10":"first","11":"instock","12":"taxable","13":"shipping-taxable","14":"purchasable","15":"product-type-simple"},"_links":{"self":[{"href":"https:\/\/www.bunzyland.com\/it\/wp-json\/wp\/v2\/product\/15379","targetHints":{"allow":["GET"]}}],"collection":[{"href":"https:\/\/www.bunzyland.com\/it\/wp-json\/wp\/v2\/product"}],"about":[{"href":"https:\/\/www.bunzyland.com\/it\/wp-json\/wp\/v2\/types\/product"}],"replies":[{"embeddable":true,"href":"https:\/\/www.bunzyland.com\/it\/wp-json\/wp\/v2\/comments?post=15379"}],"wp:featuredmedia":[{"embeddable":true,"href":"https:\/\/www.bunzyland.com\/it\/wp-json\/wp\/v2\/media\/15380"}],"wp:attachment":[{"href":"https:\/\/www.bunzyland.com\/it\/wp-json\/wp\/v2\/media?parent=15379"}],"wp:term":[{"taxonomy":"product_brand","embeddable":true,"href":"https:\/\/www.bunzyland.com\/it\/wp-json\/wp\/v2\/product_brand?post=15379"},{"taxonomy":"product_cat","embeddable":true,"href":"https:\/\/www.bunzyland.com\/it\/wp-json\/wp\/v2\/product_cat?post=15379"},{"taxonomy":"product_tag","embeddable":true,"href":"https:\/\/www.bunzyland.com\/it\/wp-json\/wp\/v2\/product_tag?post=15379"}],"curies":[{"name":"wp","href":"https:\/\/api.w.org\/{rel}","templated":true}]}}