{"id":15391,"date":"2024-02-19T15:55:54","date_gmt":"2024-02-19T14:55:54","guid":{"rendered":"https:\/\/bunzyland.com\/product\/modern-rabbit-house\/"},"modified":"2025-10-06T16:55:02","modified_gmt":"2025-10-06T14:55:02","slug":"casa-moderna-per-conigli","status":"publish","type":"product","link":"https:\/\/www.bunzyland.com\/it\/prodotto\/casa-moderna-per-conigli\/","title":{"rendered":"Casa moderna per conigli"},"content":{"rendered":"<h2>Una casa moderna per conigli piena di fascino<\/h2>\n<p>Porta un tocco di modernit\u00e0 al <strong>recinto del tuo coniglio<\/strong> con la <strong>Casa Moderna per Conigli<\/strong>. Questa <a href=\"https:\/\/www.bunzyland.com\/it\/casa-conigli\/\"><strong>casa per conigli<\/strong><\/a> ridefinisce gli standard dell&#8217;<strong>alloggio per conigli<\/strong> &#8211; dimentica le tradizionali casette per conigli.<br \/>\nCon il suo aspetto scandinavo che ricorda un <strong>teepee<\/strong>, aggiunge un tocco di novit\u00e0 alla tua casa, offrendo al tuo coniglio uno spazio completamente dedicato a lui.<\/p>\n<p>Con le sue 2 entrate, questa <strong>casa per conigli<\/strong> non solo offre un rifugio sicuro, ma anche un luogo in cui il tuo coniglietto pu\u00f2 giocare ed esplorare. Immaginalo mentre saltella felice o si accoccola nel suo nuovo <strong>nascondiglio per coniglietti<\/strong>. \u00c8 un investimento nella sua felicit\u00e0 e salute, offrendo un ambiente stimolante e rassicurante.<\/p>\n<h3>La casa per conigli che unisce comfort e serenit\u00e0<\/h3>\n<p>Realizzata con materiali robusti e morbidi, la <strong>Casa Moderna per Conigli<\/strong> garantisce al tuo coniglietto il massimo comfort. La struttura solida di questa <strong>casa per conigli<\/strong> protegge il tuo animale da correnti d&#8217;aria e rumore, offrendo un luogo di riposo sicuro e tranquillo.<\/p>\n<p>I conigli amano la tranquillit\u00e0 e la sensazione di sicurezza, ed \u00e8 per questo che preferiscono nascondersi per la maggior parte del tempo. Scegliere questo tipo di rifugio \u00e8 la scelta ideale per il tuo coniglio, perch\u00e9 si sentir\u00e0 <strong>al sicuro<\/strong> da occhi indiscreti.<\/p>\n<p>La facile manutenzione di questa casa per conigli \u00e8 anche un grande vantaggio. Un habitat pulito \u00e8 essenziale per la salute del tuo coniglio, e questo rifugio \u00e8 progettato per essere facile da pulire, garantendo un ambiente sano al tuo compagno.<\/p>\n<p>Punto in pi\u00f9: All&#8217;interno c&#8217;\u00e8 un morbido cuscino facile da lavare in lavatrice.<\/p>\n<p><strong>Caratteristiche :<\/strong><\/p>\n<ul>\n<li><strong>Materiali:<\/strong> Legno di alta qualit\u00e0 + tessuto resistente<\/li>\n<li><strong>Dimensioni:<\/strong> L 38 x P 39 x H 38cm<\/li>\n<li><strong>Colore:<\/strong> Blu mezzanotte<\/li>\n<\/ul>\n","protected":false},"excerpt":{"rendered":"<ul>\n<li>Nascondiglio in stile scandinavo<\/li>\n<li>Forma teepee di design<\/li>\n<li>Estremamente accogliente<\/li>\n<\/ul>\n","protected":false},"featured_media":15392,"comment_status":"closed","ping_status":"closed","template":"","meta":{"_seopress_robots_primary_cat":"none","_seopress_titles_title":"","_seopress_titles_desc":"La Maison pour lapin moderne est la cabane que tout les lapins r\u00eavent d'avoir ! Cette cachette au design scandinave sera son point de rep\u00e8re.","_seopress_robots_index":""},"product_brand":[],"product_cat":[294,270],"product_tag":[],"class_list":{"0":"post-15391","1":"product","2":"type-product","3":"status-publish","4":"has-post-thumbnail","6":"product_cat-bunny-shop","7":"product_cat-casa-conigli","8":"product_shipping_class-ok-mondial-relais","10":"first","11":"instock","12":"taxable","13":"shipping-taxable","14":"purchasable","15":"product-type-simple"},"_links":{"self":[{"href":"https:\/\/www.bunzyland.com\/it\/wp-json\/wp\/v2\/product\/15391","targetHints":{"allow":["GET"]}}],"collection":[{"href":"https:\/\/www.bunzyland.com\/it\/wp-json\/wp\/v2\/product"}],"about":[{"href":"https:\/\/www.bunzyland.com\/it\/wp-json\/wp\/v2\/types\/product"}],"replies":[{"embeddable":true,"href":"https:\/\/www.bunzyland.com\/it\/wp-json\/wp\/v2\/comments?post=15391"}],"wp:featuredmedia":[{"embeddable":true,"href":"https:\/\/www.bunzyland.com\/it\/wp-json\/wp\/v2\/media\/15392"}],"wp:attachment":[{"href":"https:\/\/www.bunzyland.com\/it\/wp-json\/wp\/v2\/media?parent=15391"}],"wp:term":[{"taxonomy":"product_brand","embeddable":true,"href":"https:\/\/www.bunzyland.com\/it\/wp-json\/wp\/v2\/product_brand?post=15391"},{"taxonomy":"product_cat","embeddable":true,"href":"https:\/\/www.bunzyland.com\/it\/wp-json\/wp\/v2\/product_cat?post=15391"},{"taxonomy":"product_tag","embeddable":true,"href":"https:\/\/www.bunzyland.com\/it\/wp-json\/wp\/v2\/product_tag?post=15391"}],"curies":[{"name":"wp","href":"https:\/\/api.w.org\/{rel}","templated":true}]}}