{"id":15395,"date":"2024-02-19T15:55:54","date_gmt":"2024-02-19T14:55:54","guid":{"rendered":"https:\/\/bunzyland.com\/product\/wooden-rabbit-hutch\/"},"modified":"2025-10-06T16:55:02","modified_gmt":"2025-10-06T14:55:02","slug":"ponte-in-legno-per-conigli","status":"publish","type":"product","link":"https:\/\/www.bunzyland.com\/it\/prodotto\/ponte-in-legno-per-conigli\/","title":{"rendered":"Ponte in legno per conigli"},"content":{"rendered":"<h2>Ponte in legno per conigli: un must-have in qualsiasi ambiente<\/h2>\n<p>Il <strong>Ponte in legno per conigli<\/strong> \u00e8 un invito all&#8217;avventura per il tuo coniglio. Progettato appositamente per stimolare la sua mente curiosa, questo tipo di <strong>tunnel\/casetta in legno<\/strong> aggiunge un tocco di natura allo spazio vitale del tuo coniglio. \u00c8 l&#8217;<strong>accessorio ideale<\/strong> per arricchire la sua quotidianit\u00e0 con attivit\u00e0 divertenti e gratificanti.<\/p>\n<p><img fetchpriority=\"high\" decoding=\"async\" class=\"alignnone wp-image-16158\" src=\"https:\/\/mon-lapinnain.com\/wp-content\/uploads\/2024\/01\/Pont-pour-lapin-en-bois-tunnel.png\" alt=\"Ponte tunnel in legno per conigli\" width=\"600\" height=\"600\" \/><\/p>\n<p>Oltre a essere un fantastico parco giochi, questo <strong>ponte<\/strong> funge anche da perfetto <strong>nascondiglio temporaneo per conigli<\/strong>. Il tuo coniglietto pu\u00f2 infilarsi sotto per riposare o giocare a nascondino, trasformando questo <strong>ponte in legno<\/strong> in un vero due-in-uno.<\/p>\n<p>Questo <strong>ponte per conigli<\/strong> non \u00e8 solo divertente, ma anche estremamente sicuro per il tuo coniglio. Realizzato in legno di alta qualit\u00e0, \u00e8 progettato per resistere alle esplorazioni dei pi\u00f9 piccoli avventurieri. La sua natura pieghevole ti permette di regolarlo facilmente in base allo spazio disponibile e alle preferenze del tuo coniglio. Pu\u00f2 essere facilmente utilizzato come <strong>tunnel per conigli<\/strong>, rampa o area di riposo.<\/p>\n<p><img decoding=\"async\" class=\"alignnone wp-image-16156\" src=\"https:\/\/mon-lapinnain.com\/wp-content\/uploads\/2024\/01\/Pont-pour-lapin-1.png\" alt=\"Ponte per conigli\" width=\"600\" height=\"600\" \/><\/p>\n<h3>Un accessorio divertente e multifunzionale per conigli<\/h3>\n<p>Il <strong>Ponte in legno per conigli<\/strong> non \u00e8 solo un <strong>accessorio<\/strong>, ma una piattaforma creativa per te e il tuo coniglio. Grazie al suo design pieghevole e modulare, questo ponte pu\u00f2 essere trasformato in molteplici configurazioni, offrendo al tuo coniglio una variet\u00e0 di nuove sfide e giochi. Immagina che possa saltarci sopra, strisciare sotto o persino usarlo come percorso a ostacoli. Questa flessibilit\u00e0 <strong>stimola l&#8217;intelligenza e la destrezza del tuo coniglio<\/strong>, mantenendolo attivo e felice.<\/p>\n<p><img decoding=\"async\" class=\"alignnone wp-image-16157\" src=\"https:\/\/mon-lapinnain.com\/wp-content\/uploads\/2024\/01\/pont-pour-lapin-cabane.png\" alt=\"ponte per nascondiglio coniglio\" width=\"600\" height=\"600\" \/><\/p>\n<p>Inoltre, questo <strong>ponte in legno per conigli<\/strong> si integra perfettamente in diversi ambienti e stili di arredamento. Che tu viva in un appartamento o in una casa con un grande giardino, si adatta facilmente al tuo spazio. \u00c8 l&#8217;<strong>accessorio ideale<\/strong> per incoraggiare il tuo coniglio a esplorare e interagire con l&#8217;ambiente circostante.<\/p>\n<p><strong>Caratteristiche :<\/strong><\/p>\n<ul>\n<li><strong>Materiali:<\/strong> Legno di qualit\u00e0<\/li>\n<li><strong>Dimensioni:<\/strong> L 50 x H 30 cm<\/li>\n<\/ul>\n","protected":false},"excerpt":{"rendered":"<ul>\n<li>Grande dimensione<\/li>\n<li>Naturale<\/li>\n<\/ul>\n","protected":false},"featured_media":15396,"comment_status":"closed","ping_status":"closed","template":"","meta":{"_seopress_robots_primary_cat":"none","_seopress_titles_title":"","_seopress_titles_desc":"The wooden rabbit bridge is the essential accessory for your rabbit's hut, tunnel and play area.","_seopress_robots_index":""},"product_brand":[],"product_cat":[276,294,270,284],"product_tag":[],"class_list":{"0":"post-15395","1":"product","2":"type-product","3":"status-publish","4":"has-post-thumbnail","6":"product_cat-accessori-conigli","7":"product_cat-bunny-shop","8":"product_cat-casa-conigli","9":"product_cat-tunnel-conigli","10":"product_shipping_class-ok-mondial-relais","12":"first","13":"instock","14":"taxable","15":"shipping-taxable","16":"purchasable","17":"product-type-simple"},"_links":{"self":[{"href":"https:\/\/www.bunzyland.com\/it\/wp-json\/wp\/v2\/product\/15395","targetHints":{"allow":["GET"]}}],"collection":[{"href":"https:\/\/www.bunzyland.com\/it\/wp-json\/wp\/v2\/product"}],"about":[{"href":"https:\/\/www.bunzyland.com\/it\/wp-json\/wp\/v2\/types\/product"}],"replies":[{"embeddable":true,"href":"https:\/\/www.bunzyland.com\/it\/wp-json\/wp\/v2\/comments?post=15395"}],"wp:featuredmedia":[{"embeddable":true,"href":"https:\/\/www.bunzyland.com\/it\/wp-json\/wp\/v2\/media\/15396"}],"wp:attachment":[{"href":"https:\/\/www.bunzyland.com\/it\/wp-json\/wp\/v2\/media?parent=15395"}],"wp:term":[{"taxonomy":"product_brand","embeddable":true,"href":"https:\/\/www.bunzyland.com\/it\/wp-json\/wp\/v2\/product_brand?post=15395"},{"taxonomy":"product_cat","embeddable":true,"href":"https:\/\/www.bunzyland.com\/it\/wp-json\/wp\/v2\/product_cat?post=15395"},{"taxonomy":"product_tag","embeddable":true,"href":"https:\/\/www.bunzyland.com\/it\/wp-json\/wp\/v2\/product_tag?post=15395"}],"curies":[{"name":"wp","href":"https:\/\/api.w.org\/{rel}","templated":true}]}}