{"id":15407,"date":"2024-02-19T15:56:42","date_gmt":"2024-02-19T14:56:42","guid":{"rendered":"https:\/\/bunzyland.com\/product\/bunny-cushion-bunny-bed\/"},"modified":"2025-11-07T14:21:24","modified_gmt":"2025-11-07T13:21:24","slug":"cuscino-coniglio-letto-per-coniglietto","status":"publish","type":"product","link":"https:\/\/www.bunzyland.com\/it\/prodotto\/cuscino-coniglio-letto-per-coniglietto\/","title":{"rendered":"Cuscino coniglio | Letto per coniglietto"},"content":{"rendered":"<h2>Il morbido cuscino Letto per Coniglietto \ud83d\ude0b<\/h2>\n<p>Il tuo coniglio adorer\u00e0 rannicchiarsi nel nostro morbido e ultra-confortevole <strong>cuscino per coniglietto Bunny Bed<\/strong> in pilou pilou. Il suo bordo rialzato fa sentire il tuo coniglio sicuro e protetto. Un vero nido accogliente per la tua palla di pelo. Grazie all&#8217;imbottitura, questo <strong>letto per conigli<\/strong> \u00e8 5 volte pi\u00f9 comodo di un cuscino tradizionale.<\/p>\n<h2><img fetchpriority=\"high\" decoding=\"async\" class=\"alignnone wp-image-16562\" src=\"https:\/\/mon-lapinnain.com\/wp-content\/uploads\/2021\/07\/lit-pour-lapin-doux.png\" alt=\"letto per conigli\" width=\"600\" height=\"600\" \/><\/h2>\n<p>Il <strong>letto per conigli<\/strong> \u00e8 ultra-confortevole, il suo morbido materiale pilou pilou offre un comfort impareggiabile. Ammettilo, ti piacerebbe persino dormirci dentro, vero?<br \/>\n\u00c8 il cuscino ideale per ogni coniglio che vuole rilassarsi e distendersi.<\/p>\n<p><img decoding=\"async\" class=\"alignnone wp-image-16559\" src=\"https:\/\/mon-lapinnain.com\/wp-content\/uploads\/2021\/07\/lit-pour-lapin-gris.png\" alt=\"letto per conigli grigio\" width=\"600\" height=\"600\" \/><\/p>\n<h2>Un letto per conigli nani, ideale per riposarsi<\/h2>\n<p>Il <strong>cuscino per coniglietto Bunny Bed<\/strong> pu\u00f2 essere posizionato nella stanza del tuo coniglio, nel suo recinto o anche nel tuo soggiorno. Il tuo coniglio sicuramente adorer\u00e0 avere un angolino tutto suo nel salotto. Il <strong>Bunny Bed<\/strong> \u00e8 il posto perfetto per una dolce pausa.<\/p>\n<p><img decoding=\"async\" class=\"alignnone wp-image-16560\" src=\"https:\/\/mon-lapinnain.com\/wp-content\/uploads\/2021\/07\/bunny-bed-lit-lapin.png\" alt=\"letto per conigli\" width=\"600\" height=\"600\" \/><\/p>\n<p>Questo letto per conigli \u00e8 facile da pulire, poich\u00e9 pu\u00f2 essere lavato in lavatrice a bassa temperatura. Non c&#8217;\u00e8 bisogno di preoccuparsi per gli incidenti! Il letto dispone anche di un fondo antiscivolo.<\/p>\n<p>Disponibile in due colori, grigio o tortora, il <strong>cuscino per conigli<\/strong> si adatta a qualsiasi ambiente, portando un tocco di classe e comfort allo spazio del tuo coniglio.<\/p>\n<p><strong><br \/>\nCaratteristiche:<br \/>\n<\/strong><\/p>\n<p><strong>Dimensioni:<\/strong> 60cm<br \/>\n<strong>Colori:<\/strong> 2 colori a scelta<br \/>\n<strong>Materiali:<\/strong> Ecopelliccia all&#8217;esterno, cotone all&#8217;interno<\/p>\n","protected":false},"excerpt":{"rendered":"<ul>\n<li>Letto molto morbido<\/li>\n<li>Un accogliente bozzolo<\/li>\n<\/ul>\n<p>&nbsp;<\/p>\n","protected":false},"featured_media":15408,"comment_status":"closed","ping_status":"closed","template":"","meta":{"_seopress_robots_primary_cat":"none","_seopress_titles_title":"","_seopress_titles_desc":"","_seopress_robots_index":""},"product_brand":[],"product_cat":[294,274],"product_tag":[],"class_list":{"0":"post-15407","1":"product","2":"type-product","3":"status-publish","4":"has-post-thumbnail","6":"product_cat-bunny-shop","7":"product_cat-letto-conigli","9":"first","10":"instock","11":"taxable","12":"shipping-taxable","13":"purchasable","14":"product-type-variable","15":"has-default-attributes"},"_links":{"self":[{"href":"https:\/\/www.bunzyland.com\/it\/wp-json\/wp\/v2\/product\/15407","targetHints":{"allow":["GET"]}}],"collection":[{"href":"https:\/\/www.bunzyland.com\/it\/wp-json\/wp\/v2\/product"}],"about":[{"href":"https:\/\/www.bunzyland.com\/it\/wp-json\/wp\/v2\/types\/product"}],"replies":[{"embeddable":true,"href":"https:\/\/www.bunzyland.com\/it\/wp-json\/wp\/v2\/comments?post=15407"}],"wp:featuredmedia":[{"embeddable":true,"href":"https:\/\/www.bunzyland.com\/it\/wp-json\/wp\/v2\/media\/15408"}],"wp:attachment":[{"href":"https:\/\/www.bunzyland.com\/it\/wp-json\/wp\/v2\/media?parent=15407"}],"wp:term":[{"taxonomy":"product_brand","embeddable":true,"href":"https:\/\/www.bunzyland.com\/it\/wp-json\/wp\/v2\/product_brand?post=15407"},{"taxonomy":"product_cat","embeddable":true,"href":"https:\/\/www.bunzyland.com\/it\/wp-json\/wp\/v2\/product_cat?post=15407"},{"taxonomy":"product_tag","embeddable":true,"href":"https:\/\/www.bunzyland.com\/it\/wp-json\/wp\/v2\/product_tag?post=15407"}],"curies":[{"name":"wp","href":"https:\/\/api.w.org\/{rel}","templated":true}]}}