{"id":15431,"date":"2024-02-19T15:56:08","date_gmt":"2024-02-19T14:56:08","guid":{"rendered":"https:\/\/bunzyland.com\/product\/rabbit-hammock-gray\/"},"modified":"2025-10-06T16:54:58","modified_gmt":"2025-10-06T14:54:58","slug":"amaca-per-conigli-grigia","status":"publish","type":"product","link":"https:\/\/www.bunzyland.com\/it\/prodotto\/amaca-per-conigli-grigia\/","title":{"rendered":"Amaca per conigli &#8211; Grigia"},"content":{"rendered":"<h2>Amaca per Conigli: Un Divertente Posto per Dormire Grigio<\/h2>\n<p>L&#8217;<strong>Amaca per conigli &#8211; Grigia<\/strong> \u00e8 un accessorio essenziale per offrire il massimo comfort al tuo animale peloso.<\/p>\n<p>Questo <strong>letto per conigli<\/strong> a forma di amaca con gambe in legno offre uno spazio personale al tuo coniglio per dormire o semplicemente rilassarsi, come amano fare.<\/p>\n<p><span style=\"font-weight: 400\"><img fetchpriority=\"high\" decoding=\"async\" class=\"alignnone wp-image-11290\" src=\"https:\/\/mon-lapinnain.com\/wp-content\/uploads\/2023\/04\/hamac-lapin.jpg\" alt=\"amaca per conigli\" width=\"600\" height=\"418\" \/><\/span><\/p>\n<p>La posizione rialzata di questo <strong>letto per coniglietti<\/strong> dar\u00e0 al tuo piccolo un senso di sicurezza e comfort, poich\u00e9 potr\u00e0 tenere d\u2019occhio l\u2019ambiente circostante, fondamentale per i suoi istinti naturali. Essendo un animale da preda, il coniglio ha bisogno di avere una visuale dell\u2019ambiente per sentirsi sicuro e protetto.<\/p>\n<p><img decoding=\"async\" class=\"alignnone wp-image-11295\" src=\"https:\/\/mon-lapinnain.com\/wp-content\/uploads\/2023\/04\/lit-pour-lapin-nain.jpg\" alt=\"letto in legno per coniglio\" width=\"600\" height=\"600\" \/><\/p>\n<p>Offrendo questo <strong>letto al tuo coniglio<\/strong>, gli doni uno spazio dove pu\u00f2 riposare tranquillamente e sentirsi protetto.<\/p>\n<h3>Un Letto Adorabile per Conigli<\/h3>\n<p>Questa <strong>Amaca per conigli &#8211; Grigia<\/strong> \u00e8 perfetta per l\u2019interno, grazie al tessuto a righe grigie che si adatta a qualsiasi ambiente senza stonare con l\u2019arredamento. Puoi anche posizionare questo <strong>letto per coniglio<\/strong> nel recinto del tuo animale, cos\u00ec potr\u00e0 accedervi in qualsiasi momento.<\/p>\n<p><img decoding=\"async\" class=\"alignnone wp-image-11291\" src=\"https:\/\/mon-lapinnain.com\/wp-content\/uploads\/2023\/04\/Hamac-pour-lapin-1.jpg\" alt=\"Letto per conigli\" width=\"600\" height=\"600\" \/><\/p>\n<p>Realizzata con una solida struttura in legno e un centro in tessuto rigido, questa <strong>amaca per conigli<\/strong> \u00e8 sia comoda che resistente.<\/p>\n<p>Infine, poich\u00e9 questo <strong>letto per coniglietti<\/strong> \u00e8 leggermente rialzato da terra, il tuo animale peloso potr\u00e0 godere di una temperatura piacevole, soprattutto in estate. Puoi mettere una borsa del ghiaccio sotto per mantenere fresco e rilassato il tuo coniglio.<\/p>\n<p><img loading=\"lazy\" decoding=\"async\" class=\"alignnone wp-image-11289\" src=\"https:\/\/mon-lapinnain.com\/wp-content\/uploads\/2023\/04\/hamac-gris-pour-lapin.jpg\" alt=\"amaca grigia per conigli\" width=\"600\" height=\"600\" \/><\/p>\n<p><b>Specifiche tecniche:<\/b><\/p>\n<ul>\n<li> Materiali: Legno e Tessuto<\/li>\n<li> Dimensioni: 53cm x 48cm x 13cm<\/li>\n<li>Colore: Motivo a righe grigie<\/li>\n<\/ul>\n<p>Per garantire al tuo piccolo amico un sonno sereno e confortevole, scopri la nostra selezione speciale di <a href=\"https:\/\/www.bunzyland.com\/it\/letto-conigli\/\">letti per conigli<\/a>.<\/p>\n","protected":false},"excerpt":{"rendered":"<ul>\n<li>Letto per coniglio<\/li>\n<li>Letto in legno<\/li>\n<\/ul>\n","protected":false},"featured_media":15432,"comment_status":"closed","ping_status":"closed","template":"","meta":{"_seopress_robots_primary_cat":"none","_seopress_titles_title":"","_seopress_titles_desc":"The rabbit hammock - gray is an essential resting accessory for the well-being of your pet. This wooden rabbit bed is ideal for napping.","_seopress_robots_index":""},"product_brand":[],"product_cat":[294,274],"product_tag":[],"class_list":{"0":"post-15431","1":"product","2":"type-product","3":"status-publish","4":"has-post-thumbnail","6":"product_cat-bunny-shop","7":"product_cat-letto-conigli","8":"product_shipping_class-ok-mondial-relais","10":"first","11":"instock","12":"taxable","13":"shipping-taxable","14":"purchasable","15":"product-type-simple"},"_links":{"self":[{"href":"https:\/\/www.bunzyland.com\/it\/wp-json\/wp\/v2\/product\/15431","targetHints":{"allow":["GET"]}}],"collection":[{"href":"https:\/\/www.bunzyland.com\/it\/wp-json\/wp\/v2\/product"}],"about":[{"href":"https:\/\/www.bunzyland.com\/it\/wp-json\/wp\/v2\/types\/product"}],"replies":[{"embeddable":true,"href":"https:\/\/www.bunzyland.com\/it\/wp-json\/wp\/v2\/comments?post=15431"}],"wp:featuredmedia":[{"embeddable":true,"href":"https:\/\/www.bunzyland.com\/it\/wp-json\/wp\/v2\/media\/15432"}],"wp:attachment":[{"href":"https:\/\/www.bunzyland.com\/it\/wp-json\/wp\/v2\/media?parent=15431"}],"wp:term":[{"taxonomy":"product_brand","embeddable":true,"href":"https:\/\/www.bunzyland.com\/it\/wp-json\/wp\/v2\/product_brand?post=15431"},{"taxonomy":"product_cat","embeddable":true,"href":"https:\/\/www.bunzyland.com\/it\/wp-json\/wp\/v2\/product_cat?post=15431"},{"taxonomy":"product_tag","embeddable":true,"href":"https:\/\/www.bunzyland.com\/it\/wp-json\/wp\/v2\/product_tag?post=15431"}],"curies":[{"name":"wp","href":"https:\/\/api.w.org\/{rel}","templated":true}]}}