{"id":15451,"date":"2024-02-19T15:56:17","date_gmt":"2024-02-19T14:56:17","guid":{"rendered":"https:\/\/bunzyland.com\/product\/rabbit-bowl-in-ceramic\/"},"modified":"2025-10-06T16:54:55","modified_gmt":"2025-10-06T14:54:55","slug":"ciotola-per-conigli-in-ceramica","status":"publish","type":"product","link":"https:\/\/www.bunzyland.com\/it\/prodotto\/ciotola-per-conigli-in-ceramica\/","title":{"rendered":"Ciotola per conigli in ceramica"},"content":{"rendered":"<h2><b>Ciotola per conigli in ceramica: una mangiatoia di design e pratica <\/b><\/h2>\n<p>Questa <strong>ciotola per conigli in ceramica<\/strong> \u00e8 perfetta per educare il tuo coniglio a mangiare senza rovesciare il contenuto della sua ciotola dappertutto. Infatti, tutti i conigli hanno l&#8217;abitudine di voler rovesciare la ciotola e giocarci&#8230; Un po&#8217; come i bambini \u263a<br \/>\nTuttavia, con questo <strong>accessorio per conigli<\/strong>, potr\u00e0 sempre provare&#8230; Ma senza successo.<\/p>\n<p><img fetchpriority=\"high\" decoding=\"async\" class=\"alignnone wp-image-8835\" src=\"https:\/\/mon-lapinnain.com\/wp-content\/uploads\/2022\/03\/gamelle-pour-lapin-anti-renversement.jpg\" alt=\"ciotola-per-coniglio-antiribaltamento\" width=\"600\" height=\"600\" \/><\/p>\n<p>S\u00ec, la ceramica \u00e8 un materiale pesante, soprattutto per un piccolo coniglio. Perci\u00f2, questa <strong>ciotola per il cibo del coniglio<\/strong> pu\u00f2 contenere sia cibo che acqua senza alcun rischio di rovesciamento.<\/p>\n<h3>Perch\u00e9 scegliere una mangiatoia pesante per conigli?<\/h3>\n<p>Questa <strong>ciotola per conigli<\/strong> \u00e8 della dimensione perfetta affinch\u00e9 il tuo coniglio possa mangiare e bere senza preoccupazioni, in qualsiasi momento della giornata. Questa <strong>ciotola per l&#8217;acqua del coniglio<\/strong> \u00e8 realizzata in ceramica pesante e dispone di un supporto in bamb\u00f9. Questo garantisce ancora pi\u00f9 stabilit\u00e0 alla ciotola. E il tutto \u00e8 perfettamente adattato alla taglia del tuo coniglio nano.<\/p>\n<p>Inoltre, se hai dei dubbi sul modello di <strong>mangiatoia per conigli<\/strong>, ti ricordiamo che \u00e8 sempre consigliabile utilizzare una ciotola ed evitare il <strong>beverino per conigli<\/strong>.<\/p>\n<p><img decoding=\"async\" class=\"alignnone wp-image-8834\" src=\"https:\/\/mon-lapinnain.com\/wp-content\/uploads\/2022\/03\/Bol-pour-lapin.jpg\" alt=\"ciotola coniglio\" width=\"600\" height=\"600\" \/><\/p>\n<p>Infatti, anche se ha alcuni vantaggi e pu\u00f2 contenere una grande quantit\u00e0 d&#8217;acqua, il <strong>beverino per conigli<\/strong> non consente una buona postura per bere e pu\u00f2 causare lesioni ai denti al tuo caro compagno dalle lunghe orecchie!<\/p>\n<p>Ultimo ma non meno importante: l&#8217;igiene!<\/p>\n<p>Come probabilmente sai, i conigli amano essere puliti. Ecco perch\u00e9 ti ricordiamo che la <strong>ciotola per conigli<\/strong> deve essere sistemata di fronte alla lettiera. In questo modo, il tuo coniglietto potr\u00e0 mangiare e bere in tutta tranquillit\u00e0.<\/p>\n<p><img decoding=\"async\" class=\"alignnone wp-image-8833\" src=\"https:\/\/mon-lapinnain.com\/wp-content\/uploads\/2022\/03\/Bol-pour-lapin-nain.jpg\" alt=\"ciotola coniglio antiscivolo\" width=\"600\" height=\"600\" \/><\/p>\n<p><b>Dettagli aggiuntivi:<\/b><\/p>\n<ul>\n<li>Colori disponibili: Rosa o grigio<\/li>\n<li>Materiali: Legno di bamb\u00f9 + ceramica<\/li>\n<li>Dimensioni: D 16cm x H 6.5cm (6.3 in x 2.6 in)<\/li>\n<li>Capacit\u00e0: 400mL<\/li>\n<\/ul>\n<p>Per garantire il benessere e il comfort del tuo coniglio, scopri la nostra ampia gamma di <a href=\"https:\/\/www.bunzyland.com\/it\/accessori-conigli\/\">accessori per conigli<\/a>, adatti a tutte le sue esigenze.<\/p>\n","protected":false},"excerpt":{"rendered":"<ul>\n<li>Accessorio per conigli<\/li>\n<li>Mangiatoia per conigli<\/li>\n<\/ul>\n","protected":false},"featured_media":15452,"comment_status":"closed","ping_status":"closed","template":"","meta":{"_seopress_robots_primary_cat":"none","_seopress_titles_title":"","_seopress_titles_desc":"Rabbit bowl in ceramic: This heavy rabbit feeeder l is perfect for your pet to eat without spilling food and water. Better than water bottle!","_seopress_robots_index":""},"product_brand":[],"product_cat":[276,288,294],"product_tag":[],"class_list":{"0":"post-15451","1":"product","2":"type-product","3":"status-publish","4":"has-post-thumbnail","6":"product_cat-accessori-conigli","7":"product_cat-borraccia-per-conigli","8":"product_cat-bunny-shop","9":"product_shipping_class-ok-mondial-relais","11":"first","12":"outofstock","13":"taxable","14":"shipping-taxable","15":"purchasable","16":"product-type-variable","17":"has-default-attributes"},"_links":{"self":[{"href":"https:\/\/www.bunzyland.com\/it\/wp-json\/wp\/v2\/product\/15451","targetHints":{"allow":["GET"]}}],"collection":[{"href":"https:\/\/www.bunzyland.com\/it\/wp-json\/wp\/v2\/product"}],"about":[{"href":"https:\/\/www.bunzyland.com\/it\/wp-json\/wp\/v2\/types\/product"}],"replies":[{"embeddable":true,"href":"https:\/\/www.bunzyland.com\/it\/wp-json\/wp\/v2\/comments?post=15451"}],"wp:featuredmedia":[{"embeddable":true,"href":"https:\/\/www.bunzyland.com\/it\/wp-json\/wp\/v2\/media\/15452"}],"wp:attachment":[{"href":"https:\/\/www.bunzyland.com\/it\/wp-json\/wp\/v2\/media?parent=15451"}],"wp:term":[{"taxonomy":"product_brand","embeddable":true,"href":"https:\/\/www.bunzyland.com\/it\/wp-json\/wp\/v2\/product_brand?post=15451"},{"taxonomy":"product_cat","embeddable":true,"href":"https:\/\/www.bunzyland.com\/it\/wp-json\/wp\/v2\/product_cat?post=15451"},{"taxonomy":"product_tag","embeddable":true,"href":"https:\/\/www.bunzyland.com\/it\/wp-json\/wp\/v2\/product_tag?post=15451"}],"curies":[{"name":"wp","href":"https:\/\/api.w.org\/{rel}","templated":true}]}}