{"id":15467,"date":"2024-02-19T15:56:19","date_gmt":"2024-02-19T14:56:19","guid":{"rendered":"https:\/\/bunzyland.com\/product\/toy-for-rabbit-to-chew\/"},"modified":"2025-10-06T16:54:55","modified_gmt":"2025-10-06T14:54:55","slug":"giocattolo-da-masticare-per-coniglio","status":"publish","type":"product","link":"https:\/\/www.bunzyland.com\/it\/prodotto\/giocattolo-da-masticare-per-coniglio\/","title":{"rendered":"Giocattolo da masticare per coniglio"},"content":{"rendered":"<h2><b>Giocattolo da masticare per coniglio a forma di carota<\/b><\/h2>\n<p>Questo <strong>giocattolo da masticare per coniglio<\/strong> a forma di carota arancione \u00e8 un <strong>accessorio<\/strong> super divertente. I suoi colori vivaci e intensi attireranno il tuo coniglietto a giocarci; potr\u00e0 farlo per ore&#8230; \ud83d\ude0a<\/p>\n<p>Prima di tutto, sappi che masticare \u00e8 un comportamento totalmente normale per i conigli&#8230; Amano rosicchiare tutto ci\u00f2 che trovano, col rischio di farsi male: tappeti, vari mobili e oggetti di casa&#8230;<\/p>\n<p><img fetchpriority=\"high\" decoding=\"async\" class=\"alignnone wp-image-8738\" src=\"https:\/\/mon-lapinnain.com\/wp-content\/uploads\/2022\/06\/Jouet-pour-lapin-grignoter.jpg\" alt=\"Giocattolo a forma di carota per coniglio\" width=\"600\" height=\"600\" \/><\/p>\n<p>Quindi, questo <strong>giocattolo da masticare per coniglio<\/strong> permette loro di soddisfare il bisogno di rosicchiare, senza farsi male!<\/p>\n<p><img decoding=\"async\" class=\"alignnone wp-image-8736\" src=\"https:\/\/mon-lapinnain.com\/wp-content\/uploads\/2022\/06\/Jouet-pour-lapin-a-grignoter.jpg\" alt=\"giocattolo da masticare per coniglio\" width=\"600\" height=\"600\" \/><\/p>\n<p>Questo <strong>giocattolo per coniglio<\/strong> \u00e8 realizzato in luffa. \u00c8 una spugna naturale proveniente da una pianta rampicante. Segnaliamo questa caratteristica perch\u00e9 la sua origine naturale dimostra che questo snack a forma di carota per coniglio \u00e8 completamente commestibile. \ud83d\ude0a<\/p>\n<h3>Il miglior giocattolo per conigli<\/h3>\n<p><img decoding=\"async\" class=\"alignnone wp-image-16498\" src=\"https:\/\/mon-lapinnain.com\/wp-content\/uploads\/2022\/07\/jouet-pour-lapin-carotte-a-grignoter.png\" alt=\"giocattoli per conigli giocattoli da masticare\" width=\"600\" height=\"600\" \/><\/p>\n<p>Questo <strong>giocattolo<\/strong><strong> per coniglietto<\/strong> \u00e8 perfetto per intrattenere e divertire il tuo amico dalle orecchie lunghe. Pu\u00f2 essere masticato a terra oppure appeso alla sua gabbia con una cordicella. Nota, per\u00f2, che questo <strong>giocattolo naturale per coniglio<\/strong> non sostituisce assolutamente l\u2019alimento principale che \u00e8 il fieno; pensa a questo prodotto come a una semplice leccornia o a un aiuto in pi\u00f9.<\/p>\n<p><img loading=\"lazy\" decoding=\"async\" class=\"alignnone wp-image-8735\" src=\"https:\/\/mon-lapinnain.com\/wp-content\/uploads\/2022\/06\/jeu-pour-lapin-naturel.jpg\" alt=\"carota per giocattolo da coniglio\" width=\"600\" height=\"600\" \/><\/p>\n<p>Infine, questo <strong>giocattolo da masticare per coniglio<\/strong> contribuisce all\u2019igiene dei dentini del tuo coniglio.<\/p>\n<p><b>Altri dettagli:<\/b><\/p>\n<ul>\n<li style=\"font-weight: 400\">Modello: Carota<\/li>\n<li style=\"font-weight: 400\">Numero di pezzi: 1<\/li>\n<li style=\"font-weight: 400\">Materiali: Luffa (materiale naturale)<\/li>\n<li style=\"font-weight: 400\">Non tossico<\/li>\n<\/ul>\n<p>Per ancora pi\u00f9 divertimento per il tuo piccolo amico peloso, scopri la nostra selezione di <a href=\"https:\/\/www.bunzyland.com\/it\/giochi-conigli\/\">giocattoli per conigli<\/a> specialmente pensati per il suo benessere e il suo divertimento.<\/p>\n","protected":false},"excerpt":{"rendered":"<ul>\n<li>1 carota per sgranocchiare<\/li>\n<li>Non tossico<\/li>\n<\/ul>\n","protected":false},"featured_media":15468,"comment_status":"closed","ping_status":"closed","template":"","meta":{"_seopress_robots_primary_cat":"none","_seopress_titles_title":"","_seopress_titles_desc":"The toy for rabbit to chew in the shape of a carrot is ideal for entertaining and satisfying your pet rabbit's urge to nibble.","_seopress_robots_index":""},"product_brand":[],"product_cat":[294,292,267],"product_tag":[],"class_list":{"0":"post-15467","1":"product","2":"type-product","3":"status-publish","4":"has-post-thumbnail","6":"product_cat-bunny-shop","7":"product_cat-giocattolo-da-rosicchiare","8":"product_cat-giochi-conigli","9":"product_shipping_class-ok-mondial-relais","11":"first","12":"instock","13":"taxable","14":"shipping-taxable","15":"purchasable","16":"product-type-simple"},"_links":{"self":[{"href":"https:\/\/www.bunzyland.com\/it\/wp-json\/wp\/v2\/product\/15467","targetHints":{"allow":["GET"]}}],"collection":[{"href":"https:\/\/www.bunzyland.com\/it\/wp-json\/wp\/v2\/product"}],"about":[{"href":"https:\/\/www.bunzyland.com\/it\/wp-json\/wp\/v2\/types\/product"}],"replies":[{"embeddable":true,"href":"https:\/\/www.bunzyland.com\/it\/wp-json\/wp\/v2\/comments?post=15467"}],"wp:featuredmedia":[{"embeddable":true,"href":"https:\/\/www.bunzyland.com\/it\/wp-json\/wp\/v2\/media\/15468"}],"wp:attachment":[{"href":"https:\/\/www.bunzyland.com\/it\/wp-json\/wp\/v2\/media?parent=15467"}],"wp:term":[{"taxonomy":"product_brand","embeddable":true,"href":"https:\/\/www.bunzyland.com\/it\/wp-json\/wp\/v2\/product_brand?post=15467"},{"taxonomy":"product_cat","embeddable":true,"href":"https:\/\/www.bunzyland.com\/it\/wp-json\/wp\/v2\/product_cat?post=15467"},{"taxonomy":"product_tag","embeddable":true,"href":"https:\/\/www.bunzyland.com\/it\/wp-json\/wp\/v2\/product_tag?post=15467"}],"curies":[{"name":"wp","href":"https:\/\/api.w.org\/{rel}","templated":true}]}}