{"id":15473,"date":"2024-02-19T15:56:19","date_gmt":"2024-02-19T14:56:19","guid":{"rendered":"https:\/\/bunzyland.com\/product\/rabbit-brush-in-silicone\/"},"modified":"2025-10-06T16:54:55","modified_gmt":"2025-10-06T14:54:55","slug":"spazzola-per-conigli-in-silicone","status":"publish","type":"product","link":"https:\/\/www.bunzyland.com\/it\/prodotto\/spazzola-per-conigli-in-silicone\/","title":{"rendered":"Spazzola per conigli in silicone"},"content":{"rendered":"<h2><b>Spazzola per conigli: l&#8217;accessorio in silicone super efficiente<\/b><\/h2>\n<p>La <strong>spazzola per conigli in silicone<\/strong> \u00e8 uno degli accessori indispensabili quando si adotta un piccolo coniglio. La <strong>spazzola per coniglietti<\/strong> \u00e8 ideale per spazzolare regolarmente, anche quotidianamente, il tuo coniglio, soprattutto durante i periodi di muta. Elimina i peli morti che rimangono sul corpo del tuo animale e previene la formazione di nuovi nodi. In questo modo il pelo del tuo animale sar\u00e0 sempre setoso, morbido e lucente.<\/p>\n<p><img fetchpriority=\"high\" decoding=\"async\" class=\"alignnone wp-image-8713 size-full\" src=\"https:\/\/mon-lapinnain.com\/wp-content\/uploads\/2022\/03\/Brosse-lapin-nain_1.gif\" alt=\"Spazzola per conigli\" width=\"400\" height=\"208\" \/><\/p>\n<p>Questo <strong>accessorio per conigli<\/strong> ti permette di spazzolare e pettinare il tuo animale senza fargli male. Con questa <strong>spazzola per la toelettatura del coniglio<\/strong>, potrai trascorrere piacevoli momenti di complicit\u00e0 con il tuo adorato compagno dalle lunghe orecchie.<\/p>\n<h3>Il miglior accessorio per la toelettatura del coniglio<\/h3>\n<p>La <strong>spazzola in silicone per conigli<\/strong> \u00e8 perfetta per la toelettatura del tuo fedele amico. Puoi spazzolare il tuo coniglio in totale sicurezza, senza rischiare di strappargli il pelo. Questo <strong>accessorio per conigli <\/strong>non contiene spigoli vivi, metalli o altri materiali che potrebbero ferirlo.<\/p>\n<p><img decoding=\"async\" class=\"alignnone wp-image-8716\" src=\"https:\/\/mon-lapinnain.com\/wp-content\/uploads\/2022\/03\/Brosse-lapin.jpg\" alt=\"Spazzola per conigli\" width=\"600\" height=\"600\" \/><\/p>\n<p>Infatti, le punte di questa <strong>spazzola per conigli<\/strong> sono realizzate in silicone, sono morbide e consentono anche di massaggiare il tuo coniglietto&#8230; Vedrai, lo adorer\u00e0!<\/p>\n<p>Inoltre, la forma di questo accessorio \u00e8 ergonomica e appositamente studiata per adattarsi comodamente alla tua mano.<\/p>\n<p>Attenzione! La spazzolatura dei conigli \u00e8 fortemente consigliata, addirittura vitale, perch\u00e9 evita l&#8217;ingestione dei peli morti; questo processo pu\u00f2 causare un rallentamento o addirittura il blocco della digestione (che pu\u00f2 essere fatale per il coniglio).<\/p>\n<p><b>Dettagli aggiuntivi:<\/b><\/p>\n<ul>\n<li>Colori disponibili: Rosa<\/li>\n<li>Dimensione: 8cm (testa)<\/li>\n<li>Materiali: Silicone<\/li>\n<\/ul>\n<p><img decoding=\"async\" class=\"alignnone wp-image-11253\" src=\"https:\/\/mon-lapinnain.com\/wp-content\/uploads\/2022\/04\/petite-brosse-pour-lapin.jpg\" alt=\"Spazzola per conigli rosa\" width=\"600\" height=\"600\" \/><\/p>\n","protected":false},"excerpt":{"rendered":"<ul>\n<li>Accessorio per conigli<\/li>\n<li>Migliore spazzola per conigli<\/li>\n<\/ul>\n","protected":false},"featured_media":15474,"comment_status":"closed","ping_status":"closed","template":"","meta":{"_seopress_robots_primary_cat":"none","_seopress_titles_title":"","_seopress_titles_desc":"The rabbit brush in silicone is ideal for grooming, it also helps to prevent the ingestion of dead hair. It's the best for rabbit grooming!","_seopress_robots_index":""},"product_brand":[],"product_cat":[276,294,308],"product_tag":[],"class_list":{"0":"post-15473","1":"product","2":"type-product","3":"status-publish","4":"has-post-thumbnail","6":"product_cat-accessori-conigli","7":"product_cat-bunny-shop","8":"product_cat-spazzola-conigli","9":"product_shipping_class-ok-mondial-relais","11":"first","12":"instock","13":"sale","14":"taxable","15":"shipping-taxable","16":"purchasable","17":"product-type-variable","18":"has-default-attributes"},"_links":{"self":[{"href":"https:\/\/www.bunzyland.com\/it\/wp-json\/wp\/v2\/product\/15473","targetHints":{"allow":["GET"]}}],"collection":[{"href":"https:\/\/www.bunzyland.com\/it\/wp-json\/wp\/v2\/product"}],"about":[{"href":"https:\/\/www.bunzyland.com\/it\/wp-json\/wp\/v2\/types\/product"}],"replies":[{"embeddable":true,"href":"https:\/\/www.bunzyland.com\/it\/wp-json\/wp\/v2\/comments?post=15473"}],"wp:featuredmedia":[{"embeddable":true,"href":"https:\/\/www.bunzyland.com\/it\/wp-json\/wp\/v2\/media\/15474"}],"wp:attachment":[{"href":"https:\/\/www.bunzyland.com\/it\/wp-json\/wp\/v2\/media?parent=15473"}],"wp:term":[{"taxonomy":"product_brand","embeddable":true,"href":"https:\/\/www.bunzyland.com\/it\/wp-json\/wp\/v2\/product_brand?post=15473"},{"taxonomy":"product_cat","embeddable":true,"href":"https:\/\/www.bunzyland.com\/it\/wp-json\/wp\/v2\/product_cat?post=15473"},{"taxonomy":"product_tag","embeddable":true,"href":"https:\/\/www.bunzyland.com\/it\/wp-json\/wp\/v2\/product_tag?post=15473"}],"curies":[{"name":"wp","href":"https:\/\/api.w.org\/{rel}","templated":true}]}}