{"id":15487,"date":"2024-02-19T15:56:20","date_gmt":"2024-02-19T14:56:20","guid":{"rendered":"https:\/\/bunzyland.com\/product\/toy-for-rabbit-snuffle-ball\/"},"modified":"2025-10-06T16:54:54","modified_gmt":"2025-10-06T14:54:54","slug":"giocattolo-per-coniglio-palla-olfattiva","status":"publish","type":"product","link":"https:\/\/www.bunzyland.com\/it\/prodotto\/giocattolo-per-coniglio-palla-olfattiva\/","title":{"rendered":"Giocattolo per coniglio palla olfattiva"},"content":{"rendered":"<h2><b>Giocattolo per coniglio: una palla olfattiva come gioco da scavo<\/b><\/h2>\n<p>Il <strong>giocattolo per coniglio palla olfattiva<\/strong> \u00e8 un gioco altamente stimolante e divertente per il tuo animale domestico. Questo<strong> gioco per coniglio<\/strong> si basa sul <strong>tappetino da foraggiamento per conigli<\/strong>, ma in versione palla. La forma rotonda \u00e8 molto apprezzata dai nostri amici conigli.<\/p>\n<p><img fetchpriority=\"high\" decoding=\"async\" class=\"alignnone wp-image-9559 size-full\" src=\"https:\/\/mon-lapinnain.com\/wp-content\/uploads\/2022\/05\/jouet-pour-lapin-balle-fouille.gif\" alt=\"Giocattolo per coniglio palla olfattiva\" width=\"300\" height=\"300\" \/><\/p>\n<p>Questa <strong>palla per coniglio<\/strong> non \u00e8 solo un semplice gioco con cui divertirsi \u263a. Infatti, il <strong>gioco da scavo per conigli<\/strong> permette di nascondere al suo interno le sue leccornie preferite come piccoli pezzi di mela o mirtilli rossi essiccati.<br \/>\nQuesta attivit\u00e0 intratterr\u00e0 e stimoler\u00e0 molto il tuo animale domestico, che non esiter\u00e0 a capovolgere la palla per recuperare le sue ricompense.<\/p>\n<p>Quindi questo <strong>giocattolo per coniglietto<\/strong> \u00e8 perfetto per mantenere in forma la tua adorabile pallina di pelo e svilupparne l\u2019intelligenza.<\/p>\n<h2>Come giocare con il tuo coniglio?<\/h2>\n<p>Giocare con il tuo piccolo animale con questa <strong>palla olfattiva per coniglio<\/strong> \u00e8 molto semplice!<br \/>\nCome suggerisce il nome, questo <strong>giocattolo per coniglio<\/strong> si basa sullo stesso principio di un tappeto da ricerca per animali domestici.<\/p>\n<p>Quindi, per giocare con il tuo coniglio, tutto ci\u00f2 che devi fare \u00e8 nascondere le sue leccornie preferite tra le strisce di tessuto. Potr\u00e0 poi annusarle e cercarle.<\/p>\n<p><img decoding=\"async\" class=\"alignnone wp-image-13027 size-full\" src=\"https:\/\/mon-lapinnain.com\/wp-content\/uploads\/2022\/05\/balle-pour-lapin.gif\" alt=\"Giocattolo per coniglio palla olfattiva\" width=\"350\" height=\"350\" \/><\/p>\n<p>Quindi, se vuoi stimolare la mente e l\u2019intelligenza della tua adorabile pallina di pelo, non c\u2019\u00e8 niente di meglio di questo <strong>gioco da scavo per coniglio<\/strong> per mantenerlo in forma, su tutti i livelli.<\/p>\n<p><b>Altri dettagli:<\/b><\/p>\n<ul>\n<li>Colore: Arancione \/ Bianco \/ Giallo \/ Verde<\/li>\n<li>Dimensione: 15 cm (5.91 in)<\/li>\n<\/ul>\n","protected":false},"excerpt":{"rendered":"<ul>\n<li>Palla per coniglio<\/li>\n<li>Divertente<\/li>\n<\/ul>\n","protected":false},"featured_media":15488,"comment_status":"closed","ping_status":"closed","template":"","meta":{"_seopress_robots_primary_cat":"none","_seopress_titles_title":"","_seopress_titles_desc":"This toy for rabbit snuffle ball is ideal for entertaining and stimulating both the physical and mental development of the rabbit.","_seopress_robots_index":""},"product_brand":[],"product_cat":[294,267],"product_tag":[],"class_list":{"0":"post-15487","1":"product","2":"type-product","3":"status-publish","4":"has-post-thumbnail","6":"product_cat-bunny-shop","7":"product_cat-giochi-conigli","8":"product_shipping_class-ok-mondial-relais","10":"first","11":"instock","12":"taxable","13":"shipping-taxable","14":"purchasable","15":"product-type-simple"},"_links":{"self":[{"href":"https:\/\/www.bunzyland.com\/it\/wp-json\/wp\/v2\/product\/15487","targetHints":{"allow":["GET"]}}],"collection":[{"href":"https:\/\/www.bunzyland.com\/it\/wp-json\/wp\/v2\/product"}],"about":[{"href":"https:\/\/www.bunzyland.com\/it\/wp-json\/wp\/v2\/types\/product"}],"replies":[{"embeddable":true,"href":"https:\/\/www.bunzyland.com\/it\/wp-json\/wp\/v2\/comments?post=15487"}],"wp:featuredmedia":[{"embeddable":true,"href":"https:\/\/www.bunzyland.com\/it\/wp-json\/wp\/v2\/media\/15488"}],"wp:attachment":[{"href":"https:\/\/www.bunzyland.com\/it\/wp-json\/wp\/v2\/media?parent=15487"}],"wp:term":[{"taxonomy":"product_brand","embeddable":true,"href":"https:\/\/www.bunzyland.com\/it\/wp-json\/wp\/v2\/product_brand?post=15487"},{"taxonomy":"product_cat","embeddable":true,"href":"https:\/\/www.bunzyland.com\/it\/wp-json\/wp\/v2\/product_cat?post=15487"},{"taxonomy":"product_tag","embeddable":true,"href":"https:\/\/www.bunzyland.com\/it\/wp-json\/wp\/v2\/product_tag?post=15487"}],"curies":[{"name":"wp","href":"https:\/\/api.w.org\/{rel}","templated":true}]}}