{"id":15537,"date":"2024-02-19T15:56:41","date_gmt":"2024-02-19T14:56:41","guid":{"rendered":"https:\/\/bunzyland.com\/product\/rabbit-pen-with-tunnel\/"},"modified":"2025-10-06T16:54:48","modified_gmt":"2025-10-06T14:54:48","slug":"recinto-per-conigli-con-tunnel","status":"publish","type":"product","link":"https:\/\/www.bunzyland.com\/it\/prodotto\/recinto-per-conigli-con-tunnel\/","title":{"rendered":"Recinto per conigli con tunnel"},"content":{"rendered":"<h2>Un recinto 2in1 per conigli con tunnel<\/h2>\n<p>Il <strong>recinto 2-in-1 per conigli<\/strong> \u00e8 una soluzione pratica per ampliare lo spazio vitale del tuo <strong>coniglio<\/strong>. Questo <strong>recinto per conigli<\/strong> <strong>con tunnel<\/strong> sar\u00e0 un vero valore aggiunto nel suo ambiente.<\/p>\n<p>\u00c8 composto da una parte <strong>tenda<\/strong> e da una parte tunnel. La sezione <strong>tunnel<\/strong> \u00e8 un vero vantaggio per il tuo <strong>coniglietto<\/strong>, potr\u00e0 nascondersi e divertirsi.<\/p>\n<p><strong>Dettagli su questo recinto per conigli:<\/strong><\/p>\n<p>Dimensioni: Tenda 47cm x 45cm \/ 18,50&#8243; x 17,71&#8243; &#8211; Tunnel 120cm x 26cm : 47,24&#8243; x 10,23&#8243;<br \/>\nColore: Disponibile in 2 diversi colori<br \/>\nMateriale: Poliestere<\/p>\n","protected":false},"excerpt":{"rendered":"<p>Un recinto 2in1 per conigli con tunnel Il recinto 2-in-1 per conigli \u00e8 una soluzione pratica per ampliare lo spazio vitale del tuo coniglio. Questo recinto per conigli con tunnel sar\u00e0 un vero valore aggiunto nel suo ambiente. \u00c8 composto da una parte tenda e da una parte tunnel. La sezione tunnel \u00e8 un vero [&hellip;]<\/p>\n","protected":false},"featured_media":15538,"comment_status":"closed","ping_status":"closed","template":"","meta":{"_seopress_robots_primary_cat":"none","_seopress_titles_title":"","_seopress_titles_desc":"Rabbit pen with tunnel is a toy and a playpen at the same time! Your bunny will love this new toy and bunny pen! A perfect supply for him!","_seopress_robots_index":""},"product_brand":[],"product_cat":[294,298,300,284],"product_tag":[],"class_list":{"0":"post-15537","1":"product","2":"type-product","3":"status-publish","4":"has-post-thumbnail","6":"product_cat-bunny-shop","7":"product_cat-offers","8":"product_cat-recinto-conigli","9":"product_cat-tunnel-conigli","11":"first","12":"outofstock","13":"sale","14":"taxable","15":"shipping-taxable","16":"purchasable","17":"product-type-simple"},"_links":{"self":[{"href":"https:\/\/www.bunzyland.com\/it\/wp-json\/wp\/v2\/product\/15537","targetHints":{"allow":["GET"]}}],"collection":[{"href":"https:\/\/www.bunzyland.com\/it\/wp-json\/wp\/v2\/product"}],"about":[{"href":"https:\/\/www.bunzyland.com\/it\/wp-json\/wp\/v2\/types\/product"}],"replies":[{"embeddable":true,"href":"https:\/\/www.bunzyland.com\/it\/wp-json\/wp\/v2\/comments?post=15537"}],"wp:featuredmedia":[{"embeddable":true,"href":"https:\/\/www.bunzyland.com\/it\/wp-json\/wp\/v2\/media\/15538"}],"wp:attachment":[{"href":"https:\/\/www.bunzyland.com\/it\/wp-json\/wp\/v2\/media?parent=15537"}],"wp:term":[{"taxonomy":"product_brand","embeddable":true,"href":"https:\/\/www.bunzyland.com\/it\/wp-json\/wp\/v2\/product_brand?post=15537"},{"taxonomy":"product_cat","embeddable":true,"href":"https:\/\/www.bunzyland.com\/it\/wp-json\/wp\/v2\/product_cat?post=15537"},{"taxonomy":"product_tag","embeddable":true,"href":"https:\/\/www.bunzyland.com\/it\/wp-json\/wp\/v2\/product_tag?post=15537"}],"curies":[{"name":"wp","href":"https:\/\/api.w.org\/{rel}","templated":true}]}}