{"id":12447,"date":"2024-02-19T15:56:22","date_gmt":"2024-02-19T14:56:22","guid":{"rendered":"https:\/\/bunzyland.com\/product\/hygienische-kattenbak-voor-konijnen\/"},"modified":"2026-02-08T17:29:02","modified_gmt":"2026-02-08T16:29:02","slug":"hygienische-konijnen-toilet","status":"publish","type":"product","link":"https:\/\/www.bunzyland.com\/nl\/product\/hygienische-konijnen-toilet\/","title":{"rendered":"Hygi\u00ebnische kattenbak voor konijnen"},"content":{"rendered":"<h2>Een ultra-hygi\u00ebnische konijnenbak met rooster<\/h2>\n<p>Ontdek de revolutie in de wereld van <strong>accessoires voor konijnen<\/strong>: onze <strong>hygi\u00ebnische konijnenbak<\/strong>, speciaal ontworpen om comfort en hygi\u00ebne te combineren. Dit <strong>accessoire<\/strong> is een hygi\u00ebnische oplossing die de leefruimte van je konijn schoon en droog houdt, terwijl het je kleine metgezel een comfortabele plek biedt. \ud83d\udc30\u2728<\/p>\n<p><img fetchpriority=\"high\" decoding=\"async\" class=\"alignnone size-full wp-image-8520\" src=\"https:\/\/mon-lapinnain.com\/wp-content\/uploads\/2022\/03\/litiere-bac-pour-lapin.gif\" alt=\"bac-\u00e0-litiere-lapinbac-\u00e0-litiere-lapin\" width=\"400\" height=\"400\" \/><\/p>\n<p>Deze <strong>konijnenbakvulling<\/strong> is ontworpen om het dagelijks leven van konijneneigenaars makkelijker te maken. Met zijn verwijderbare rooster scheidt het konijn van zijn behoeften, waardoor het risico op pododermatitis vermindert. Zo bespaar je kostbare tijd en cre\u00eber je een gezondere omgeving voor je konijn. Je konijn komt niet in contact met zijn eigen uitwerpselen.<\/p>\n<h3>Een praktisch konijnenaccessoire<\/h3>\n<p>Onze <strong>hygi\u00ebnische konijnenbak<\/strong> is verkrijgbaar in twee maten, klein en groot, zodat hij perfect past bij de leefruimte van je konijn, of het nu een dwergkonijn of een groter konijn is. Dankzij het ergonomische ontwerp van deze <strong>konijnenbakvulling<\/strong> kan je konijn er gemakkelijk in en uit, waardoor hij perfect is voor alle leeftijden en lichamelijke condities. \ud83d\udcd0\ud83d\udd04<\/p>\n<p><img decoding=\"async\" class=\"alignnone wp-image-8523\" src=\"https:\/\/mon-lapinnain.com\/wp-content\/uploads\/2022\/03\/litie%CC%80re-pour-lapin.jpg\" alt=\"Hygi\u00ebnische kattenbak voor konijnen\" width=\"600\" height=\"600\" \/><\/p>\n<p>Het <strong>roosteroppervlak<\/strong> is zo ontworpen dat het zacht is voor de poten van je konijn, terwijl het ervoor zorgt dat de uitwerpselen in de onderste bak vallen. Dit helpt om de poten van je konijn schoon en droog te houden, waardoor het risico op irritatie en infecties wordt voorkomen. Als je kiest voor onze <strong>kattenbak met rooster<\/strong>, investeer je in de gezondheid en het welzijn van je huisdier. Naast de hygi\u00ebnische rol, is het een essentieel <strong>accessoire<\/strong> in het ontwerp van de leefruimte van je konijn, wat de potjestraining vergemakkelijkt. <b>Kenmerken :<\/b><\/p>\n<ul>\n<li style=\"font-weight: 400;\" aria-level=\"1\"><span style=\"font-weight: 400;\">Verkrijgbaar in 2 maten: Groot (57 x 45cm) en Klein (31 x 38cm)<\/span><\/li>\n<\/ul>\n<p><img decoding=\"async\" class=\"alignnone wp-image-8521\" src=\"https:\/\/mon-lapinnain.com\/wp-content\/uploads\/2022\/03\/litie%CC%80re-pour-lapin-nain-TAILLE.jpg\" alt=\"Konijnenbak met rooster\" width=\"600\" height=\"600\" \/><\/p>\n<p>Om het welzijn en comfort van je konijn te garanderen, kun je ons ruime assortiment accessoires voor konijnen bekijken, aangepast aan al zijn behoeften.<\/p>\n","protected":false},"excerpt":{"rendered":"<p>Een ultra-hygi\u00ebnische konijnenbak met rooster Ontdek de revolutie in de wereld van accessoires voor konijnen: onze hygi\u00ebnische konijnenbak, speciaal ontworpen om comfort en hygi\u00ebne te combineren. Dit accessoire is een hygi\u00ebnische oplossing die de leefruimte van je konijn schoon en droog houdt, terwijl het je kleine metgezel een comfortabele plek biedt. \ud83d\udc30\u2728 Deze konijnenbakvulling is [&hellip;]<\/p>\n","protected":false},"featured_media":11452,"comment_status":"closed","ping_status":"closed","template":"","meta":{"_seopress_robots_primary_cat":"none","_seopress_titles_title":"","_seopress_titles_desc":"","_seopress_robots_index":""},"product_brand":[],"product_cat":[182,184,168],"product_tag":[],"class_list":{"0":"post-12447","1":"product","2":"type-product","3":"status-publish","4":"has-post-thumbnail","6":"product_cat-konijn-accessoire","7":"product_cat-konijnen-toilet","8":"product_cat-konijnen-winkel","9":"product_shipping_class-ok-mondial-relais-nl","11":"first","12":"outofstock","13":"taxable","14":"shipping-taxable","15":"purchasable","16":"product-type-variable","17":"has-default-attributes"},"_links":{"self":[{"href":"https:\/\/www.bunzyland.com\/nl\/wp-json\/wp\/v2\/product\/12447","targetHints":{"allow":["GET"]}}],"collection":[{"href":"https:\/\/www.bunzyland.com\/nl\/wp-json\/wp\/v2\/product"}],"about":[{"href":"https:\/\/www.bunzyland.com\/nl\/wp-json\/wp\/v2\/types\/product"}],"replies":[{"embeddable":true,"href":"https:\/\/www.bunzyland.com\/nl\/wp-json\/wp\/v2\/comments?post=12447"}],"wp:featuredmedia":[{"embeddable":true,"href":"https:\/\/www.bunzyland.com\/nl\/wp-json\/wp\/v2\/media\/11452"}],"wp:attachment":[{"href":"https:\/\/www.bunzyland.com\/nl\/wp-json\/wp\/v2\/media?parent=12447"}],"wp:term":[{"taxonomy":"product_brand","embeddable":true,"href":"https:\/\/www.bunzyland.com\/nl\/wp-json\/wp\/v2\/product_brand?post=12447"},{"taxonomy":"product_cat","embeddable":true,"href":"https:\/\/www.bunzyland.com\/nl\/wp-json\/wp\/v2\/product_cat?post=12447"},{"taxonomy":"product_tag","embeddable":true,"href":"https:\/\/www.bunzyland.com\/nl\/wp-json\/wp\/v2\/product_tag?post=12447"}],"curies":[{"name":"wp","href":"https:\/\/api.w.org\/{rel}","templated":true}]}}