{"id":12619,"date":"2024-02-19T15:55:59","date_gmt":"2024-02-19T14:55:59","guid":{"rendered":"https:\/\/bunzyland.com\/product\/konijnenhuis-in-cocon\/"},"modified":"2025-09-12T13:07:18","modified_gmt":"2025-09-12T11:07:18","slug":"schattig-konijnenhuis","status":"publish","type":"product","link":"https:\/\/www.bunzyland.com\/nl\/product\/schattig-konijnenhuis\/","title":{"rendered":"Schattig konijnenhuis"},"content":{"rendered":"<h2>Een schattig konijnenhuis voor zijn welzijn<\/h2>\n<p>Ontdek dit goudklompje, het<strong> Schattig konijnenhuis<\/strong>! Het is de ideale keuze om je konijn een persoonlijke, comfortabele ruimte te geven. Met zijn gestreepte ontwerp en zachte materiaal is deze <strong>Konijnen Huizen <\/strong>perfect voor de rust en ontspanning van je konijntje. Het is een echte cocon van zachtheid waar je kleine schat zich in kan verstoppen en zich veilig kan voelen.<\/p>\n<p>Het <span data-sheets-root=\"1\"><strong>huisje<\/strong> <\/span>is ruim genoeg voor je konijn om zich uit te rekken en te ontspannen, maar toch compact genoeg om gemakkelijk in zijn leefruimte te passen. Door de grote opening kan je konijn er gemakkelijk in en uit, wat de onafhankelijkheid en verkenning bevordert. Je konijn zal zich er veilig en geborgen in voelen en er zijn beste dutjes in doen \ud83e\udd23<\/p>\n<h3>Een leuk <span data-sheets-root=\"1\">Konijnen schuilhuisje <\/span>voor konijnenfans<\/h3>\n<p>Dit charmante, <strong>schattig konijnenhuis<\/strong> is ontworpen met veel aandacht voor detail. Met zijn konijnenoren bovenop en zijn kleine witte pompon is hij onweerstaanbaar voor konijnenfans zoals wij! Je kunt hem gemakkelijk in het verblijf van je konijn of in je woonkamer plaatsen.<br \/>\nDe <strong>konijnenschuilplaats<\/strong> is ook gemakkelijk schoon te maken, zodat je hem snel en gemakkelijk kunt onderhouden.<\/p>\n<p>Ons<strong> Schuilplaats voor konijnen <\/strong>is de ideale keuze om je huisdier een comfortabele rustplaats te bieden en tegelijkertijd een vrolijk tintje aan je huis te geven.<\/p>\n<p><strong>Kenmerken :<\/strong><\/p>\n<p><strong>Materiaal<\/strong>: zachte stof<br \/>\n<strong>Afmetingen:<\/strong> B 23 x L 32 x H 30cm<br \/>\n<strong>Ontwerp:<\/strong> Gestreept met konijnenoren<br \/>\n<strong>Het kussen kan in de wasmachine<\/strong><\/p>\n","protected":false},"excerpt":{"rendered":"<ul>\n<li><span data-sheets-root=\"1\">Konijnen huisje<\/span> met comfortkussen<\/li>\n<li>Ideale gezellige schuilplaats<\/li>\n<li>Schattig ontwerp<\/li>\n<\/ul>\n","protected":false},"featured_media":12144,"comment_status":"closed","ping_status":"closed","template":"","meta":{"_seopress_robots_primary_cat":"none","_seopress_titles_title":"","_seopress_titles_desc":"La Maison pour lapin cocooning is de favoriete plek voor uw lapinou. Cette cabane lapin est id\u00e9al pour des sieste bien m\u00e9rit\u00e9es.","_seopress_robots_index":""},"product_brand":[],"product_cat":[176,168],"product_tag":[],"class_list":{"0":"post-12619","1":"product","2":"type-product","3":"status-publish","4":"has-post-thumbnail","6":"product_cat-konijnen-huisje","7":"product_cat-konijnen-winkel","8":"product_shipping_class-ok-mondial-relais-nl","10":"first","11":"instock","12":"taxable","13":"shipping-taxable","14":"purchasable","15":"product-type-simple"},"_links":{"self":[{"href":"https:\/\/www.bunzyland.com\/nl\/wp-json\/wp\/v2\/product\/12619","targetHints":{"allow":["GET"]}}],"collection":[{"href":"https:\/\/www.bunzyland.com\/nl\/wp-json\/wp\/v2\/product"}],"about":[{"href":"https:\/\/www.bunzyland.com\/nl\/wp-json\/wp\/v2\/types\/product"}],"replies":[{"embeddable":true,"href":"https:\/\/www.bunzyland.com\/nl\/wp-json\/wp\/v2\/comments?post=12619"}],"wp:featuredmedia":[{"embeddable":true,"href":"https:\/\/www.bunzyland.com\/nl\/wp-json\/wp\/v2\/media\/12144"}],"wp:attachment":[{"href":"https:\/\/www.bunzyland.com\/nl\/wp-json\/wp\/v2\/media?parent=12619"}],"wp:term":[{"taxonomy":"product_brand","embeddable":true,"href":"https:\/\/www.bunzyland.com\/nl\/wp-json\/wp\/v2\/product_brand?post=12619"},{"taxonomy":"product_cat","embeddable":true,"href":"https:\/\/www.bunzyland.com\/nl\/wp-json\/wp\/v2\/product_cat?post=12619"},{"taxonomy":"product_tag","embeddable":true,"href":"https:\/\/www.bunzyland.com\/nl\/wp-json\/wp\/v2\/product_tag?post=12619"}],"curies":[{"name":"wp","href":"https:\/\/api.w.org\/{rel}","templated":true}]}}